{"id":39747,"date":"2024-08-26T13:35:02","date_gmt":"2024-09-09T14:49:39","guid":{"rendered":"https:\/\/staging.nbg.eu\/product\/vanward-felt\/"},"modified":"2024-09-09T14:50:57","modified_gmt":"2024-09-09T14:50:57","slug":"vanward-ultra-usor","status":"publish","type":"product","link":"https:\/\/staging.nbg.eu\/ro\/produs\/vanward-ultra-usor\/","title":{"rendered":"Vanward Ultra Usor"},"content":{"rendered":"<div class=\"product-description\">\n<h2>Amortizor Vanward Felt<\/h2>\n<p>Experimenta\u021bi urm\u0103toarea evolu\u021bie \u00een tehnologia amortizoarelor cu Vanward Felt, dezvoltat din amortizoarele imprimate 3D ale TE-Titan.<\/p>\n<h2>Caracteristici principale:<\/h2>\n<ul>\n<li>Spa\u021biere optimizat\u0103 a deflectoarelor pentru o echilibrare superioar\u0103 a presiunii<\/li>\n<li>Design exterior hexagonal pentru rezisten\u021b\u0103 sporit\u0103 \u0219i r\u0103cire eficient\u0103<\/li>\n<li>Incredibil de u\u0219or, c\u00e2nt\u0103rind doar 171 de grame*<\/li>\n<li>Imprimat 3D dintr-o singur\u0103 bucat\u0103 de Titan de grad 5<\/li>\n<li>Sec\u021biune filetat\u0103 din o\u021bel inoxidabil<\/li>\n<li>Rezistent la ap\u0103, solu\u021bii saline \u0219i gaze de arm\u0103<\/li>\n<li>Aderen\u021b\u0103 minim\u0103 a reziduurilor de pulbere<\/li>\n<\/ul>\n<h2>Specifica\u021bii:<\/h2>\n<ul>\n<li>Calibre disponibile: .223, .264, .30<\/li>\n<li>Tipuri de filet: M18x1, M15x1, M14x1, 1\/2*28<\/li>\n<li>Dimensiuni: \u00d842mm x 130mm lungime<\/li>\n<\/ul>\n<p>Proiectat cu contribu\u021bia celor mai buni tr\u0103g\u0103tori din domeniu, Vanward Felt ofer\u0103 siguran\u021b\u0103, rezisten\u021b\u0103 \u0219i performan\u021b\u0103 f\u0103r\u0103 egal. Aripile sale integrate de r\u0103cire \u0219i designul u\u0219or \u00eel fac ideal pentru aplica\u021bii de tragere \u00een teren.<\/p>\n<p><em>*Greutatea pentru tipul de filet M14x1<\/em><\/p>\n<\/div>\n","protected":false},"excerpt":{"rendered":"<p>Amortizor de zgomot u\u0219or, din titan imprimat 3D, cu design optimizat.<\/p>\n","protected":false},"featured_media":32232,"template":"","meta":{"_acf_changed":false},"product_brand":[11936],"product_cat":[12795,12730,12748],"product_tag":[],"class_list":{"0":"post-39747","1":"product","2":"type-product","3":"status-publish","4":"has-post-thumbnail","6":"product_brand-vanward","7":"product_cat-pusca","8":"product_cat-supresoare","9":"product_cat-supresoare-pentru-pusti","11":"first","12":"instock","13":"taxable","14":"shipping-taxable","15":"purchasable","16":"product-type-variable","17":"wvs-archive-product-wrapper"},"acf":[],"_links":{"self":[{"href":"https:\/\/staging.nbg.eu\/ro\/wp-json\/wp\/v2\/product\/39747","targetHints":{"allow":["GET"]}}],"collection":[{"href":"https:\/\/staging.nbg.eu\/ro\/wp-json\/wp\/v2\/product"}],"about":[{"href":"https:\/\/staging.nbg.eu\/ro\/wp-json\/wp\/v2\/types\/product"}],"wp:featuredmedia":[{"embeddable":true,"href":"https:\/\/staging.nbg.eu\/ro\/wp-json\/wp\/v2\/media\/32232"}],"wp:attachment":[{"href":"https:\/\/staging.nbg.eu\/ro\/wp-json\/wp\/v2\/media?parent=39747"}],"wp:term":[{"taxonomy":"product_brand","embeddable":true,"href":"https:\/\/staging.nbg.eu\/ro\/wp-json\/wp\/v2\/product_brand?post=39747"},{"taxonomy":"product_cat","embeddable":true,"href":"https:\/\/staging.nbg.eu\/ro\/wp-json\/wp\/v2\/product_cat?post=39747"},{"taxonomy":"product_tag","embeddable":true,"href":"https:\/\/staging.nbg.eu\/ro\/wp-json\/wp\/v2\/product_tag?post=39747"}],"curies":[{"name":"wp","href":"https:\/\/api.w.org\/{rel}","templated":true}]}}