{"id":38660,"date":"2024-08-26T13:54:16","date_gmt":"2024-09-09T14:39:21","guid":{"rendered":"https:\/\/staging.nbg.eu\/product\/vanward-ultra-light\/"},"modified":"2025-05-01T17:51:19","modified_gmt":"2025-05-01T17:51:19","slug":"bcm-inel-rotativ-curea-detasare-rapida-design-rezistent","status":"publish","type":"product","link":"https:\/\/staging.nbg.eu\/ro\/produs\/bcm-inel-rotativ-curea-detasare-rapida-design-rezistent\/","title":{"rendered":"BCM Inel Rotativ Curea Detasare Rapida &#8211; Design Rezistent"},"content":{"rendered":"<h2>Amortizor Ultra U\u0219or Vanward<\/h2>\n<p>Experimenta\u021bi o u\u0219urin\u021b\u0103 \u0219i performan\u021b\u0103 f\u0103r\u0103 precedent cu amortizorul Ultra U\u0219or Vanward. C\u00e2nt\u0103rind doar 137 de grame*, este cel mai u\u0219or din clasa sa f\u0103r\u0103 a compromite func\u021bionalitatea.<\/p>\n<h2>Caracteristici Principale:<\/h2>\n<ul>\n<li>Spa\u021biere optimizat\u0103 a deflectoarelor pentru o egalizare superioar\u0103 a presiunii<\/li>\n<li>Design exterior hexagonal pentru rezisten\u021b\u0103 \u0219i r\u0103cire \u00eembun\u0103t\u0103\u021bite<\/li>\n<li>Imprimat 3D dintr-o singur\u0103 bucat\u0103 de Titan de gradul 5<\/li>\n<li>Extrem de durabil \u0219i rezistent la coroziune<\/li>\n<li>Disponibil \u00een calibrele .223, .264 \u0219i .30<\/li>\n<li>Tipuri de filet: M18x1, M15x1, M14x1, 1\/2*28<\/li>\n<\/ul>\n<h2>Specifica\u021bii:<\/h2>\n<ul>\n<li>Diametru: 42mm<\/li>\n<li>Lungime: 130mm<\/li>\n<li>Greutate: 137 grame* (modelul M18)<\/li>\n<\/ul>\n<p>Ridica\u021bi experien\u021ba dumneavoastr\u0103 de tragere la un nou nivel cu Vanward Ultra U\u0219or &#8211; unde inova\u021bia se \u00eent\u00e2lne\u0219te cu performan\u021ba.<\/p>\n","protected":false},"excerpt":{"rendered":"<p>Amortizor de zgomot ultrau\u0219or din titan, 137g. Imprimat 3D, durabil, r\u0103cire eficient\u0103.<\/p>\n","protected":false},"featured_media":32440,"template":"","meta":{"_acf_changed":false},"product_brand":[11936],"product_cat":[12795,12730,12748],"product_tag":[],"class_list":{"0":"post-38660","1":"product","2":"type-product","3":"status-publish","4":"has-post-thumbnail","6":"product_brand-vanward","7":"product_cat-pusca","8":"product_cat-supresoare","9":"product_cat-supresoare-pentru-pusti","11":"first","12":"instock","13":"taxable","14":"shipping-taxable","15":"purchasable","16":"product-type-variable","17":"wvs-archive-product-wrapper"},"acf":[],"_links":{"self":[{"href":"https:\/\/staging.nbg.eu\/ro\/wp-json\/wp\/v2\/product\/38660","targetHints":{"allow":["GET"]}}],"collection":[{"href":"https:\/\/staging.nbg.eu\/ro\/wp-json\/wp\/v2\/product"}],"about":[{"href":"https:\/\/staging.nbg.eu\/ro\/wp-json\/wp\/v2\/types\/product"}],"wp:featuredmedia":[{"embeddable":true,"href":"https:\/\/staging.nbg.eu\/ro\/wp-json\/wp\/v2\/media\/32440"}],"wp:attachment":[{"href":"https:\/\/staging.nbg.eu\/ro\/wp-json\/wp\/v2\/media?parent=38660"}],"wp:term":[{"taxonomy":"product_brand","embeddable":true,"href":"https:\/\/staging.nbg.eu\/ro\/wp-json\/wp\/v2\/product_brand?post=38660"},{"taxonomy":"product_cat","embeddable":true,"href":"https:\/\/staging.nbg.eu\/ro\/wp-json\/wp\/v2\/product_cat?post=38660"},{"taxonomy":"product_tag","embeddable":true,"href":"https:\/\/staging.nbg.eu\/ro\/wp-json\/wp\/v2\/product_tag?post=38660"}],"curies":[{"name":"wp","href":"https:\/\/api.w.org\/{rel}","templated":true}]}}