{"id":37618,"date":"2024-09-02T10:54:46","date_gmt":"2024-09-02T10:54:46","guid":{"rendered":"https:\/\/staging.nbg.eu\/product\/bcm-quick-detach-sling-swivel-heavy-duty-design\/"},"modified":"2024-09-09T14:29:09","modified_gmt":"2024-09-09T14:29:09","slug":"bcm-suport-curea-detasabil-rapid-mcmr-sm-compatibil-m-lok","status":"publish","type":"product","link":"https:\/\/staging.nbg.eu\/ro\/produs\/bcm-suport-curea-detasabil-rapid-mcmr-sm-compatibil-m-lok\/","title":{"rendered":"BCM Suport Curea Detasabil Rapid MCMR-SM &#8211; Compatibil M-LOK"},"content":{"rendered":"<div class=\"product-description\">\n<h2>Inel de prindere pentru curea cu deta\u0219are rapid\u0103 BCM\u00ae (Design pentru sarcini grele)<\/h2>\n<p>\u00cembun\u0103t\u0103\u021bi\u021bi func\u021bionalitatea armei dumneavoastr\u0103 cu inelul de prindere pentru curea cu deta\u0219are rapid\u0103 BCM\u00ae, proiectat pentru durabilitate \u0219i fiabilitate.<\/p>\n<ul>\n<li>Designul cu buton la nivelul suprafe\u021bei previne eliberarea accidental\u0103, asigur\u00e2nd ata\u0219area sigur\u0103 a curelei<\/li>\n<li>Fabricat cu precizie din o\u021bel carbon cu finisaj de fosfat de mangan pentru o rezisten\u021b\u0103 superioar\u0103 la coroziune<\/li>\n<li>Debavurat prin rotire \u0219i sablat \u00eenainte de placare pentru o suprafa\u021b\u0103 neted\u0103, f\u0103r\u0103 ag\u0103\u021b\u0103turi<\/li>\n<li>Compatibil cu curele de 1-1\/4&#8243;, oferind versatilitate pentru diferite configura\u021bii<\/li>\n<li>Construc\u021bie robust\u0103 care rezist\u0103 la utilizare intensiv\u0103 \u00een medii solicitante<\/li>\n<\/ul>\n<p>Ave\u021bi \u00eencredere \u00een angajamentul BCM pentru calitate \u0219i performan\u021b\u0103. Acest inel de prindere pentru curea cu deta\u0219are rapid\u0103 este ad\u0103ugarea perfect\u0103 la echipamentul dumneavoastr\u0103 tactic, oferind ata\u0219are \u0219i deta\u0219are rapid\u0103 f\u0103r\u0103 a compromite securitatea.<\/p>\n<\/div>\n","protected":false},"excerpt":{"rendered":"<p>Suport de curea cu eliberare rapid\u0103 \u0219i de mare rezisten\u021b\u0103. Sigur, durabil, compatibil cu 1-1\/4&#8243;.<\/p>\n","protected":false},"featured_media":36989,"template":"","meta":{"_acf_changed":false},"product_brand":[11069],"product_cat":[12758,12795,12744],"product_tag":[],"class_list":{"0":"post-37618","1":"product","2":"type-product","3":"status-publish","4":"has-post-thumbnail","6":"product_brand-bcm","7":"product_cat-curele-de-purtare","8":"product_cat-pusca","9":"product_cat-reglaj-pusca","11":"first","12":"instock","13":"taxable","14":"shipping-taxable","15":"purchasable","16":"product-type-simple"},"acf":[],"_links":{"self":[{"href":"https:\/\/staging.nbg.eu\/ro\/wp-json\/wp\/v2\/product\/37618","targetHints":{"allow":["GET"]}}],"collection":[{"href":"https:\/\/staging.nbg.eu\/ro\/wp-json\/wp\/v2\/product"}],"about":[{"href":"https:\/\/staging.nbg.eu\/ro\/wp-json\/wp\/v2\/types\/product"}],"wp:featuredmedia":[{"embeddable":true,"href":"https:\/\/staging.nbg.eu\/ro\/wp-json\/wp\/v2\/media\/36989"}],"wp:attachment":[{"href":"https:\/\/staging.nbg.eu\/ro\/wp-json\/wp\/v2\/media?parent=37618"}],"wp:term":[{"taxonomy":"product_brand","embeddable":true,"href":"https:\/\/staging.nbg.eu\/ro\/wp-json\/wp\/v2\/product_brand?post=37618"},{"taxonomy":"product_cat","embeddable":true,"href":"https:\/\/staging.nbg.eu\/ro\/wp-json\/wp\/v2\/product_cat?post=37618"},{"taxonomy":"product_tag","embeddable":true,"href":"https:\/\/staging.nbg.eu\/ro\/wp-json\/wp\/v2\/product_tag?post=37618"}],"curies":[{"name":"wp","href":"https:\/\/api.w.org\/{rel}","templated":true}]}}