{"id":37595,"date":"2024-09-02T16:31:14","date_gmt":"2024-09-02T16:31:14","guid":{"rendered":"https:\/\/staging.nbg.eu\/product\/bcm-mcmr-sm-quick-detachable-sling-mount-m-lok-compatible\/"},"modified":"2024-09-09T14:22:12","modified_gmt":"2024-09-09T14:22:12","slug":"bcm-sina-picatinny-3-inch-aluminiu-compatibil-m-lok","status":"publish","type":"product","link":"https:\/\/staging.nbg.eu\/ro\/produs\/bcm-sina-picatinny-3-inch-aluminiu-compatibil-m-lok\/","title":{"rendered":"BCM Sina Picatinny 3 inch, Aluminiu &#8211; Compatibil M-LOK"},"content":{"rendered":"<div class=\"product-description\">\n<h2>Montur\u0103 pentru curea cu deta\u0219are rapid\u0103 BCM\u00ae MCMR-SM (Compatibil\u0103 cu M-LOK\u00ae*)<\/h2>\n<p>\u00cembun\u0103t\u0103\u021bi\u021bi versatilitatea armei dumneavoastr\u0103 cu montura pentru curea cu deta\u0219are rapid\u0103 BCM\u00ae MCMR-SM. Acest accesoriu cu profil redus este conceput pentru o mobilitate crescut\u0103 \u0219i un poten\u021bial redus de ag\u0103\u021bare, f\u0103c\u00e2ndu-l o ad\u0103ugare esen\u021bial\u0103 la configura\u021bia dumneavoastr\u0103 compatibil\u0103 cu M-LOK\u00ae.<\/p>\n<ul>\n<li>Compatibil cu M-LOK\u00ae pentru instalare u\u0219oar\u0103<\/li>\n<li>Accept\u0103 pivoturile standard cu buton de ap\u0103sare pentru deta\u0219are rapid\u0103 a curelei (neincluse)<\/li>\n<li>Interfa\u021b\u0103 de blocare ne-rotativ\u0103 cu 8 pozi\u021bii (360\u00b0) pentru pozi\u021bionarea optim\u0103 a curelei<\/li>\n<li>Construc\u021bie durabil\u0103, complet din o\u021bel, pentru performan\u021be de lung\u0103 durat\u0103<\/li>\n<\/ul>\n<p>Experimenta\u021bi o manevrabilitate \u00eembun\u0103t\u0103\u021bit\u0103 \u0219i o ata\u0219are rapid\u0103 a curelei cu aceast\u0103 montur\u0103 robust\u0103 \u0219i cu profil redus. Not\u0103: Pivotul pentru deta\u0219are rapid\u0103 a curelei se vinde separat.<\/p>\n<\/div>\n","protected":false},"excerpt":{"rendered":"<p>Montur\u0103 pentru curea BCM\u00ae MCMR-SM QD: Profil redus, compatibil\u0103 cu M-LOK.<\/p>\n","protected":false},"featured_media":37059,"template":"","meta":{"_acf_changed":false},"product_brand":[11069],"product_cat":[12758,12795,12744],"product_tag":[],"class_list":{"0":"post-37595","1":"product","2":"type-product","3":"status-publish","4":"has-post-thumbnail","6":"product_brand-bcm","7":"product_cat-curele-de-purtare","8":"product_cat-pusca","9":"product_cat-reglaj-pusca","11":"first","12":"instock","13":"taxable","14":"shipping-taxable","15":"purchasable","16":"product-type-simple"},"acf":[],"_links":{"self":[{"href":"https:\/\/staging.nbg.eu\/ro\/wp-json\/wp\/v2\/product\/37595","targetHints":{"allow":["GET"]}}],"collection":[{"href":"https:\/\/staging.nbg.eu\/ro\/wp-json\/wp\/v2\/product"}],"about":[{"href":"https:\/\/staging.nbg.eu\/ro\/wp-json\/wp\/v2\/types\/product"}],"wp:featuredmedia":[{"embeddable":true,"href":"https:\/\/staging.nbg.eu\/ro\/wp-json\/wp\/v2\/media\/37059"}],"wp:attachment":[{"href":"https:\/\/staging.nbg.eu\/ro\/wp-json\/wp\/v2\/media?parent=37595"}],"wp:term":[{"taxonomy":"product_brand","embeddable":true,"href":"https:\/\/staging.nbg.eu\/ro\/wp-json\/wp\/v2\/product_brand?post=37595"},{"taxonomy":"product_cat","embeddable":true,"href":"https:\/\/staging.nbg.eu\/ro\/wp-json\/wp\/v2\/product_cat?post=37595"},{"taxonomy":"product_tag","embeddable":true,"href":"https:\/\/staging.nbg.eu\/ro\/wp-json\/wp\/v2\/product_tag?post=37595"}],"curies":[{"name":"wp","href":"https:\/\/api.w.org\/{rel}","templated":true}]}}