{"id":37538,"date":"2024-09-02T16:37:54","date_gmt":"2024-09-02T16:37:54","guid":{"rendered":"https:\/\/staging.nbg.eu\/product\/bcm-kag-m-lok-compatible\/"},"modified":"2024-09-09T14:01:40","modified_gmt":"2024-09-09T14:01:40","slug":"condition-one-j-arm-45-170","status":"publish","type":"product","link":"https:\/\/staging.nbg.eu\/ro\/produs\/condition-one-j-arm-45-170\/","title":{"rendered":"Condition One J-Arm 45\u00b0 1.70"},"content":{"rendered":"<div class=\"product-description\">\n<h2>BCM\u00ae KAG &#8211; M\u00e2ner Kinestezic \u00cenclinat (Compatibil M-LOK\u00ae*)<\/h2>\n<p>\u00cembun\u0103t\u0103\u021bi\u021bi experien\u021ba dumneavoastr\u0103 de tragere cu BCM\u00ae KAG, o colaborare \u00eentre BCM\u00ae \u0219i Travis Haley de la Haley Strategic Partners. Acest m\u00e2ner inovator prezint\u0103:<\/p>\n<ul>\n<li>\u00cenclinare \u00eenainte biomecanic eficient\u0103 pentru reten\u021bie pozitiv\u0103<\/li>\n<li>U\u0219urare pentru \u00eencheietura m\u00e2inii, cot \u0219i um\u0103r<\/li>\n<li>Textur\u0103 \u00een fa\u021b\u0103 \u0219i \u00een spate pentru angajare consecvent\u0103<\/li>\n<li>Ideal pentru prinderea tip &#8222;C-clamp&#8221; \u0219i pozi\u021biile de tragere sprijinite<\/li>\n<li>Design compact pentru o manipulare \u00eembun\u0103t\u0103\u021bit\u0103 a armei<\/li>\n<li>Fabricat \u00een SUA din polimeri de \u00eenalt\u0103 calitate, rezisten\u021bi la impact<\/li>\n<\/ul>\n<p>Designul ergonomic al KAG-ului completeaz\u0103 prinderea modern\u0103 a armelor, permi\u021b\u00e2nd tranzi\u021bii line \u0219i eficien\u021b\u0103 sporit\u0103 f\u0103r\u0103 a ad\u0103uga volum sistemului dumneavoastr\u0103 de arm\u0103.<\/p>\n<\/div>\n","protected":false},"excerpt":{"rendered":"<p>BCM\u00ae KAG: M\u00e2ner ergonomic M-LOK\u00ae pentru un control \u00eembun\u0103t\u0103\u021bit al armei.<\/p>\n","protected":false},"featured_media":37362,"template":"","meta":{"_acf_changed":false},"product_brand":[11069],"product_cat":[12811],"product_tag":[],"class_list":{"0":"post-37538","1":"product","2":"type-product","3":"status-publish","4":"has-post-thumbnail","6":"product_brand-bcm","7":"product_cat-necategorizat","9":"first","10":"instock","11":"taxable","12":"shipping-taxable","13":"purchasable","14":"product-type-variable","15":"wvs-archive-product-wrapper"},"acf":[],"_links":{"self":[{"href":"https:\/\/staging.nbg.eu\/ro\/wp-json\/wp\/v2\/product\/37538","targetHints":{"allow":["GET"]}}],"collection":[{"href":"https:\/\/staging.nbg.eu\/ro\/wp-json\/wp\/v2\/product"}],"about":[{"href":"https:\/\/staging.nbg.eu\/ro\/wp-json\/wp\/v2\/types\/product"}],"wp:featuredmedia":[{"embeddable":true,"href":"https:\/\/staging.nbg.eu\/ro\/wp-json\/wp\/v2\/media\/37362"}],"wp:attachment":[{"href":"https:\/\/staging.nbg.eu\/ro\/wp-json\/wp\/v2\/media?parent=37538"}],"wp:term":[{"taxonomy":"product_brand","embeddable":true,"href":"https:\/\/staging.nbg.eu\/ro\/wp-json\/wp\/v2\/product_brand?post=37538"},{"taxonomy":"product_cat","embeddable":true,"href":"https:\/\/staging.nbg.eu\/ro\/wp-json\/wp\/v2\/product_cat?post=37538"},{"taxonomy":"product_tag","embeddable":true,"href":"https:\/\/staging.nbg.eu\/ro\/wp-json\/wp\/v2\/product_tag?post=37538"}],"curies":[{"name":"wp","href":"https:\/\/api.w.org\/{rel}","templated":true}]}}