{"id":36406,"date":"2024-07-29T19:14:09","date_gmt":"2024-09-02T14:17:18","guid":{"rendered":"https:\/\/staging.nbg.eu\/product\/ten-speed-cummerbund-flap-triple-m4\/"},"modified":"2025-02-16T16:01:12","modified_gmt":"2025-02-16T16:01:12","slug":"mag-now-pusa-simpla-m4","status":"publish","type":"product","link":"https:\/\/staging.nbg.eu\/ro\/produs\/mag-now-pusa-simpla-m4\/","title":{"rendered":"MAG NOW! Pusa Simpla M4"},"content":{"rendered":"<div class=\"product-description\">\n<h2>Panou Triple pentru \u00cenc\u0103rc\u0103toare Stackabil Ten-Speed\u00ae pentru Crye Precision\u00ae AVS \/ JPC \/ AirLite de la BlueForceGear<\/h2>\n<p>Panou pentru echipament tactic Ten-Speed\u00ae Stackable Triple Magazine, conceput pentru platformele Crye Precision\u00ae AVS, JPC \u0219i AirLite. Acest panou include:<\/p>\n<ul>\n<li>Construc\u021bie u\u0219oar\u0103 \u0219i durabil\u0103<\/li>\n<li>\u021aine \u00een siguran\u021b\u0103 trei \u00eenc\u0103rc\u0103toare de pu\u0219c\u0103<\/li>\n<li>Elastic Ten-Speed\u00ae pentru acces rapid \u0219i reten\u021bie<\/li>\n<li>Design stackabil pentru configura\u021bii personalizabile<\/li>\n<li>Compatibil cu sistemul MOLLE\/PALS<\/li>\n<li>Fabricat \u00een SUA<\/li>\n<\/ul>\n<p>Panou pentru \u00eenc\u0103rc\u0103toare de la BlueForceGear pentru eficien\u021b\u0103 \u0219i adaptabilitate \u00een teren.<\/p>\n<\/div>\n","protected":false},"excerpt":{"rendered":"<p>Panou triplu versatil pentru echipamente Crye Precision\u00ae. Acces rapid, design care permite stivuirea.<\/p>\n","protected":false},"featured_media":0,"template":"","meta":{"_acf_changed":false},"product_brand":[11140],"product_cat":[12762,12753,12738],"product_tag":[],"class_list":{"0":"post-36406","1":"product","2":"type-product","3":"status-publish","5":"product_brand-blue-force-gear","6":"product_cat-echipament","7":"product_cat-genti-tactice","8":"product_cat-suporturi-pentru-incarcatoare","10":"first","11":"instock","12":"taxable","13":"shipping-taxable","14":"purchasable","15":"product-type-variable","16":"wvs-archive-product-wrapper"},"acf":[],"_links":{"self":[{"href":"https:\/\/staging.nbg.eu\/ro\/wp-json\/wp\/v2\/product\/36406","targetHints":{"allow":["GET"]}}],"collection":[{"href":"https:\/\/staging.nbg.eu\/ro\/wp-json\/wp\/v2\/product"}],"about":[{"href":"https:\/\/staging.nbg.eu\/ro\/wp-json\/wp\/v2\/types\/product"}],"wp:attachment":[{"href":"https:\/\/staging.nbg.eu\/ro\/wp-json\/wp\/v2\/media?parent=36406"}],"wp:term":[{"taxonomy":"product_brand","embeddable":true,"href":"https:\/\/staging.nbg.eu\/ro\/wp-json\/wp\/v2\/product_brand?post=36406"},{"taxonomy":"product_cat","embeddable":true,"href":"https:\/\/staging.nbg.eu\/ro\/wp-json\/wp\/v2\/product_cat?post=36406"},{"taxonomy":"product_tag","embeddable":true,"href":"https:\/\/staging.nbg.eu\/ro\/wp-json\/wp\/v2\/product_tag?post=36406"}],"curies":[{"name":"wp","href":"https:\/\/api.w.org\/{rel}","templated":true}]}}