{"id":36350,"date":"2024-07-30T18:54:40","date_gmt":"2024-09-02T13:54:48","guid":{"rendered":"https:\/\/staging.nbg.eu\/product\/mag-now-single-m4-pouch\/"},"modified":"2024-09-02T13:55:44","modified_gmt":"2024-09-02T13:55:44","slug":"helium-whisper-geanta-accesorii-cu-fermoar","status":"publish","type":"product","link":"https:\/\/staging.nbg.eu\/ro\/produs\/helium-whisper-geanta-accesorii-cu-fermoar\/","title":{"rendered":"Helium Whisper Geanta Accesorii cu Fermoar"},"content":{"rendered":"<div class=\"product-description\">\n<h2>MAG NOW! PORT\u00ceNC\u0102RC\u0102TOR SIMPLU M4 de la BlueForceGear<\/h2>\n<p>Port\u00eenc\u0103rc\u0103torul MAG NOW! SIMPLU M4 este un suport de \u00eenc\u0103rc\u0103tor versatil \u0219i durabil, conceput pentru acces rapid \u0219i reten\u021bie sigur\u0103. Caracteristicile includ:<\/p>\n<ul>\n<li>Construc\u021bie ultrau\u0219oar\u0103 folosind materialul proprietar ULTRAcomp<\/li>\n<li>Reten\u021bie ajustabil\u0103 pentru diverse tipuri de \u00eenc\u0103rc\u0103toare<\/li>\n<li>Sistem de ata\u0219are compatibil MOLLE<\/li>\n<li>Design ambidextru pentru utilizare cu m\u00e2na st\u00e2ng\u0103 sau dreapt\u0103<\/li>\n<li>Form\u0103 cu profil redus pentru volum diminuat<\/li>\n<\/ul>\n<p>Perfect pentru militari, for\u021bele de ordine \u0219i tr\u0103g\u0103torii de competi\u021bie care necesit\u0103 schimb\u0103ri rapide de \u00eenc\u0103rc\u0103tor \u0219i echipament de \u00eencredere.<\/p>\n<\/div>\n","protected":false},"excerpt":{"rendered":"<p>Toc pentru \u00eenc\u0103rc\u0103tor M4 cu acces rapid \u0219i sigur. Design durabil \u0219i u\u0219or.<\/p>\n","protected":false},"featured_media":34722,"template":"","meta":{"_acf_changed":false},"product_brand":[11140],"product_cat":[12762,12753,12738],"product_tag":[],"class_list":{"0":"post-36350","1":"product","2":"type-product","3":"status-publish","4":"has-post-thumbnail","6":"product_brand-blue-force-gear","7":"product_cat-echipament","8":"product_cat-genti-tactice","9":"product_cat-suporturi-pentru-incarcatoare","11":"first","12":"instock","13":"taxable","14":"shipping-taxable","15":"purchasable","16":"product-type-variable","17":"wvs-archive-product-wrapper"},"acf":[],"_links":{"self":[{"href":"https:\/\/staging.nbg.eu\/ro\/wp-json\/wp\/v2\/product\/36350","targetHints":{"allow":["GET"]}}],"collection":[{"href":"https:\/\/staging.nbg.eu\/ro\/wp-json\/wp\/v2\/product"}],"about":[{"href":"https:\/\/staging.nbg.eu\/ro\/wp-json\/wp\/v2\/types\/product"}],"wp:featuredmedia":[{"embeddable":true,"href":"https:\/\/staging.nbg.eu\/ro\/wp-json\/wp\/v2\/media\/34722"}],"wp:attachment":[{"href":"https:\/\/staging.nbg.eu\/ro\/wp-json\/wp\/v2\/media?parent=36350"}],"wp:term":[{"taxonomy":"product_brand","embeddable":true,"href":"https:\/\/staging.nbg.eu\/ro\/wp-json\/wp\/v2\/product_brand?post=36350"},{"taxonomy":"product_cat","embeddable":true,"href":"https:\/\/staging.nbg.eu\/ro\/wp-json\/wp\/v2\/product_cat?post=36350"},{"taxonomy":"product_tag","embeddable":true,"href":"https:\/\/staging.nbg.eu\/ro\/wp-json\/wp\/v2\/product_tag?post=36350"}],"curies":[{"name":"wp","href":"https:\/\/api.w.org\/{rel}","templated":true}]}}