{"id":34720,"date":"2024-07-30T19:26:43","date_gmt":"2024-08-27T14:30:16","guid":{"rendered":"https:\/\/staging.nbg.eu\/product\/mag-now-triple-m4-pouch\/"},"modified":"2024-08-27T14:31:15","modified_gmt":"2024-08-27T14:31:15","slug":"toc-triplu-m4-mag-now","status":"publish","type":"product","link":"https:\/\/staging.nbg.eu\/ro\/produs\/toc-triplu-m4-mag-now\/","title":{"rendered":"Toc Triplu M4 MAG NOW"},"content":{"rendered":"<p><strong>MAG NOW! TRIPLE M4 POUCH<\/strong> de la BlueForceGear este un suport pentru \u00eenc\u0103rc\u0103toare de \u00eenalt\u0103 performan\u021b\u0103, conceput pentru profesioni\u0219tii \u0219i entuzia\u0219tii tactici. Caracteristicile includ:<\/p>\n<ul>\n<li>\u021aine \u00een siguran\u021b\u0103 trei \u00eenc\u0103rc\u0103toare de 30 de cartu\u0219e pentru M4\/AR-15<\/li>\n<li>Construc\u021bie durabil\u0103 din nailon Cordura 500D<\/li>\n<li>Sistem de ata\u0219are Helium Whisper pentru compatibilitate u\u0219oar\u0103 cu MOLLE<\/li>\n<li>Curele elastice de re\u021binere pentru acces rapid<\/li>\n<li>Design cu profil redus pentru volum minim<\/li>\n<li>Disponibil \u00een mai multe culori pentru a se potrivi cu echipamentul t\u0103u<\/li>\n<\/ul>\n<p>\u00cembun\u0103t\u0103\u021be\u0219te-\u021bi echipamentul cu aceast\u0103 geant\u0103 versatil\u0103 \u0219i fiabil\u0103, care asigur\u0103 schimb\u0103ri rapide ale \u00eenc\u0103rc\u0103toarelor atunci c\u00e2nd fiecare secund\u0103 conteaz\u0103.<\/p>\n","protected":false},"excerpt":{"rendered":"<p>Toc triplu securizat pentru \u00eenc\u0103rc\u0103toare M4. Acces rapid. Design durabil.<\/p>\n","protected":false},"featured_media":34721,"template":"","meta":{"_acf_changed":false},"product_brand":[11140],"product_cat":[12762,12753,12738],"product_tag":[],"class_list":{"0":"post-34720","1":"product","2":"type-product","3":"status-publish","4":"has-post-thumbnail","6":"product_brand-blue-force-gear","7":"product_cat-echipament","8":"product_cat-genti-tactice","9":"product_cat-suporturi-pentru-incarcatoare","11":"first","12":"instock","13":"taxable","14":"shipping-taxable","15":"purchasable","16":"product-type-variable","17":"wvs-archive-product-wrapper"},"acf":[],"_links":{"self":[{"href":"https:\/\/staging.nbg.eu\/ro\/wp-json\/wp\/v2\/product\/34720","targetHints":{"allow":["GET"]}}],"collection":[{"href":"https:\/\/staging.nbg.eu\/ro\/wp-json\/wp\/v2\/product"}],"about":[{"href":"https:\/\/staging.nbg.eu\/ro\/wp-json\/wp\/v2\/types\/product"}],"wp:featuredmedia":[{"embeddable":true,"href":"https:\/\/staging.nbg.eu\/ro\/wp-json\/wp\/v2\/media\/34721"}],"wp:attachment":[{"href":"https:\/\/staging.nbg.eu\/ro\/wp-json\/wp\/v2\/media?parent=34720"}],"wp:term":[{"taxonomy":"product_brand","embeddable":true,"href":"https:\/\/staging.nbg.eu\/ro\/wp-json\/wp\/v2\/product_brand?post=34720"},{"taxonomy":"product_cat","embeddable":true,"href":"https:\/\/staging.nbg.eu\/ro\/wp-json\/wp\/v2\/product_cat?post=34720"},{"taxonomy":"product_tag","embeddable":true,"href":"https:\/\/staging.nbg.eu\/ro\/wp-json\/wp\/v2\/product_tag?post=34720"}],"curies":[{"name":"wp","href":"https:\/\/api.w.org\/{rel}","templated":true}]}}