{"id":34544,"date":"2024-07-30T19:30:06","date_gmt":"2024-08-27T14:18:16","guid":{"rendered":"https:\/\/staging.nbg.eu\/product\/admin-pouch\/"},"modified":"2024-08-27T14:19:31","modified_gmt":"2024-08-27T14:19:31","slug":"borseta-admin","status":"publish","type":"product","link":"https:\/\/staging.nbg.eu\/ro\/produs\/borseta-admin\/","title":{"rendered":"Borseta Admin"},"content":{"rendered":"<div class=\"product-description\">\n<h2>Geant\u0103 administrativ\u0103 BlueForceGear<\/h2>\n<p>R\u0103m\u00e2ne\u021bi organizat pe teren cu geanta administrativ\u0103 BlueForceGear. Aceast\u0103 geant\u0103 versatil\u0103 este perfect\u0103 pentru depozitarea \u0219i accesarea echipamentului esen\u021bial:<\/p>\n<ul>\n<li>Construc\u021bie durabil\u0103 din Cordura 500D<\/li>\n<li>Compatibil\u0103 cu sistemul MOLLE pentru ata\u0219are u\u0219oar\u0103<\/li>\n<li>Multiple buzunare interioare \u0219i bucle elastice<\/li>\n<li>\u00cenchidere sigur\u0103 cu fermoar<\/li>\n<li>Disponibil\u0103 \u00een mai multe culori<\/li>\n<\/ul>\n<p>Ideal\u0103 pentru militari, for\u021bele de ordine \u0219i entuzia\u0219tii activit\u0103\u021bilor \u00een aer liber. P\u0103stra\u021bi-v\u0103 obiectele administrative organizate \u0219i u\u0219or accesibile cu aceast\u0103 geant\u0103 robust\u0103 \u0219i func\u021bional\u0103.<\/p>\n<\/div>\n","protected":false},"excerpt":{"rendered":"<p>Geant\u0103 administrativ\u0103 compact\u0103 \u0219i versatil\u0103 pentru organizarea echipamentelor esen\u021biale \u00een mi\u0219care.<\/p>\n","protected":false},"featured_media":34551,"template":"","meta":{"_acf_changed":false},"product_brand":[11140],"product_cat":[12762,12753],"product_tag":[],"class_list":{"0":"post-34544","1":"product","2":"type-product","3":"status-publish","4":"has-post-thumbnail","6":"product_brand-blue-force-gear","7":"product_cat-echipament","8":"product_cat-genti-tactice","10":"first","11":"instock","12":"taxable","13":"shipping-taxable","14":"purchasable","15":"product-type-variable","16":"wvs-archive-product-wrapper"},"acf":[],"_links":{"self":[{"href":"https:\/\/staging.nbg.eu\/ro\/wp-json\/wp\/v2\/product\/34544","targetHints":{"allow":["GET"]}}],"collection":[{"href":"https:\/\/staging.nbg.eu\/ro\/wp-json\/wp\/v2\/product"}],"about":[{"href":"https:\/\/staging.nbg.eu\/ro\/wp-json\/wp\/v2\/types\/product"}],"wp:featuredmedia":[{"embeddable":true,"href":"https:\/\/staging.nbg.eu\/ro\/wp-json\/wp\/v2\/media\/34551"}],"wp:attachment":[{"href":"https:\/\/staging.nbg.eu\/ro\/wp-json\/wp\/v2\/media?parent=34544"}],"wp:term":[{"taxonomy":"product_brand","embeddable":true,"href":"https:\/\/staging.nbg.eu\/ro\/wp-json\/wp\/v2\/product_brand?post=34544"},{"taxonomy":"product_cat","embeddable":true,"href":"https:\/\/staging.nbg.eu\/ro\/wp-json\/wp\/v2\/product_cat?post=34544"},{"taxonomy":"product_tag","embeddable":true,"href":"https:\/\/staging.nbg.eu\/ro\/wp-json\/wp\/v2\/product_tag?post=34544"}],"curies":[{"name":"wp","href":"https:\/\/api.w.org\/{rel}","templated":true}]}}