{"id":33762,"date":"2024-07-30T19:33:04","date_gmt":"2024-08-27T13:14:34","guid":{"rendered":"https:\/\/staging.nbg.eu\/product\/mag-now-single-pistol-pouch-bullets-flat\/"},"modified":"2024-08-27T13:15:45","modified_gmt":"2024-08-27T13:15:45","slug":"toc-simplu-incarcator-pistol-mag-now-gloante-pe-plat","status":"publish","type":"product","link":"https:\/\/staging.nbg.eu\/ro\/produs\/toc-simplu-incarcator-pistol-mag-now-gloante-pe-plat\/","title":{"rendered":"Toc Simplu Incarcator Pistol MAG NOW (Gloante Pe Plat)"},"content":{"rendered":"<p>\n<strong>MAG NOW! SINGLE PISTOL POUCH (BULLETS FLAT)<\/strong> de la Blue Force Gear este o solu\u021bie versatil\u0103 \u0219i durabil\u0103 pentru transportul \u00eenc\u0103rc\u0103torului pistolului. Caracteristici:<\/p>\n<ul>\n<li>Design discret pentru purtare discret\u0103<\/li>\n<li>Reten\u021bie sigur\u0103 cu capacitate de eliberare rapid\u0103<\/li>\n<li>Compatibil cu majoritatea \u00eenc\u0103rc\u0103toarelor de pistol cu stiv\u0103 dubl\u0103<\/li>\n<li>Construc\u021bie u\u0219oar\u0103 din ULTRAcomp<\/li>\n<li>Compatibil cu sistemul MOLLE\/PALS<\/li>\n<li>Disponibil \u00een mai multe culori<\/li>\n<\/ul>\n<p>Perfect pentru utilizare militar\u0103, de aplicare a legii \u0219i civil\u0103, acest port-\u00eenc\u0103rc\u0103tor ofer\u0103 acces rapid \u0219i performan\u021b\u0103 fiabil\u0103 \u00een orice situa\u021bie. \u00cembun\u0103t\u0103\u021bi\u021bi-v\u0103 echipamentul cu designul inovator al Blue Force Gear.<\/p>\n","protected":false},"excerpt":{"rendered":"<p>Toc sub\u021bire \u0219i sigur pentru \u00eenc\u0103rc\u0103torul de pistol. Gloan\u021be plate. Design pentru acces rapid.<\/p>\n","protected":false},"featured_media":33763,"template":"","meta":{"_acf_changed":false},"product_brand":[11140],"product_cat":[12762,12753],"product_tag":[],"class_list":{"0":"post-33762","1":"product","2":"type-product","3":"status-publish","4":"has-post-thumbnail","6":"product_brand-blue-force-gear","7":"product_cat-echipament","8":"product_cat-genti-tactice","10":"first","11":"instock","12":"taxable","13":"shipping-taxable","14":"purchasable","15":"product-type-variable","16":"wvs-archive-product-wrapper"},"acf":[],"_links":{"self":[{"href":"https:\/\/staging.nbg.eu\/ro\/wp-json\/wp\/v2\/product\/33762","targetHints":{"allow":["GET"]}}],"collection":[{"href":"https:\/\/staging.nbg.eu\/ro\/wp-json\/wp\/v2\/product"}],"about":[{"href":"https:\/\/staging.nbg.eu\/ro\/wp-json\/wp\/v2\/types\/product"}],"wp:featuredmedia":[{"embeddable":true,"href":"https:\/\/staging.nbg.eu\/ro\/wp-json\/wp\/v2\/media\/33763"}],"wp:attachment":[{"href":"https:\/\/staging.nbg.eu\/ro\/wp-json\/wp\/v2\/media?parent=33762"}],"wp:term":[{"taxonomy":"product_brand","embeddable":true,"href":"https:\/\/staging.nbg.eu\/ro\/wp-json\/wp\/v2\/product_brand?post=33762"},{"taxonomy":"product_cat","embeddable":true,"href":"https:\/\/staging.nbg.eu\/ro\/wp-json\/wp\/v2\/product_cat?post=33762"},{"taxonomy":"product_tag","embeddable":true,"href":"https:\/\/staging.nbg.eu\/ro\/wp-json\/wp\/v2\/product_tag?post=33762"}],"curies":[{"name":"wp","href":"https:\/\/api.w.org\/{rel}","templated":true}]}}