{"id":31637,"date":"2024-08-18T19:30:03","date_gmt":"2024-08-24T13:46:58","guid":{"rendered":"https:\/\/staging.nbg.eu\/product\/daa-22x22mm-target-patches\/"},"modified":"2024-09-10T07:36:16","modified_gmt":"2024-09-10T07:36:16","slug":"petice-tinta-daa-22x22mm","status":"publish","type":"product","link":"https:\/\/staging.nbg.eu\/ro\/produs\/petice-tinta-daa-22x22mm\/","title":{"rendered":"Petice Tinta Daa 22X22Mm"},"content":{"rendered":"<div class=\"product-description\">\n<h2>Petice pentru \u021bint\u0103 DAA 22x22mm<\/h2>\n<p>\u00cembun\u0103t\u0103\u021bi\u021bi experien\u021ba dumneavoastr\u0103 de tragere cu peticele pentru \u021bint\u0103 personalizate DAA, concepute pentru a se potrivi perfect cu \u021bintele obi\u0219nuite din carton.<\/p>\n<ul>\n<li>Culoare potrivit\u0103 pentru o aplicare aproape invizibil\u0103 pe \u021bintele obi\u0219nuite<\/li>\n<li>Design p\u0103trat unic de 22x22mm pentru o acoperire mai mare<\/li>\n<li>Mai u\u0219or \u0219i mai rapid de aplicat dec\u00e2t peticele rotunde standard<\/li>\n<li>1.000 de petice pe rol\u0103, 10 role pe man\u0219on<\/li>\n<\/ul>\n<p>Aceste petice premium ofer\u0103 o acoperire \u0219i o eficien\u021b\u0103 superioare \u00een compara\u021bie cu peticele rotunde standard de 20mm. Forma lor p\u0103trat\u0103 permite o aplicare mai rapid\u0103, f\u0103r\u0103 a fi nevoie de o \u021bintire precis\u0103. Indiferent dac\u0103 sunte\u021bi un tr\u0103g\u0103tor profesionist sau recrea\u021bional, peticele pentru \u021bint\u0103 DAA ofer\u0103 o solu\u021bie perfect\u0103 pentru prelungirea duratei de via\u021b\u0103 a \u021bintelor dumneavoastr\u0103 \u00een orice condi\u021bii meteorologice.<\/p>\n<\/div>\n","protected":false},"excerpt":{"rendered":"<p>Petice \u021bint\u0103 rezistente la intemperii, 22x22mm. 1000\/rol\u0103, 10 role\/pachet.<\/p>\n","protected":false},"featured_media":29109,"template":"","meta":{"_acf_changed":false},"product_brand":[11281],"product_cat":[12760,12793,12768],"product_tag":[],"class_list":{"0":"post-31637","1":"product","2":"type-product","3":"status-publish","4":"has-post-thumbnail","6":"product_brand-doublealpha","7":"product_cat-petice-si-pistoale-de-peticit","8":"product_cat-tinte","9":"product_cat-tinte-de-hartie","11":"first","12":"instock","13":"taxable","14":"shipping-taxable","15":"purchasable","16":"product-type-variable","17":"wvs-archive-product-wrapper"},"acf":[],"_links":{"self":[{"href":"https:\/\/staging.nbg.eu\/ro\/wp-json\/wp\/v2\/product\/31637","targetHints":{"allow":["GET"]}}],"collection":[{"href":"https:\/\/staging.nbg.eu\/ro\/wp-json\/wp\/v2\/product"}],"about":[{"href":"https:\/\/staging.nbg.eu\/ro\/wp-json\/wp\/v2\/types\/product"}],"wp:featuredmedia":[{"embeddable":true,"href":"https:\/\/staging.nbg.eu\/ro\/wp-json\/wp\/v2\/media\/29109"}],"wp:attachment":[{"href":"https:\/\/staging.nbg.eu\/ro\/wp-json\/wp\/v2\/media?parent=31637"}],"wp:term":[{"taxonomy":"product_brand","embeddable":true,"href":"https:\/\/staging.nbg.eu\/ro\/wp-json\/wp\/v2\/product_brand?post=31637"},{"taxonomy":"product_cat","embeddable":true,"href":"https:\/\/staging.nbg.eu\/ro\/wp-json\/wp\/v2\/product_cat?post=31637"},{"taxonomy":"product_tag","embeddable":true,"href":"https:\/\/staging.nbg.eu\/ro\/wp-json\/wp\/v2\/product_tag?post=31637"}],"curies":[{"name":"wp","href":"https:\/\/api.w.org\/{rel}","templated":true}]}}