{"id":31567,"date":"2024-08-18T19:35:37","date_gmt":"2024-08-24T13:44:47","guid":{"rendered":"https:\/\/staging.nbg.eu\/product\/mr-bulletfeeder-by-double-alpha-gen-2\/"},"modified":"2024-08-24T13:45:59","modified_gmt":"2024-08-24T13:45:59","slug":"mrbulletfeeder-de-la-double-alpha-gen-2","status":"publish","type":"product","link":"https:\/\/staging.nbg.eu\/ro\/produs\/mrbulletfeeder-de-la-double-alpha-gen-2\/","title":{"rendered":"Mr.Bulletfeeder de la Double-Alpha Gen 2"},"content":{"rendered":"<div class=\"product-description\">\n<h2>Mr.Bulletfeeder By Double-Alpha Gen 2<\/h2>\n<p>Revolu\u021biona\u021bi procesul de re\u00eenc\u0103rcare cu Mr.Bulletfeeder By Double-Alpha Gen 2. Acest sistem avansat de alimentare cu gloan\u021be se integreaz\u0103 perfect cu presa dumneavoastr\u0103 progresiv\u0103 de re\u00eenc\u0103rcare, cresc\u00e2nd dramatic viteza \u0219i eficien\u021ba produc\u021biei.<\/p>\n<ul>\n<li>Compatibil cu mai multe calibre<\/li>\n<li>U\u0219or de instalat \u0219i reglat<\/li>\n<li>Proiectat cu precizie pentru performan\u021b\u0103 fiabil\u0103<\/li>\n<li>Reduce manipularea manual\u0103 pentru o re\u00eenc\u0103rcare mai sigur\u0103<\/li>\n<li>Construc\u021bie durabil\u0103 pentru o utilizare \u00eendelungat\u0103<\/li>\n<\/ul>\n<p>\u00cembun\u0103t\u0103\u021bi\u021bi-v\u0103 echipamentul de re\u00eenc\u0103rcare ast\u0103zi \u0219i experimenta\u021bi diferen\u021ba cu Mr.Bulletfeeder Gen 2!<\/p>\n<\/div>\n","protected":false},"excerpt":{"rendered":"<p>Alimentator de cartu\u0219e eficient pentru re\u00eenc\u0103rcare rapid\u0103 \u0219i precis\u0103. Cre\u0219te productivitatea.<\/p>\n","protected":false},"featured_media":29316,"template":"","meta":{"_acf_changed":false},"product_brand":[11281],"product_cat":[12763,12791],"product_tag":[],"class_list":{"0":"post-31567","1":"product","2":"type-product","3":"status-publish","4":"has-post-thumbnail","6":"product_brand-doublealpha","7":"product_cat-masini-de-reincarcare","8":"product_cat-reincarcare","10":"first","11":"instock","12":"taxable","13":"shipping-taxable","14":"purchasable","15":"product-type-variable","16":"wvs-archive-product-wrapper"},"acf":[],"_links":{"self":[{"href":"https:\/\/staging.nbg.eu\/ro\/wp-json\/wp\/v2\/product\/31567","targetHints":{"allow":["GET"]}}],"collection":[{"href":"https:\/\/staging.nbg.eu\/ro\/wp-json\/wp\/v2\/product"}],"about":[{"href":"https:\/\/staging.nbg.eu\/ro\/wp-json\/wp\/v2\/types\/product"}],"wp:featuredmedia":[{"embeddable":true,"href":"https:\/\/staging.nbg.eu\/ro\/wp-json\/wp\/v2\/media\/29316"}],"wp:attachment":[{"href":"https:\/\/staging.nbg.eu\/ro\/wp-json\/wp\/v2\/media?parent=31567"}],"wp:term":[{"taxonomy":"product_brand","embeddable":true,"href":"https:\/\/staging.nbg.eu\/ro\/wp-json\/wp\/v2\/product_brand?post=31567"},{"taxonomy":"product_cat","embeddable":true,"href":"https:\/\/staging.nbg.eu\/ro\/wp-json\/wp\/v2\/product_cat?post=31567"},{"taxonomy":"product_tag","embeddable":true,"href":"https:\/\/staging.nbg.eu\/ro\/wp-json\/wp\/v2\/product_tag?post=31567"}],"curies":[{"name":"wp","href":"https:\/\/api.w.org\/{rel}","templated":true}]}}