{"id":31019,"date":"2024-08-18T19:55:34","date_gmt":"2024-08-24T13:24:13","guid":{"rendered":"https:\/\/staging.nbg.eu\/product\/produs-3\/"},"modified":"2024-08-24T13:26:27","modified_gmt":"2024-08-24T13:26:27","slug":"casca-de-protectie-auditiva-sordin-supreme-pro-x","status":"publish","type":"product","link":"https:\/\/staging.nbg.eu\/ro\/produs\/casca-de-protectie-auditiva-sordin-supreme-pro-x\/","title":{"rendered":"Casca de Protectie Auditiva Sordin Supreme-Pro X"},"content":{"rendered":"<div class=\"product-description\">\n<h2>Protec\u021bie auditiv\u0103 Sordin Supreme-Pro X<\/h2>\n<p>Experimenta\u021bi o protec\u021bie auditiv\u0103 superioar\u0103 cu Sordin Supreme-Pro X. Aceste c\u0103\u0219ti avansate ofer\u0103:<\/p>\n<ul>\n<li>Anulare activ\u0103 a zgomotului pentru siguran\u021b\u0103 optim\u0103<\/li>\n<li>Amplificare a sunetelor ambientale pentru con\u0219tientizarea situa\u021biei<\/li>\n<li>Design impermeabil pentru utilizare \u00een orice condi\u021bii meteorologice<\/li>\n<li>Potrivire confortabil\u0103 \u0219i ergonomic\u0103 pentru purtare prelungit\u0103<\/li>\n<li>Profil sub\u021bire pentru integrare perfect\u0103 cu alte echipamente<\/li>\n<\/ul>\n<p>Perfecte pentru tir, v\u00e2n\u0103toare sau aplica\u021bii industriale, Supreme-Pro X ofer\u0103 o protec\u021bie auditiv\u0103 de neegalat f\u0103r\u0103 a compromite comunicarea sau con\u0219tientizarea mediului \u00eenconjur\u0103tor. Proteja\u021bi-v\u0103 auzul cu tehnologia de ultim\u0103 or\u0103 a Sordin.<\/p>\n<\/div>\n","protected":false},"excerpt":{"rendered":"<p>Here&#8217;s the translation in Romanian:<\/p>\n<p>Sordin Supreme-Pro X: Protec\u021bie auditiv\u0103 de elit\u0103 cu sunet de o claritate cristalin\u0103.<\/p>\n","protected":false},"featured_media":30282,"template":"","meta":{"_acf_changed":false},"product_brand":[],"product_cat":[12762,12811,12757],"product_tag":[],"class_list":{"0":"post-31019","1":"product","2":"type-product","3":"status-publish","4":"has-post-thumbnail","6":"product_cat-echipament","7":"product_cat-necategorizat","8":"product_cat-protectie-auditiva","10":"first","11":"instock","12":"taxable","13":"shipping-taxable","14":"purchasable","15":"product-type-variable","16":"wvs-archive-product-wrapper"},"acf":[],"_links":{"self":[{"href":"https:\/\/staging.nbg.eu\/ro\/wp-json\/wp\/v2\/product\/31019","targetHints":{"allow":["GET"]}}],"collection":[{"href":"https:\/\/staging.nbg.eu\/ro\/wp-json\/wp\/v2\/product"}],"about":[{"href":"https:\/\/staging.nbg.eu\/ro\/wp-json\/wp\/v2\/types\/product"}],"wp:featuredmedia":[{"embeddable":true,"href":"https:\/\/staging.nbg.eu\/ro\/wp-json\/wp\/v2\/media\/30282"}],"wp:attachment":[{"href":"https:\/\/staging.nbg.eu\/ro\/wp-json\/wp\/v2\/media?parent=31019"}],"wp:term":[{"taxonomy":"product_brand","embeddable":true,"href":"https:\/\/staging.nbg.eu\/ro\/wp-json\/wp\/v2\/product_brand?post=31019"},{"taxonomy":"product_cat","embeddable":true,"href":"https:\/\/staging.nbg.eu\/ro\/wp-json\/wp\/v2\/product_cat?post=31019"},{"taxonomy":"product_tag","embeddable":true,"href":"https:\/\/staging.nbg.eu\/ro\/wp-json\/wp\/v2\/product_tag?post=31019"}],"curies":[{"name":"wp","href":"https:\/\/api.w.org\/{rel}","templated":true}]}}