{"id":290602,"date":"2025-03-02T07:15:36","date_gmt":"2025-03-02T07:15:36","guid":{"rendered":"https:\/\/staging.nbg.eu\/prodcut\/two-vets-tripod-with-area-419-arcalock-dual-clamp-the-qdt-v2-ls-i\/"},"modified":"2025-03-27T10:51:03","modified_gmt":"2025-03-27T10:51:03","slug":"two-vets-trepied-cu-area-419-arcalock-clema-dubla-the-qdt-v2-ls-i","status":"publish","type":"product","link":"https:\/\/staging.nbg.eu\/ro\/produs\/two-vets-trepied-cu-area-419-arcalock-clema-dubla-the-qdt-v2-ls-i\/","title":{"rendered":"Two Vets Trepied cu Area 419 ARCALOCK Clema Dubla &#8211; The QDT V2 LS I"},"content":{"rendered":"<h2>Trepied Two Vets cu Clem\u0103 Dubl\u0103 Area 419 ARCALOCK &#8211; QDT V2 LS I<\/h2>\n<p>Prezent\u0103m GripChanger, cel mai nou accesoriu pentru tir. Aceast\u0103 geant\u0103 compact\u0103 de 1 livr\u0103 este potrivit\u0103 pentru construirea rapid\u0103 a pozi\u021biilor \u0219i utilizarea \u00een orificii mici. Designul s\u0103u aderent \u0219i dens \u00eei permite s\u0103 se fixeze pe orice suprafa\u021b\u0103, oferind o platform\u0103 stabil\u0103 c\u00e2nd ave\u021bi nevoie.<\/p>\n<h2>Kitul include:<\/h2>\n<ul>\n<li>1 Geant\u0103 personalizat\u0103 Area 419 GripChanger<\/li>\n<li>1 Clem\u0103 ARCALOCK<\/li>\n<li>1 Bra\u021b Area 419 Rail Changer<\/li>\n<\/ul>\n<p><strong>Dimensiuni:<\/strong> 25,4 cm \u00d7 7,62 cm \u00d7 5,08 cm<br \/>\n<strong>Produc\u0103tor:<\/strong> Armageddon Gear<\/p>\n<p>\u00cembun\u0103t\u0103\u021bi\u021bi experien\u021ba de tir cu kitul GripChanger versatil \u0219i fiabil.<\/p>\n","protected":false},"excerpt":{"rendered":"<p>Trepied versatil cu clem\u0103 dubl\u0103 pentru pozi\u021bii de fotografiere rapide \u0219i stabile.<\/p>\n","protected":false},"featured_media":233735,"template":"","meta":{"_acf_changed":false},"product_brand":[11049],"product_cat":[12788,12795],"product_tag":[],"class_list":{"0":"post-290602","1":"product","2":"type-product","3":"status-publish","4":"has-post-thumbnail","6":"product_brand-area-419","7":"product_cat-bipoduri","8":"product_cat-pusca","10":"first","11":"instock","12":"taxable","13":"shipping-taxable","14":"purchasable","15":"product-type-simple"},"acf":[],"_links":{"self":[{"href":"https:\/\/staging.nbg.eu\/ro\/wp-json\/wp\/v2\/product\/290602","targetHints":{"allow":["GET"]}}],"collection":[{"href":"https:\/\/staging.nbg.eu\/ro\/wp-json\/wp\/v2\/product"}],"about":[{"href":"https:\/\/staging.nbg.eu\/ro\/wp-json\/wp\/v2\/types\/product"}],"wp:featuredmedia":[{"embeddable":true,"href":"https:\/\/staging.nbg.eu\/ro\/wp-json\/wp\/v2\/media\/233735"}],"wp:attachment":[{"href":"https:\/\/staging.nbg.eu\/ro\/wp-json\/wp\/v2\/media?parent=290602"}],"wp:term":[{"taxonomy":"product_brand","embeddable":true,"href":"https:\/\/staging.nbg.eu\/ro\/wp-json\/wp\/v2\/product_brand?post=290602"},{"taxonomy":"product_cat","embeddable":true,"href":"https:\/\/staging.nbg.eu\/ro\/wp-json\/wp\/v2\/product_cat?post=290602"},{"taxonomy":"product_tag","embeddable":true,"href":"https:\/\/staging.nbg.eu\/ro\/wp-json\/wp\/v2\/product_tag?post=290602"}],"curies":[{"name":"wp","href":"https:\/\/api.w.org\/{rel}","templated":true}]}}