{"id":290492,"date":"2025-03-02T06:50:24","date_gmt":"2025-03-27T10:29:00","guid":{"rendered":"https:\/\/staging.nbg.eu\/prodcut\/area-419-railchanger-shmedium-from-armageddon-gear\/"},"modified":"2025-03-27T10:31:26","modified_gmt":"2025-03-27T10:31:26","slug":"area-419-railchanger-shmedium-de-la-armageddon-gear","status":"publish","type":"product","link":"https:\/\/staging.nbg.eu\/ro\/produs\/area-419-railchanger-shmedium-de-la-armageddon-gear\/","title":{"rendered":"Area 419 &#8211; RailChanger Shmedium de la Armageddon Gear"},"content":{"rendered":"<h2>Area 419 &#8211; RailChanger Shmedium<\/h2>\n<h2>de Armageddon Gear<\/h2>\n<p>RailChanger Shmedium este un accesoriu pentru tir de precizie. Are o dimensiune optim\u0103 \u0219i o umplutur\u0103 dens\u0103, fiind util pentru sesiunile de tir.<\/p>\n<ul>\n<li><strong>Design:<\/strong> Are panouri t\u0103iate cu laser \u00een partea de sus \u0219i lateral\u0103 pentru ata\u0219are la RCX<\/li>\n<li><strong>Dimensiune:<\/strong> 20,3 \u00d7 15,2 \u00d7 15,2 centimetri<\/li>\n<li><strong>Greutate:<\/strong> 3,2 kilograme<\/li>\n<li><strong>Calitate:<\/strong> Fabricat de Armageddon Gear<\/li>\n<\/ul>\n<p>RailChanger Shmedium este un sac utilizat frecvent la poligonul de tir. Combin\u0103 func\u021bionalitatea cu designul.<\/p>\n","protected":false},"excerpt":{"rendered":"<p>GameChanger compact, cu umplutur\u0103 dens\u0103 pentru RCX. \u00censo\u021bitorul perfect pentru poligon.<\/p>\n","protected":false},"featured_media":233503,"template":"","meta":{"_acf_changed":false},"product_brand":[11049],"product_cat":[12795,390],"product_tag":[],"class_list":{"0":"post-290492","1":"product","2":"type-product","3":"status-publish","4":"has-post-thumbnail","6":"product_brand-area-419","7":"product_cat-pusca","8":"product_cat-aiming","10":"first","11":"instock","12":"taxable","13":"shipping-taxable","14":"purchasable","15":"product-type-simple"},"acf":[],"_links":{"self":[{"href":"https:\/\/staging.nbg.eu\/ro\/wp-json\/wp\/v2\/product\/290492","targetHints":{"allow":["GET"]}}],"collection":[{"href":"https:\/\/staging.nbg.eu\/ro\/wp-json\/wp\/v2\/product"}],"about":[{"href":"https:\/\/staging.nbg.eu\/ro\/wp-json\/wp\/v2\/types\/product"}],"wp:featuredmedia":[{"embeddable":true,"href":"https:\/\/staging.nbg.eu\/ro\/wp-json\/wp\/v2\/media\/233503"}],"wp:attachment":[{"href":"https:\/\/staging.nbg.eu\/ro\/wp-json\/wp\/v2\/media?parent=290492"}],"wp:term":[{"taxonomy":"product_brand","embeddable":true,"href":"https:\/\/staging.nbg.eu\/ro\/wp-json\/wp\/v2\/product_brand?post=290492"},{"taxonomy":"product_cat","embeddable":true,"href":"https:\/\/staging.nbg.eu\/ro\/wp-json\/wp\/v2\/product_cat?post=290492"},{"taxonomy":"product_tag","embeddable":true,"href":"https:\/\/staging.nbg.eu\/ro\/wp-json\/wp\/v2\/product_tag?post=290492"}],"curies":[{"name":"wp","href":"https:\/\/api.w.org\/{rel}","templated":true}]}}