{"id":290374,"date":"2025-03-02T06:33:52","date_gmt":"2025-03-27T10:03:38","guid":{"rendered":"https:\/\/staging.nbg.eu\/prodcut\/area-419-railchanger-og-bag\/"},"modified":"2025-03-27T10:06:07","modified_gmt":"2025-03-27T10:06:07","slug":"area-419-railchanger-og-geanta","status":"publish","type":"product","link":"https:\/\/staging.nbg.eu\/ro\/produs\/area-419-railchanger-og-geanta\/","title":{"rendered":"Area 419 &#8211; RailChanger OG Geanta"},"content":{"rendered":"<h2>Area 419 &#8211; Geant\u0103 RailChanger OG<\/h2>\n<p>RailChanger OG de la Armageddon Gear &#8211; un accesoriu pentru sistemul RCX. Aceast\u0103 geant\u0103 OG GameChanger de dimensiuni complete are panouri t\u0103iate cu laser pe partea superioar\u0103 \u0219i lateral\u0103, permi\u021b\u00e2nd integrarea cu configura\u021bia RCX.<\/p>\n<h2>Caracteristici principale:<\/h2>\n<ul>\n<li>Proiectat pentru sistemul RCX<\/li>\n<li>Panouri t\u0103iate cu laser pentru ata\u0219are<\/li>\n<li>Design OG GameChanger de dimensiuni complete<\/li>\n<li>Construc\u021bie durabil\u0103<\/li>\n<\/ul>\n<h2>Specifica\u021bii:<\/h2>\n<ul>\n<li>Greutate: 3,17 kg<\/li>\n<li>Dimensiuni: 25,4 \u00d7 17,78 \u00d7 15,24 cm<\/li>\n<li>Culori disponibile: Negru, Bej<\/li>\n<\/ul>\n<p>RailChanger OG &#8211; geanta conceput\u0103 pentru sistemul RCX.<\/p>\n","protected":false},"excerpt":{"rendered":"<p>Geant\u0103 personalizat\u0103 GameChanger pentru RCX: panouri t\u0103iate cu laser, dimensiuni complete, versatil\u0103.<\/p>\n","protected":false},"featured_media":233478,"template":"","meta":{"_acf_changed":false},"product_brand":[11049],"product_cat":[12795],"product_tag":[],"class_list":{"0":"post-290374","1":"product","2":"type-product","3":"status-publish","4":"has-post-thumbnail","6":"product_brand-area-419","7":"product_cat-pusca","9":"first","10":"outofstock","11":"taxable","12":"shipping-taxable","13":"purchasable","14":"product-type-variable","15":"wvs-archive-product-wrapper"},"acf":[],"_links":{"self":[{"href":"https:\/\/staging.nbg.eu\/ro\/wp-json\/wp\/v2\/product\/290374","targetHints":{"allow":["GET"]}}],"collection":[{"href":"https:\/\/staging.nbg.eu\/ro\/wp-json\/wp\/v2\/product"}],"about":[{"href":"https:\/\/staging.nbg.eu\/ro\/wp-json\/wp\/v2\/types\/product"}],"wp:featuredmedia":[{"embeddable":true,"href":"https:\/\/staging.nbg.eu\/ro\/wp-json\/wp\/v2\/media\/233478"}],"wp:attachment":[{"href":"https:\/\/staging.nbg.eu\/ro\/wp-json\/wp\/v2\/media?parent=290374"}],"wp:term":[{"taxonomy":"product_brand","embeddable":true,"href":"https:\/\/staging.nbg.eu\/ro\/wp-json\/wp\/v2\/product_brand?post=290374"},{"taxonomy":"product_cat","embeddable":true,"href":"https:\/\/staging.nbg.eu\/ro\/wp-json\/wp\/v2\/product_cat?post=290374"},{"taxonomy":"product_tag","embeddable":true,"href":"https:\/\/staging.nbg.eu\/ro\/wp-json\/wp\/v2\/product_tag?post=290374"}],"curies":[{"name":"wp","href":"https:\/\/api.w.org\/{rel}","templated":true}]}}