{"id":289919,"date":"2025-03-01T16:08:15","date_gmt":"2025-03-26T21:41:31","guid":{"rendered":"https:\/\/staging.nbg.eu\/prodcut\/area-419-arcalock-barricade-stop\/"},"modified":"2025-03-26T21:44:07","modified_gmt":"2025-03-26T21:44:07","slug":"area-419-arcalock-opritor-baricada","status":"publish","type":"product","link":"https:\/\/staging.nbg.eu\/ro\/produs\/area-419-arcalock-opritor-baricada\/","title":{"rendered":"Area 419 &#8211; ARCALOCK Opritor Baricada"},"content":{"rendered":"<h2>Area 419 &#8211; Opritor de Baricad\u0103 ARCALOCK<\/h2>\n<p>Completa\u021bi sistemul ARCALOCK cu acest Opritor de Baricad\u0103 suplimentar, conceput pentru stabilitate \u0219i precizie.<\/p>\n<h2>Caracteristici principale:<\/h2>\n<ul>\n<li>Model de \u0219uruburi compatibil cu bipod Atlas<\/li>\n<li>Instalare versatil\u0103: \u00eentre clem\u0103 \u0219i bipod sau de sine st\u0103t\u0103tor<\/li>\n<li>Din\u021bi frontali pentru aderen\u021b\u0103 la baricad\u0103<\/li>\n<li>Prelucrat din aluminiu 6061-T6<\/li>\n<li>Greutate de 0,23 kg<\/li>\n<li>Dimensiuni: 15,24 cm \u00d7 8,89 cm \u00d7 5,08 cm<\/li>\n<\/ul>\n<p><strong>Not\u0103:<\/strong> Doar opritorul de baricad\u0103; clema \u0219i bipodul nu sunt incluse. Nu este compatibil cu Bipodul Harris f\u0103r\u0103 extensia noastr\u0103 Spigot.<\/p>\n<p>Opritorul de Baricad\u0103 ARCALOCK Area 419 &#8211; un accesoriu pentru stabilitate \u00een orice mediu.<\/p>\n","protected":false},"excerpt":{"rendered":"<p>Area 419 ARCALOCK Barricad\u0103 Stop: Prindere sigur\u0103 pentru tragere de precizie.<\/p>\n","protected":false},"featured_media":233048,"template":"","meta":{"_acf_changed":false},"product_brand":[11049],"product_cat":[12766,12795,12744,12743],"product_tag":[],"class_list":{"0":"post-289919","1":"product","2":"type-product","3":"status-publish","4":"has-post-thumbnail","6":"product_brand-area-419","7":"product_cat-manere-pentru-pusti","8":"product_cat-pusca","9":"product_cat-reglaj-pusca","10":"product_cat-sine","12":"first","13":"instock","14":"taxable","15":"shipping-taxable","16":"purchasable","17":"product-type-simple"},"acf":[],"_links":{"self":[{"href":"https:\/\/staging.nbg.eu\/ro\/wp-json\/wp\/v2\/product\/289919","targetHints":{"allow":["GET"]}}],"collection":[{"href":"https:\/\/staging.nbg.eu\/ro\/wp-json\/wp\/v2\/product"}],"about":[{"href":"https:\/\/staging.nbg.eu\/ro\/wp-json\/wp\/v2\/types\/product"}],"wp:featuredmedia":[{"embeddable":true,"href":"https:\/\/staging.nbg.eu\/ro\/wp-json\/wp\/v2\/media\/233048"}],"wp:attachment":[{"href":"https:\/\/staging.nbg.eu\/ro\/wp-json\/wp\/v2\/media?parent=289919"}],"wp:term":[{"taxonomy":"product_brand","embeddable":true,"href":"https:\/\/staging.nbg.eu\/ro\/wp-json\/wp\/v2\/product_brand?post=289919"},{"taxonomy":"product_cat","embeddable":true,"href":"https:\/\/staging.nbg.eu\/ro\/wp-json\/wp\/v2\/product_cat?post=289919"},{"taxonomy":"product_tag","embeddable":true,"href":"https:\/\/staging.nbg.eu\/ro\/wp-json\/wp\/v2\/product_tag?post=289919"}],"curies":[{"name":"wp","href":"https:\/\/api.w.org\/{rel}","templated":true}]}}