{"id":289809,"date":"2025-03-01T16:03:10","date_gmt":"2025-03-26T21:36:27","guid":{"rendered":"https:\/\/staging.nbg.eu\/prodcut\/area-419-arcalock-8-universal-dovetail-rail\/"},"modified":"2025-03-26T21:38:59","modified_gmt":"2025-03-26T21:38:59","slug":"area-419-arcalock-8-sina-universala-dovetail","status":"publish","type":"product","link":"https:\/\/staging.nbg.eu\/ro\/produs\/area-419-arcalock-8-sina-universala-dovetail\/","title":{"rendered":"Area 419 &#8211; ARCALOCK 8&#8243; Sina Universala Dovetail"},"content":{"rendered":"<div class=\"product-description\">\n<h2>Area 419 &#8211; \u0218in\u0103 Universal\u0103 cu Coad\u0103 de R\u00e2ndunic\u0103 ARCALOCK 8&#8243;<\/h2>\n<p>\u0218in\u0103 ARCALOCK 8&#8243; Universal\u0103 cu Coad\u0103 de R\u00e2ndunic\u0103 de la Area 419. Acest sistem de \u0219in\u0103 include:<\/p>\n<ul>\n<li>Laturi zim\u021bate pentru blocare mecanic\u0103 cu cleme Area 419<\/li>\n<li>Compatibilitate cu accesorii ARCA standard<\/li>\n<li>Lungime de 8&#8243; pentru acoperirea complet\u0103 a patului armei<\/li>\n<li>Design u\u0219or de doar 85 grame<\/li>\n<li>Conformitate cu standardul RRS 1.5&#8243; cu coad\u0103 de r\u00e2ndunic\u0103<\/li>\n<li>Margini rotunjite<\/li>\n<li>Finisaj anodizat dur de tip 3<\/li>\n<li>Fabricat \u00een SUA din aluminiu 6061-T6<\/li>\n<\/ul>\n<p>Sistemul de \u0219in\u0103 ARCALOCK este conceput pentru a \u00eembun\u0103t\u0103\u021bi performan\u021ba de tragere.<\/p>\n<\/div>\n","protected":false},"excerpt":{"rendered":"<p>Area 419 ARCALOCK: \u0218in\u0103 de r\u00e2ndunic\u0103 blocabil\u0103 de 20,32 cm pentru pu\u0219ti de precizie.<\/p>\n","protected":false},"featured_media":232898,"template":"","meta":{"_acf_changed":false},"product_brand":[11049],"product_cat":[12795,12743,390],"product_tag":[],"class_list":{"0":"post-289809","1":"product","2":"type-product","3":"status-publish","4":"has-post-thumbnail","6":"product_brand-area-419","7":"product_cat-pusca","8":"product_cat-sine","9":"product_cat-aiming","11":"first","12":"instock","13":"taxable","14":"shipping-taxable","15":"purchasable","16":"product-type-simple"},"acf":[],"_links":{"self":[{"href":"https:\/\/staging.nbg.eu\/ro\/wp-json\/wp\/v2\/product\/289809","targetHints":{"allow":["GET"]}}],"collection":[{"href":"https:\/\/staging.nbg.eu\/ro\/wp-json\/wp\/v2\/product"}],"about":[{"href":"https:\/\/staging.nbg.eu\/ro\/wp-json\/wp\/v2\/types\/product"}],"wp:featuredmedia":[{"embeddable":true,"href":"https:\/\/staging.nbg.eu\/ro\/wp-json\/wp\/v2\/media\/232898"}],"wp:attachment":[{"href":"https:\/\/staging.nbg.eu\/ro\/wp-json\/wp\/v2\/media?parent=289809"}],"wp:term":[{"taxonomy":"product_brand","embeddable":true,"href":"https:\/\/staging.nbg.eu\/ro\/wp-json\/wp\/v2\/product_brand?post=289809"},{"taxonomy":"product_cat","embeddable":true,"href":"https:\/\/staging.nbg.eu\/ro\/wp-json\/wp\/v2\/product_cat?post=289809"},{"taxonomy":"product_tag","embeddable":true,"href":"https:\/\/staging.nbg.eu\/ro\/wp-json\/wp\/v2\/product_tag?post=289809"}],"curies":[{"name":"wp","href":"https:\/\/api.w.org\/{rel}","templated":true}]}}