{"id":289699,"date":"2025-03-01T15:55:52","date_gmt":"2025-03-26T21:33:09","guid":{"rendered":"https:\/\/staging.nbg.eu\/prodcut\/area-419-arcalock-4-25-universal-dovetail-rail\/"},"modified":"2025-03-26T21:35:47","modified_gmt":"2025-03-26T21:35:47","slug":"area-419-arcalock-425-sina-universala-dovetail","status":"publish","type":"product","link":"https:\/\/staging.nbg.eu\/ro\/produs\/area-419-arcalock-425-sina-universala-dovetail\/","title":{"rendered":"Area 419 &#8211; ARCALOCK 4.25&#8243; Sina Universala Dovetail"},"content":{"rendered":"<h2>Area 419 &#8211; \u0218in\u0103 Universal\u0103 cu Coad\u0103 de R\u00e2ndunic\u0103 ARCALOCK 4.25&#8243;<\/h2>\n<p>\u0218ina universal\u0103 Area 419 ARCALOCK 4.25&#8243; cu coad\u0103 de r\u00e2ndunic\u0103. Aceast\u0103 \u0219in\u0103 este fabricat\u0103 din aluminiu 6061, asigur\u00e2nd performan\u021b\u0103 \u0219i fiabilitate.<\/p>\n<h2>Caracteristici principale:<\/h2>\n<ul>\n<li>Material: aluminiu 6061<\/li>\n<li>Finisaj: Anodizat dur negru<\/li>\n<li>Lungime: 4.25 inci<\/li>\n<li>Design universal cu coad\u0103 de r\u00e2ndunic\u0103 pentru compatibilitate<\/li>\n<li>Prelucrat\u0103 cu precizie<\/li>\n<\/ul>\n<h2>Specifica\u021bii produs:<\/h2>\n<ul>\n<li>Greutate: 454 g<\/li>\n<li>Dimensiuni: 20.32 \u00d7 10.16 \u00d7 2.54 cm<\/li>\n<li>Produc\u0103tor: Area 419<\/li>\n<\/ul>\n<p>Aceast\u0103 \u0219in\u0103 ARCALOCK ofer\u0103 o platform\u0103 stabil\u0103 pentru montarea diverselor accesorii. Potrivit\u0103 pentru tr\u0103g\u0103torii de competi\u021bie \u0219i entuzia\u0219ti.<\/p>\n","protected":false},"excerpt":{"rendered":"<p>Area 419 ARCALOCK: \u0218in\u0103 robust\u0103 tip coad\u0103 de r\u00e2ndunic\u0103 de 4,25 \u021boli, din aluminiu anodizat negru.<\/p>\n","protected":false},"featured_media":232782,"template":"","meta":{"_acf_changed":false},"product_brand":[11049],"product_cat":[12795,12743,390],"product_tag":[],"class_list":{"0":"post-289699","1":"product","2":"type-product","3":"status-publish","4":"has-post-thumbnail","6":"product_brand-area-419","7":"product_cat-pusca","8":"product_cat-sine","9":"product_cat-aiming","11":"first","12":"instock","13":"taxable","14":"shipping-taxable","15":"purchasable","16":"product-type-simple"},"acf":[],"_links":{"self":[{"href":"https:\/\/staging.nbg.eu\/ro\/wp-json\/wp\/v2\/product\/289699","targetHints":{"allow":["GET"]}}],"collection":[{"href":"https:\/\/staging.nbg.eu\/ro\/wp-json\/wp\/v2\/product"}],"about":[{"href":"https:\/\/staging.nbg.eu\/ro\/wp-json\/wp\/v2\/types\/product"}],"wp:featuredmedia":[{"embeddable":true,"href":"https:\/\/staging.nbg.eu\/ro\/wp-json\/wp\/v2\/media\/232782"}],"wp:attachment":[{"href":"https:\/\/staging.nbg.eu\/ro\/wp-json\/wp\/v2\/media?parent=289699"}],"wp:term":[{"taxonomy":"product_brand","embeddable":true,"href":"https:\/\/staging.nbg.eu\/ro\/wp-json\/wp\/v2\/product_brand?post=289699"},{"taxonomy":"product_cat","embeddable":true,"href":"https:\/\/staging.nbg.eu\/ro\/wp-json\/wp\/v2\/product_cat?post=289699"},{"taxonomy":"product_tag","embeddable":true,"href":"https:\/\/staging.nbg.eu\/ro\/wp-json\/wp\/v2\/product_tag?post=289699"}],"curies":[{"name":"wp","href":"https:\/\/api.w.org\/{rel}","templated":true}]}}