{"id":289586,"date":"2025-03-01T14:21:59","date_gmt":"2025-03-26T21:29:03","guid":{"rendered":"https:\/\/staging.nbg.eu\/prodcut\/area-419-arcalock-10%e2%80%b3-universal-dovetail-rail\/"},"modified":"2025-03-26T21:31:35","modified_gmt":"2025-03-26T21:31:35","slug":"area-419-arcalock-10-sina-universala-dovetail","status":"publish","type":"product","link":"https:\/\/staging.nbg.eu\/ro\/produs\/area-419-arcalock-10-sina-universala-dovetail\/","title":{"rendered":"Area 419 &#8211; ARCALOCK 10&#8243; Sina Universala Dovetail"},"content":{"rendered":"<div class=\"product-description\">\n<h2>Area 419 &#8211; \u0218in\u0103 Dovetail Universal\u0103 ARCALOCK 10&#8243;<\/h2>\n<p>\u0218ina ARCALOCK 10&#8243; Universal\u0103 Dovetail de la Area 419 are urm\u0103toarele caracteristici:<\/p>\n<ul>\n<li>Laturi zim\u021bate pentru blocare mecanic\u0103 cu cleme Area 419<\/li>\n<li>Compatibilitate cu accesorii Arca standard<\/li>\n<li>Design u\u0219or de doar 116 grame<\/li>\n<li>Conformitate cu standardul RRS 1.5&#8243; Dovetail<\/li>\n<li>Margini te\u0219ite pentru confort \u0219i siguran\u021b\u0103<\/li>\n<li>Construc\u021bie din aluminiu 6061-T6 anodizat dur de tip 3<\/li>\n<li>Fabricat \u00een SUA<\/li>\n<li>Sloturi M-LOK pentru montarea de accesorii suplimentare<\/li>\n<\/ul>\n<p><strong>Not\u0103:<\/strong> Necesit\u0103 6 sloturi MLOK consecutive pentru ata\u0219are. Pentru paturi cu mai pu\u021bine sloturi, lua\u021bi \u00een considerare \u0219ina universal\u0103 de 12&#8243;.<\/p>\n<p>Sistemul de \u0219in\u0103 Dovetail ARCALOCK combin\u0103 inova\u021bia cu precizia.<\/p>\n<\/div>\n","protected":false},"excerpt":{"rendered":"<p>\u0218in\u0103 Universal\u0103 ARCALOCK 10&#8243; cu Coad\u0103 de R\u00e2ndunic\u0103: Ata\u0219ament MLOK sigur \u0219i versatil pentru pu\u0219ti de precizie.<\/p>\n","protected":false},"featured_media":232432,"template":"","meta":{"_acf_changed":false},"product_brand":[11049],"product_cat":[12795,12743,390],"product_tag":[],"class_list":{"0":"post-289586","1":"product","2":"type-product","3":"status-publish","4":"has-post-thumbnail","6":"product_brand-area-419","7":"product_cat-pusca","8":"product_cat-sine","9":"product_cat-aiming","11":"first","12":"instock","13":"taxable","14":"shipping-taxable","15":"purchasable","16":"product-type-simple"},"acf":[],"_links":{"self":[{"href":"https:\/\/staging.nbg.eu\/ro\/wp-json\/wp\/v2\/product\/289586","targetHints":{"allow":["GET"]}}],"collection":[{"href":"https:\/\/staging.nbg.eu\/ro\/wp-json\/wp\/v2\/product"}],"about":[{"href":"https:\/\/staging.nbg.eu\/ro\/wp-json\/wp\/v2\/types\/product"}],"wp:featuredmedia":[{"embeddable":true,"href":"https:\/\/staging.nbg.eu\/ro\/wp-json\/wp\/v2\/media\/232432"}],"wp:attachment":[{"href":"https:\/\/staging.nbg.eu\/ro\/wp-json\/wp\/v2\/media?parent=289586"}],"wp:term":[{"taxonomy":"product_brand","embeddable":true,"href":"https:\/\/staging.nbg.eu\/ro\/wp-json\/wp\/v2\/product_brand?post=289586"},{"taxonomy":"product_cat","embeddable":true,"href":"https:\/\/staging.nbg.eu\/ro\/wp-json\/wp\/v2\/product_cat?post=289586"},{"taxonomy":"product_tag","embeddable":true,"href":"https:\/\/staging.nbg.eu\/ro\/wp-json\/wp\/v2\/product_tag?post=289586"}],"curies":[{"name":"wp","href":"https:\/\/api.w.org\/{rel}","templated":true}]}}