{"id":289460,"date":"2025-03-01T15:46:12","date_gmt":"2025-03-26T21:24:47","guid":{"rendered":"https:\/\/staging.nbg.eu\/prodcut\/area-419-arcalock-14-universal-dovetail-rail\/"},"modified":"2025-03-26T21:27:19","modified_gmt":"2025-03-26T21:27:19","slug":"area-419-arcalock-14-sina-universala-dovetail","status":"publish","type":"product","link":"https:\/\/staging.nbg.eu\/ro\/produs\/area-419-arcalock-14-sina-universala-dovetail\/","title":{"rendered":"Area 419 &#8211; ARCALOCK 14&#8243; Sina Universala Dovetail"},"content":{"rendered":"<h2>Area 419 &#8211; \u0218in\u0103 Universal\u0103 cu Coad\u0103 de R\u00e2ndunic\u0103 ARCALOCK 14&#8243;<\/h2>\n<p>\u0218ina universal\u0103 cu coad\u0103 de r\u00e2ndunic\u0103 ARCALOCK 14&#8243; de la Area 419 are urm\u0103toarele caracteristici:<\/p>\n<ul>\n<li>Laturi zim\u021bate pentru blocare mecanic\u0103 cu cleme Area 419<\/li>\n<li>65 de pozi\u021bii de blocare pe \u0219ina de 14&#8243;<\/li>\n<li>Compatibilitate cu accesorii Arca standard<\/li>\n<li>Opritor de baricad\u0103 posterior fix zim\u021bat cu dop de extensie<\/li>\n<li>Greutate de 5,6 uncii<\/li>\n<li>Fabricat conform standardului RRS 1.5&#8243; cu coad\u0103 de r\u00e2ndunic\u0103<\/li>\n<li>Col\u021buri rotunjite \u0219i margini te\u0219ite pentru confort<\/li>\n<li>Construc\u021bie din aluminiu 6061-T6 anodizat dur Tip 3<\/li>\n<li>Fabricat \u00een SUA<\/li>\n<\/ul>\n<p>Sistemul de \u0219ine ARCALOCK este proiectat pentru precizie \u0219i performan\u021b\u0103.<\/p>\n","protected":false},"excerpt":{"rendered":"<p>\u201e\u0218in\u0103 ARCA cu sistem de blocare pentru arme de precizie. 35,5 cm, 65 de pozi\u021bii, 159 grame.&#8221;<\/p>\n","protected":false},"featured_media":232595,"template":"","meta":{"_acf_changed":false},"product_brand":[11049],"product_cat":[12795,12743,390],"product_tag":[],"class_list":{"0":"post-289460","1":"product","2":"type-product","3":"status-publish","4":"has-post-thumbnail","6":"product_brand-area-419","7":"product_cat-pusca","8":"product_cat-sine","9":"product_cat-aiming","11":"first","12":"instock","13":"taxable","14":"shipping-taxable","15":"purchasable","16":"product-type-simple"},"acf":[],"_links":{"self":[{"href":"https:\/\/staging.nbg.eu\/ro\/wp-json\/wp\/v2\/product\/289460","targetHints":{"allow":["GET"]}}],"collection":[{"href":"https:\/\/staging.nbg.eu\/ro\/wp-json\/wp\/v2\/product"}],"about":[{"href":"https:\/\/staging.nbg.eu\/ro\/wp-json\/wp\/v2\/types\/product"}],"wp:featuredmedia":[{"embeddable":true,"href":"https:\/\/staging.nbg.eu\/ro\/wp-json\/wp\/v2\/media\/232595"}],"wp:attachment":[{"href":"https:\/\/staging.nbg.eu\/ro\/wp-json\/wp\/v2\/media?parent=289460"}],"wp:term":[{"taxonomy":"product_brand","embeddable":true,"href":"https:\/\/staging.nbg.eu\/ro\/wp-json\/wp\/v2\/product_brand?post=289460"},{"taxonomy":"product_cat","embeddable":true,"href":"https:\/\/staging.nbg.eu\/ro\/wp-json\/wp\/v2\/product_cat?post=289460"},{"taxonomy":"product_tag","embeddable":true,"href":"https:\/\/staging.nbg.eu\/ro\/wp-json\/wp\/v2\/product_tag?post=289460"}],"curies":[{"name":"wp","href":"https:\/\/api.w.org\/{rel}","templated":true}]}}