{"id":289364,"date":"2024-01-30T18:07:31","date_gmt":"2025-03-26T21:22:32","guid":{"rendered":"https:\/\/staging.nbg.eu\/prodcut\/area-419-arcalock-12-m-lok-dovetail-rail-2\/"},"modified":"2025-03-26T21:25:18","modified_gmt":"2025-03-26T21:25:18","slug":"area-419-arcalock-12-sina-m-lok-dovetail","status":"publish","type":"product","link":"https:\/\/staging.nbg.eu\/ro\/produs\/area-419-arcalock-12-sina-m-lok-dovetail\/","title":{"rendered":"Area 419 &#8211; ARCALOCK 12&#8243; Sina M-LOK Dovetail"},"content":{"rendered":"<h2>Area 419 &#8211; \u0218in\u0103 ARCALOCK 12&#8243; M-LOK cu coad\u0103 de r\u00e2ndunic\u0103<\/h2>\n<p>\u0218ina ARCALOCK 12&#8243; M-LOK cu coad\u0103 de r\u00e2ndunic\u0103 de la Area 419 ofer\u0103 urm\u0103toarele caracteristici:<\/p>\n<ul>\n<li>Laturi zim\u021bate pentru fixare mecanic\u0103 cu cleme Area 419<\/li>\n<li>Compatibilitate cu accesorii Arca standard<\/li>\n<li>Lungime de 12&#8243; pentru spa\u021biu de ata\u0219are optim<\/li>\n<li>Design u\u0219or, c\u00e2nt\u0103rind doar 111,5 grame<\/li>\n<li>Conformitate cu standardul RRS 1.5&#8243; pentru coad\u0103 de r\u00e2ndunic\u0103<\/li>\n<li>Margini \u0219anfrenate pentru confort \u0219i siguran\u021b\u0103<\/li>\n<li>Op\u021biuni de montare versatile pentru diverse configura\u021bii de arme<\/li>\n<li>Construc\u021bie din aluminiu 6061-T6 anodizat dur Tip 3<\/li>\n<li>Fabricat \u00een SUA cu materiale de calitate<\/li>\n<\/ul>\n<p>\u0218ina ARCALOCK cu coad\u0103 de r\u00e2ndunic\u0103 este conceput\u0103 pentru a elimina mi\u0219carea sub presiune.<\/p>\n","protected":false},"excerpt":{"rendered":"<p>\u0218in\u0103 ARCA de 12&#8243; cu sistem de blocare pentru pu\u0219ti de precizie. Laturi zim\u021bate, compatibil\u0103 cu M-LOK.<\/p>\n","protected":false},"featured_media":232518,"template":"","meta":{"_acf_changed":false},"product_brand":[11049],"product_cat":[12795,12743],"product_tag":[],"class_list":{"0":"post-289364","1":"product","2":"type-product","3":"status-publish","4":"has-post-thumbnail","6":"product_brand-area-419","7":"product_cat-pusca","8":"product_cat-sine","10":"first","11":"instock","12":"taxable","13":"shipping-taxable","14":"purchasable","15":"product-type-variable","16":"wvs-archive-product-wrapper"},"acf":[],"_links":{"self":[{"href":"https:\/\/staging.nbg.eu\/ro\/wp-json\/wp\/v2\/product\/289364","targetHints":{"allow":["GET"]}}],"collection":[{"href":"https:\/\/staging.nbg.eu\/ro\/wp-json\/wp\/v2\/product"}],"about":[{"href":"https:\/\/staging.nbg.eu\/ro\/wp-json\/wp\/v2\/types\/product"}],"wp:featuredmedia":[{"embeddable":true,"href":"https:\/\/staging.nbg.eu\/ro\/wp-json\/wp\/v2\/media\/232518"}],"wp:attachment":[{"href":"https:\/\/staging.nbg.eu\/ro\/wp-json\/wp\/v2\/media?parent=289364"}],"wp:term":[{"taxonomy":"product_brand","embeddable":true,"href":"https:\/\/staging.nbg.eu\/ro\/wp-json\/wp\/v2\/product_brand?post=289364"},{"taxonomy":"product_cat","embeddable":true,"href":"https:\/\/staging.nbg.eu\/ro\/wp-json\/wp\/v2\/product_cat?post=289364"},{"taxonomy":"product_tag","embeddable":true,"href":"https:\/\/staging.nbg.eu\/ro\/wp-json\/wp\/v2\/product_tag?post=289364"}],"curies":[{"name":"wp","href":"https:\/\/api.w.org\/{rel}","templated":true}]}}