{"id":289114,"date":"2025-03-05T07:17:43","date_gmt":"2025-03-26T19:45:25","guid":{"rendered":"https:\/\/staging.nbg.eu\/prodcut\/magpul-ctr-carbine-stock-for-ar15-m4\/"},"modified":"2025-03-26T19:48:04","modified_gmt":"2025-03-26T19:48:04","slug":"magpul-ctr-calciu-carbina-pentru-ar15-m4","status":"publish","type":"product","link":"https:\/\/staging.nbg.eu\/ro\/produs\/magpul-ctr-calciu-carbina-pentru-ar15-m4\/","title":{"rendered":"Magpul &#8211; CTR Calciu Carbina pentru AR15 \/ M4"},"content":{"rendered":"<div class=\"product-description\">\n<h2>Pat Magpul CTR\u2122 pentru carabin\u0103 AR15 \/ M4<\/h2>\n<p>Pat de \u00eenlocuire Magpul CTR (Compact\/Type Restricted) &#8211; model Mil-Spec pentru carabine AR15 \/ M16. Caracteristici:<\/p>\n<ul>\n<li>Profil A-frame pentru a evita ag\u0103\u021barea<\/li>\n<li>Mecanism de eliberare protejat pentru a preveni activarea accidental\u0103<\/li>\n<li>Sistem suplimentar de blocare prin fric\u021biune pentru stabilitate \u00eembun\u0103t\u0103\u021bit\u0103<\/li>\n<li>Montur\u0103 ambidextr\u0103 QD pentru curea compatibil\u0103 cu catarame cu buton<\/li>\n<li>Pl\u0103cu\u021b\u0103 de cauciuc de 0,3&#8243; grosime pentru sprijin pe um\u0103r<\/li>\n<\/ul>\n<p>Compatibil cu tuburi de extensie Mil-Spec, acest pat fabricat \u00een SUA ofer\u0103 o gam\u0103 de ajustare a lungimii de 3,3 inci. Cu o lungime maxim\u0103 de 7,0 inci \u0219i o greutate de 8,9 oz, patul CTR ofer\u0103 func\u021bionalitate \u0219i confort pentru carabina dumneavoastr\u0103.<\/p>\n<p><strong>Not\u0103:<\/strong> Compatibil doar cu extensii Mil-Spec. Asigura\u021bi-v\u0103 c\u0103 carabina dumneavoastr\u0103 are tubul corect \u00eenainte de achizi\u021bionare.<\/p>\n<\/div>\n","protected":false},"excerpt":{"rendered":"<p>Pat compact pentru AR15\/M4. Profil aerodinamic, stabil, cu montur\u0103 pentru curea cu deta\u0219are rapid\u0103 (QD).<\/p>\n","protected":false},"featured_media":237503,"template":"","meta":{"_acf_changed":false},"product_brand":[11557],"product_cat":[12755,12795,12744],"product_tag":[],"class_list":{"0":"post-289114","1":"product","2":"type-product","3":"status-publish","4":"has-post-thumbnail","6":"product_brand-magpul","7":"product_cat-caciuli-pentru-pusti","8":"product_cat-pusca","9":"product_cat-reglaj-pusca","11":"first","12":"instock","13":"taxable","14":"shipping-taxable","15":"purchasable","16":"product-type-simple"},"acf":[],"_links":{"self":[{"href":"https:\/\/staging.nbg.eu\/ro\/wp-json\/wp\/v2\/product\/289114","targetHints":{"allow":["GET"]}}],"collection":[{"href":"https:\/\/staging.nbg.eu\/ro\/wp-json\/wp\/v2\/product"}],"about":[{"href":"https:\/\/staging.nbg.eu\/ro\/wp-json\/wp\/v2\/types\/product"}],"wp:featuredmedia":[{"embeddable":true,"href":"https:\/\/staging.nbg.eu\/ro\/wp-json\/wp\/v2\/media\/237503"}],"wp:attachment":[{"href":"https:\/\/staging.nbg.eu\/ro\/wp-json\/wp\/v2\/media?parent=289114"}],"wp:term":[{"taxonomy":"product_brand","embeddable":true,"href":"https:\/\/staging.nbg.eu\/ro\/wp-json\/wp\/v2\/product_brand?post=289114"},{"taxonomy":"product_cat","embeddable":true,"href":"https:\/\/staging.nbg.eu\/ro\/wp-json\/wp\/v2\/product_cat?post=289114"},{"taxonomy":"product_tag","embeddable":true,"href":"https:\/\/staging.nbg.eu\/ro\/wp-json\/wp\/v2\/product_tag?post=289114"}],"curies":[{"name":"wp","href":"https:\/\/api.w.org\/{rel}","templated":true}]}}