{"id":288896,"date":"2025-03-05T10:45:22","date_gmt":"2025-03-05T10:45:22","guid":{"rendered":"https:\/\/staging.nbg.eu\/prodcut\/magpul-pmag-ar-m4-gen-m3-10rds\/"},"modified":"2025-03-26T19:11:26","modified_gmt":"2025-03-26T19:11:26","slug":"magpul-pmag-arm4-gen-m3","status":"publish","type":"product","link":"https:\/\/staging.nbg.eu\/ro\/produs\/magpul-pmag-arm4-gen-m3\/","title":{"rendered":"Magpul &#8211; PMAG AR\/M4 GEN M3"},"content":{"rendered":"<h2>Magpul &#8211; PMAG\u00ae AR\/M4 GEN M3\u2122<\/h2>\n<p>PMAG 10 GEN M3 este un \u00eenc\u0103rc\u0103tor de polimer cu 10 cartu\u0219e pentru arme compatibile AR15\/M4. Acesta ofer\u0103:<\/p>\n<ul>\n<li>Rezisten\u021b\u0103 \u0219i durabilitate \u00eembun\u0103t\u0103\u021bite cu construc\u021bie din polimer<\/li>\n<li>Compatibilitate cu diverse platforme, inclusiv HK\u00ae 416 \u0219i FN\u00ae SCAR\u2122 MK 16\/16S<\/li>\n<li>Alimentare fiabil\u0103 cu un urm\u0103ritor anti-\u00eenclinare \u00een patru direc\u021bii<\/li>\n<li>Dezasamblare u\u0219oar\u0103 \u0219i protec\u021bie \u00eembun\u0103t\u0103\u021bit\u0103 la c\u0103dere cu o talp\u0103 l\u0103rgit\u0103<\/li>\n<li>Func\u021bionare cu geometrie intern\u0103 cu curb\u0103 constant\u0103<\/li>\n<li>Manevrare cu suprafa\u021b\u0103 striat\u0103 \u0219i textur\u0103<\/li>\n<\/ul>\n<p>Fabricat \u00een SUA, PMAG 10 GEN M3 este potrivit pentru tragere din pozi\u021bie culcat \u0219i versatilitate tactic\u0103.<\/p>\n","protected":false},"excerpt":{"rendered":"<p>\u00cenc\u0103rc\u0103tor AR15\/M4 durabil cu 10 cartu\u0219e, cu caracteristici \u00eembun\u0103t\u0103\u021bite \u0219i compatibilitate sporit\u0103.<\/p>\n","protected":false},"featured_media":239098,"template":"","meta":{"_acf_changed":false},"product_brand":[11557],"product_cat":[12778,12795],"product_tag":[],"class_list":{"0":"post-288896","1":"product","2":"type-product","3":"status-publish","4":"has-post-thumbnail","6":"product_brand-magpul","7":"product_cat-incarcatoare-pusca","8":"product_cat-pusca","10":"first","11":"instock","12":"taxable","13":"shipping-taxable","14":"product-type-variable","15":"wvs-archive-product-wrapper"},"acf":[],"_links":{"self":[{"href":"https:\/\/staging.nbg.eu\/ro\/wp-json\/wp\/v2\/product\/288896","targetHints":{"allow":["GET"]}}],"collection":[{"href":"https:\/\/staging.nbg.eu\/ro\/wp-json\/wp\/v2\/product"}],"about":[{"href":"https:\/\/staging.nbg.eu\/ro\/wp-json\/wp\/v2\/types\/product"}],"wp:featuredmedia":[{"embeddable":true,"href":"https:\/\/staging.nbg.eu\/ro\/wp-json\/wp\/v2\/media\/239098"}],"wp:attachment":[{"href":"https:\/\/staging.nbg.eu\/ro\/wp-json\/wp\/v2\/media?parent=288896"}],"wp:term":[{"taxonomy":"product_brand","embeddable":true,"href":"https:\/\/staging.nbg.eu\/ro\/wp-json\/wp\/v2\/product_brand?post=288896"},{"taxonomy":"product_cat","embeddable":true,"href":"https:\/\/staging.nbg.eu\/ro\/wp-json\/wp\/v2\/product_cat?post=288896"},{"taxonomy":"product_tag","embeddable":true,"href":"https:\/\/staging.nbg.eu\/ro\/wp-json\/wp\/v2\/product_tag?post=288896"}],"curies":[{"name":"wp","href":"https:\/\/api.w.org\/{rel}","templated":true}]}}