{"id":288744,"date":"2025-03-05T08:15:00","date_gmt":"2025-03-26T18:12:15","guid":{"rendered":"https:\/\/staging.nbg.eu\/prodcut\/magpul-prs-lite-precision-adjustable-stock\/"},"modified":"2025-03-26T18:14:51","modified_gmt":"2025-03-26T18:14:51","slug":"magpul-prs-lite-calciu-de-precizie-reglabil","status":"publish","type":"product","link":"https:\/\/staging.nbg.eu\/ro\/produs\/magpul-prs-lite-calciu-de-precizie-reglabil\/","title":{"rendered":"Magpul &#8211; PRS Lite Calciu de Precizie Reglabil"},"content":{"rendered":"<div class=\"product-description\">\n<h2>Stoc Magpul PRS Lite cu Ajustare de Precizie<\/h2>\n<p>Magpul PRS Lite ofer\u0103 ajustabilitate de precizie \u00eentr-un pachet u\u0219or, c\u00e2nt\u0103rind 530 grame. Compatibil cu tuburi de extensie pliabile Mil-Spec USGI carbine\/SR25\/A5 pentru pu\u0219ti cu model de receptor .223 \u0219i .308.<\/p>\n<h3>Caracteristici principale:<\/h3>\n<ul>\n<li>Construc\u021bie din polimer \u0219i metal u\u0219or<\/li>\n<li>\u00cen\u0103l\u021bime ajustabil\u0103 a piept\u0103nului (0-20.3 mm \u00een incremente de 2.54 mm)<\/li>\n<li>Lungime ajustabil\u0103 a tragerii (351.8-387.4 mm \u00een incremente de 3.56 mm)<\/li>\n<li>Pl\u0103cu\u021b\u0103 de cauciuc antialunecare ajustabil\u0103 pe \u00een\u0103l\u021bime \u0219i \u00eenclinare<\/li>\n<li>Op\u021biuni multiple de ata\u0219are a curelei<\/li>\n<\/ul>\n<p>Proiectat conform standardelor militare, PRS Lite ofer\u0103 o interfa\u021b\u0103 optimizat\u0103 pentru tr\u0103g\u0103tor. Stocul include o pl\u0103cu\u021b\u0103 de cauciuc cu profil redus pentru stabilitate \u0219i diverse op\u021biuni de montare a curelei pentru versatilitate.<\/p>\n<p><strong>Fabricat \u00een SUA<\/strong><\/p>\n<\/div>\n","protected":false},"excerpt":{"rendered":"<p>Patul pentru AR u\u0219or \u0219i ajustabil. Control precis al pieptului \u0219i al lungimii de tragere.<\/p>\n","protected":false},"featured_media":238463,"template":"","meta":{"_acf_changed":false},"product_brand":[11557],"product_cat":[12755,12795,12744],"product_tag":[],"class_list":{"0":"post-288744","1":"product","2":"type-product","3":"status-publish","4":"has-post-thumbnail","6":"product_brand-magpul","7":"product_cat-caciuli-pentru-pusti","8":"product_cat-pusca","9":"product_cat-reglaj-pusca","11":"first","12":"instock","13":"taxable","14":"shipping-taxable","15":"purchasable","16":"product-type-variable","17":"wvs-archive-product-wrapper"},"acf":[],"_links":{"self":[{"href":"https:\/\/staging.nbg.eu\/ro\/wp-json\/wp\/v2\/product\/288744","targetHints":{"allow":["GET"]}}],"collection":[{"href":"https:\/\/staging.nbg.eu\/ro\/wp-json\/wp\/v2\/product"}],"about":[{"href":"https:\/\/staging.nbg.eu\/ro\/wp-json\/wp\/v2\/types\/product"}],"wp:featuredmedia":[{"embeddable":true,"href":"https:\/\/staging.nbg.eu\/ro\/wp-json\/wp\/v2\/media\/238463"}],"wp:attachment":[{"href":"https:\/\/staging.nbg.eu\/ro\/wp-json\/wp\/v2\/media?parent=288744"}],"wp:term":[{"taxonomy":"product_brand","embeddable":true,"href":"https:\/\/staging.nbg.eu\/ro\/wp-json\/wp\/v2\/product_brand?post=288744"},{"taxonomy":"product_cat","embeddable":true,"href":"https:\/\/staging.nbg.eu\/ro\/wp-json\/wp\/v2\/product_cat?post=288744"},{"taxonomy":"product_tag","embeddable":true,"href":"https:\/\/staging.nbg.eu\/ro\/wp-json\/wp\/v2\/product_tag?post=288744"}],"curies":[{"name":"wp","href":"https:\/\/api.w.org\/{rel}","templated":true}]}}