{"id":288594,"date":"2025-03-05T08:00:39","date_gmt":"2025-03-26T18:00:35","guid":{"rendered":"https:\/\/staging.nbg.eu\/prodcut\/magpul-prs-gen3-precision-adjustable-stock\/"},"modified":"2025-03-26T18:03:08","modified_gmt":"2025-03-26T18:03:08","slug":"magpul-prs-gen3-calciu-de-precizie-reglabil","status":"publish","type":"product","link":"https:\/\/staging.nbg.eu\/ro\/produs\/magpul-prs-gen3-calciu-de-precizie-reglabil\/","title":{"rendered":"Magpul &#8211; PRS GEN3 Calciu de Precizie Reglabil"},"content":{"rendered":"<div class=\"product-description\">\n<h2>Magpul &#8211; PRS\u00ae GEN3 Pat de pu\u0219c\u0103 cu precizie ajustabil\u0103<\/h2>\n<p>PRS GEN3 este un pat de precizie pentru platformele AR15\/M16 \u0219i AR10\/SR25, oferind ajustare f\u0103r\u0103 unelte pentru lungimea de tragere \u0219i \u00een\u0103l\u021bimea suportului pentru obraz. Conceput pentru pu\u0219ti semi-automate de lunetist sau v\u00e2n\u0103toare, ofer\u0103 o interfa\u021b\u0103 stabil\u0103 \u0219i o potrivire aproape universal\u0103.<\/p>\n<ul>\n<li>Optimizat pentru extensii de receptor de lungime pentru pu\u0219c\u0103<\/li>\n<li>Compatibil cu multe tuburi Mil-Spec Carbine \u0219i de lungime A5<\/li>\n<li>Pl\u0103cu\u021b\u0103 de cauciuc pentru um\u0103r ajustabil\u0103 \u00een \u00eenclinare\/\u00een\u0103l\u021bime<\/li>\n<li>Suporturi pentru curea cu rota\u021bie limitat\u0103 QD<\/li>\n<li>Sloturi M-LOK\u00ae pentru montarea monopodului posterior<\/li>\n<li>Fabricat \u00een SUA<\/li>\n<\/ul>\n<p>Cu butoane de ajustare din aluminiu prelucrat, axe din o\u021bel cu finisaj Melonite\u00ae \u0219i multiple op\u021biuni de montare a curelei, PRS GEN3 este construit pentru durabilitate \u0219i versatilitate \u00een teren.<\/p>\n<\/div>\n","protected":false},"excerpt":{"rendered":"<p>Pat de precizie AR cu reglare f\u0103r\u0103 unelte a lungimii de tragere \u0219i a \u00een\u0103l\u021bimii obrazului.<\/p>\n","protected":false},"featured_media":238368,"template":"","meta":{"_acf_changed":false},"product_brand":[11557],"product_cat":[12755,12795,12744],"product_tag":[],"class_list":{"0":"post-288594","1":"product","2":"type-product","3":"status-publish","4":"has-post-thumbnail","6":"product_brand-magpul","7":"product_cat-caciuli-pentru-pusti","8":"product_cat-pusca","9":"product_cat-reglaj-pusca","11":"first","12":"instock","13":"taxable","14":"shipping-taxable","15":"purchasable","16":"product-type-variable","17":"wvs-archive-product-wrapper"},"acf":[],"_links":{"self":[{"href":"https:\/\/staging.nbg.eu\/ro\/wp-json\/wp\/v2\/product\/288594","targetHints":{"allow":["GET"]}}],"collection":[{"href":"https:\/\/staging.nbg.eu\/ro\/wp-json\/wp\/v2\/product"}],"about":[{"href":"https:\/\/staging.nbg.eu\/ro\/wp-json\/wp\/v2\/types\/product"}],"wp:featuredmedia":[{"embeddable":true,"href":"https:\/\/staging.nbg.eu\/ro\/wp-json\/wp\/v2\/media\/238368"}],"wp:attachment":[{"href":"https:\/\/staging.nbg.eu\/ro\/wp-json\/wp\/v2\/media?parent=288594"}],"wp:term":[{"taxonomy":"product_brand","embeddable":true,"href":"https:\/\/staging.nbg.eu\/ro\/wp-json\/wp\/v2\/product_brand?post=288594"},{"taxonomy":"product_cat","embeddable":true,"href":"https:\/\/staging.nbg.eu\/ro\/wp-json\/wp\/v2\/product_cat?post=288594"},{"taxonomy":"product_tag","embeddable":true,"href":"https:\/\/staging.nbg.eu\/ro\/wp-json\/wp\/v2\/product_tag?post=288594"}],"curies":[{"name":"wp","href":"https:\/\/api.w.org\/{rel}","templated":true}]}}