{"id":288192,"date":"2025-03-06T10:17:52","date_gmt":"2025-03-26T17:22:43","guid":{"rendered":"https:\/\/staging.nbg.eu\/prodcut\/ftcs-dong-handguard-m-lok-akm\/"},"modified":"2025-03-26T17:25:13","modified_gmt":"2025-03-26T17:25:13","slug":"ftcs-handguard-dong-m-lok-akm","status":"publish","type":"product","link":"https:\/\/staging.nbg.eu\/ro\/produs\/ftcs-handguard-dong-m-lok-akm\/","title":{"rendered":"FTCS &#8211; Handguard &#8222;Dong&#8221; &#8211; M-LOK &#8211; AKM"},"content":{"rendered":"<div class=\"product-description\">\n<h2>FTCS &#8211; M\u00e2ner &#8222;Dong&#8221; &#8211; M-LOK &#8211; AKM<\/h2>\n<p>M\u00e2nerul FTCS &#8222;Dong&#8221; pentru pu\u0219tile AKM\/AKMS. Acest m\u00e2ner \u00een stil AIMS include:<\/p>\n<ul>\n<li>Construc\u021bie din lemn u\u0219or<\/li>\n<li>M\u00e2ner frontal integrat<\/li>\n<li>Sloturi M-LOK pentru montarea accesoriilor<\/li>\n<li>Compatibil cu paturile pliabile<\/li>\n<li>Finisaj Cerakote negru grafit<\/li>\n<\/ul>\n<p>Cu o greutate de 141g \u0219i dimensiuni de 160x120x35mm, acest m\u00e2ner ofer\u0103 ergonomie \u00eembun\u0103t\u0103\u021bit\u0103. \u0218inele M-LOK laterale permit ata\u0219area de lanterne, lasere \u0219i alte accesorii, p\u0103str\u00e2nd aspectul clasic de lemn.<\/p>\n<p>M\u00e2nerul FTCS &#8222;Dong&#8221; este disponibil pentru AKM.<\/p>\n<\/div>\n","protected":false},"excerpt":{"rendered":"<p>M\u00e2ner din lemn clasic \u00een stil AIMS pentru AKM, cu \u0219ine M-LOK.<\/p>\n","protected":false},"featured_media":241003,"template":"","meta":{"_acf_changed":false},"product_brand":[11324],"product_cat":[12766,12729,12744],"product_tag":[],"class_list":{"0":"post-288192","1":"product","2":"type-product","3":"status-publish","4":"has-post-thumbnail","6":"product_brand-ftcs","7":"product_cat-manere-pentru-pusti","8":"product_cat-reglaj-ak","9":"product_cat-reglaj-pusca","11":"first","12":"instock","13":"taxable","14":"shipping-taxable","15":"purchasable","16":"product-type-simple"},"acf":[],"_links":{"self":[{"href":"https:\/\/staging.nbg.eu\/ro\/wp-json\/wp\/v2\/product\/288192","targetHints":{"allow":["GET"]}}],"collection":[{"href":"https:\/\/staging.nbg.eu\/ro\/wp-json\/wp\/v2\/product"}],"about":[{"href":"https:\/\/staging.nbg.eu\/ro\/wp-json\/wp\/v2\/types\/product"}],"wp:featuredmedia":[{"embeddable":true,"href":"https:\/\/staging.nbg.eu\/ro\/wp-json\/wp\/v2\/media\/241003"}],"wp:attachment":[{"href":"https:\/\/staging.nbg.eu\/ro\/wp-json\/wp\/v2\/media?parent=288192"}],"wp:term":[{"taxonomy":"product_brand","embeddable":true,"href":"https:\/\/staging.nbg.eu\/ro\/wp-json\/wp\/v2\/product_brand?post=288192"},{"taxonomy":"product_cat","embeddable":true,"href":"https:\/\/staging.nbg.eu\/ro\/wp-json\/wp\/v2\/product_cat?post=288192"},{"taxonomy":"product_tag","embeddable":true,"href":"https:\/\/staging.nbg.eu\/ro\/wp-json\/wp\/v2\/product_tag?post=288192"}],"curies":[{"name":"wp","href":"https:\/\/api.w.org\/{rel}","templated":true}]}}