{"id":287795,"date":"2025-03-05T11:33:07","date_gmt":"2025-03-05T11:33:07","guid":{"rendered":"https:\/\/staging.nbg.eu\/prodcut\/clawgear-ak47-medium-slick-handguard-m-lok\/"},"modified":"2025-03-26T12:50:12","modified_gmt":"2025-03-26T12:50:12","slug":"clawgear-aparatoare-medie-slick-ak47-m-lok","status":"publish","type":"product","link":"https:\/\/staging.nbg.eu\/ro\/produs\/clawgear-aparatoare-medie-slick-ak47-m-lok\/","title":{"rendered":"Clawgear Aparatoare Medie Slick AK47 M-LOK"},"content":{"rendered":"<div class=\"product-description\">\n<h2>Clawgear AK47 M\u00e2ner Mediu M-LOK<\/h2>\n<p>M\u00e2ner pentru AK47 de la Clawgear. Are o suprafa\u021b\u0103 neagr\u0103 mat\u0103 pentru a reduce reflexiile. Sistemul de montare M-LOK permite ata\u0219area accesoriilor. Include un punct de ata\u0219are pentru curea.<\/p>\n<ul>\n<li>Compatibil cu receptoare \u0219tan\u021bate \u0219i frezate<\/li>\n<li>Fabricat din aluminiu 6061<\/li>\n<li>Finisaj anodizat tip III conform MIL-SPEC<\/li>\n<li>Greutate: 0,15 kg<\/li>\n<li>Dimensiuni: 26,2 cm (L) x 4,3 cm (l) x 4,3 cm (\u00ce)<\/li>\n<\/ul>\n<p>Acest m\u00e2ner \u00eembun\u0103t\u0103\u021be\u0219te func\u021bionalitatea \u0219i aspectul AK47-ului.<\/p>\n<\/div>\n","protected":false},"excerpt":{"rendered":"<p>Ap\u0103r\u0103toare de m\u00e2n\u0103 u\u0219oar\u0103 M-LOK pentru AK47 cu punct de prindere QD pentru curea \u0219i finisaj mat.<\/p>\n","protected":false},"featured_media":239655,"template":"","meta":{"_acf_changed":false},"product_brand":[11229],"product_cat":[12795,12729,12744,12743],"product_tag":[],"class_list":{"0":"post-287795","1":"product","2":"type-product","3":"status-publish","4":"has-post-thumbnail","6":"product_brand-clawgear","7":"product_cat-pusca","8":"product_cat-reglaj-ak","9":"product_cat-reglaj-pusca","10":"product_cat-sine","12":"first","13":"instock","14":"taxable","15":"shipping-taxable","16":"purchasable","17":"product-type-simple"},"acf":[],"_links":{"self":[{"href":"https:\/\/staging.nbg.eu\/ro\/wp-json\/wp\/v2\/product\/287795","targetHints":{"allow":["GET"]}}],"collection":[{"href":"https:\/\/staging.nbg.eu\/ro\/wp-json\/wp\/v2\/product"}],"about":[{"href":"https:\/\/staging.nbg.eu\/ro\/wp-json\/wp\/v2\/types\/product"}],"wp:featuredmedia":[{"embeddable":true,"href":"https:\/\/staging.nbg.eu\/ro\/wp-json\/wp\/v2\/media\/239655"}],"wp:attachment":[{"href":"https:\/\/staging.nbg.eu\/ro\/wp-json\/wp\/v2\/media?parent=287795"}],"wp:term":[{"taxonomy":"product_brand","embeddable":true,"href":"https:\/\/staging.nbg.eu\/ro\/wp-json\/wp\/v2\/product_brand?post=287795"},{"taxonomy":"product_cat","embeddable":true,"href":"https:\/\/staging.nbg.eu\/ro\/wp-json\/wp\/v2\/product_cat?post=287795"},{"taxonomy":"product_tag","embeddable":true,"href":"https:\/\/staging.nbg.eu\/ro\/wp-json\/wp\/v2\/product_tag?post=287795"}],"curies":[{"name":"wp","href":"https:\/\/api.w.org\/{rel}","templated":true}]}}