{"id":287734,"date":"2025-03-06T20:23:37","date_gmt":"2025-03-06T20:23:37","guid":{"rendered":"https:\/\/staging.nbg.eu\/prodcut\/clawgear-ak47-short-slick-handguard-m-lok\/"},"modified":"2025-03-26T12:39:20","modified_gmt":"2025-03-26T12:39:20","slug":"clawgear-aparatoare-scurta-slick-ak47-m-lok","status":"publish","type":"product","link":"https:\/\/staging.nbg.eu\/ro\/produs\/clawgear-aparatoare-scurta-slick-ak47-m-lok\/","title":{"rendered":"Clawgear &#8211; Aparatoare Scurta Slick AK47 M-LOK"},"content":{"rendered":"<h2>Clawgear &#8211; Garda de m\u00e2n\u0103 scurt\u0103 AK47 cu sistem M-LOK<\/h2>\n<p>Aceast\u0103 gard\u0103 de m\u00e2n\u0103 pentru AK47 are urm\u0103toarele caracteristici:<\/p>\n<ul>\n<li>Sistem de montare M-LOK pentru ata\u0219area accesoriilor<\/li>\n<li>Suprafa\u021b\u0103 mat\u0103 neagr\u0103 pentru reducerea reflec\u021biilor<\/li>\n<li>Punct de ata\u0219are QD pentru curea \u00een partea din spate<\/li>\n<li>Compatibil cu receptoare \u0219tan\u021bate \u0219i frezate<\/li>\n<li>Construit din aluminiu 6061 de \u00eenalt\u0103 rezisten\u021b\u0103<\/li>\n<li>Finisaj anodizat durabil de tip III MIL-SPEC<\/li>\n<\/ul>\n<p>Dimensiuni: 16,4cm (L) x 4,5cm (l) x 4cm (\u00ce)<\/p>\n<p>Greutate: 0,16kg<\/p>\n<p>Aceast\u0103 gard\u0103 de m\u00e2n\u0103 \u00eembun\u0103t\u0103\u021be\u0219te func\u021bionalitatea AK47-ului. Potrivit\u0103 pentru utilizatori tactici \u0219i profesioni\u0219ti.<\/p>\n","protected":false},"excerpt":{"rendered":"<p>M\u00e2ner u\u0219or M-LOK pentru AK47. Punct de prindere rapid\u0103 pentru curea. Se potrive\u0219te diverselor tipuri de receptoare.<\/p>\n","protected":false},"featured_media":245170,"template":"","meta":{"_acf_changed":false},"product_brand":[],"product_cat":[12795,12729,12744],"product_tag":[],"class_list":{"0":"post-287734","1":"product","2":"type-product","3":"status-publish","4":"has-post-thumbnail","6":"product_cat-pusca","7":"product_cat-reglaj-ak","8":"product_cat-reglaj-pusca","10":"first","11":"instock","12":"taxable","13":"shipping-taxable","14":"purchasable","15":"product-type-simple"},"acf":[],"_links":{"self":[{"href":"https:\/\/staging.nbg.eu\/ro\/wp-json\/wp\/v2\/product\/287734","targetHints":{"allow":["GET"]}}],"collection":[{"href":"https:\/\/staging.nbg.eu\/ro\/wp-json\/wp\/v2\/product"}],"about":[{"href":"https:\/\/staging.nbg.eu\/ro\/wp-json\/wp\/v2\/types\/product"}],"wp:featuredmedia":[{"embeddable":true,"href":"https:\/\/staging.nbg.eu\/ro\/wp-json\/wp\/v2\/media\/245170"}],"wp:attachment":[{"href":"https:\/\/staging.nbg.eu\/ro\/wp-json\/wp\/v2\/media?parent=287734"}],"wp:term":[{"taxonomy":"product_brand","embeddable":true,"href":"https:\/\/staging.nbg.eu\/ro\/wp-json\/wp\/v2\/product_brand?post=287734"},{"taxonomy":"product_cat","embeddable":true,"href":"https:\/\/staging.nbg.eu\/ro\/wp-json\/wp\/v2\/product_cat?post=287734"},{"taxonomy":"product_tag","embeddable":true,"href":"https:\/\/staging.nbg.eu\/ro\/wp-json\/wp\/v2\/product_tag?post=287734"}],"curies":[{"name":"wp","href":"https:\/\/api.w.org\/{rel}","templated":true}]}}