{"id":285510,"date":"2025-03-04T19:02:48","date_gmt":"2025-03-25T14:28:37","guid":{"rendered":"https:\/\/staging.nbg.eu\/product\/magpul-ctr-moe-cheek-riser-0-75\/"},"modified":"2025-03-25T14:30:52","modified_gmt":"2025-03-25T14:30:52","slug":"magpul-suport-obraz-ctr-moe-075","status":"publish","type":"product","link":"https:\/\/staging.nbg.eu\/ro\/produs\/magpul-suport-obraz-ctr-moe-075\/","title":{"rendered":"Magpul &#8211; Suport Obraz CTR \/ MOE &#8211; 0.75&#8243;"},"content":{"rendered":"<div class=\"product-description\">\n<h2>Magpul &#8211; CTR \/ MOE Suport pentru obraz &#8211; 0.75&#8243;<\/h2>\n<p>Suportul pentru obraz Magpul CTR \/ MOE este un accesoriu care se ata\u0219eaz\u0103 pentru a ridica pozi\u021bia obrazului cu 1,9 cm, oferind aliniere \u00eembun\u0103t\u0103\u021bit\u0103 a vederii pentru diverse aplica\u021bii de arme de foc.<\/p>\n<ul>\n<li>Compatibil cu paturile CTR, MOE\u00ae, DT \u0219i PR Carbine<\/li>\n<li>Potrivit pentru configura\u021bii non AR15\/M4, precum conversiile de pat pentru carabina M14<\/li>\n<li>Instalare simpl\u0103 prin ata\u0219are<\/li>\n<li>Fabricat \u00een SUA<\/li>\n<li>NSN: MAG327-BLK 1005-01-591-6041<\/li>\n<\/ul>\n<p><strong>Not\u0103:<\/strong> Poate interfera cu func\u021bia m\u00e2nerului de armare pe platformele AR15\/M4 dac\u0103 patul nu este complet extins.<\/p>\n<\/div>\n","protected":false},"excerpt":{"rendered":"<p>&#8220;\u00cen\u0103l\u021b\u0103tor pentru obraz de 0,75&#8243; cu clip, pentru confort \u0219i precizie sporite.&#8221;<\/p>\n","protected":false},"featured_media":237159,"template":"","meta":{"_acf_changed":false},"product_brand":[11557],"product_cat":[12755,12795,12744],"product_tag":[],"class_list":{"0":"post-285510","1":"product","2":"type-product","3":"status-publish","4":"has-post-thumbnail","6":"product_brand-magpul","7":"product_cat-caciuli-pentru-pusti","8":"product_cat-pusca","9":"product_cat-reglaj-pusca","11":"first","12":"instock","13":"taxable","14":"shipping-taxable","15":"purchasable","16":"product-type-variable","17":"wvs-archive-product-wrapper"},"acf":[],"_links":{"self":[{"href":"https:\/\/staging.nbg.eu\/ro\/wp-json\/wp\/v2\/product\/285510","targetHints":{"allow":["GET"]}}],"collection":[{"href":"https:\/\/staging.nbg.eu\/ro\/wp-json\/wp\/v2\/product"}],"about":[{"href":"https:\/\/staging.nbg.eu\/ro\/wp-json\/wp\/v2\/types\/product"}],"wp:featuredmedia":[{"embeddable":true,"href":"https:\/\/staging.nbg.eu\/ro\/wp-json\/wp\/v2\/media\/237159"}],"wp:attachment":[{"href":"https:\/\/staging.nbg.eu\/ro\/wp-json\/wp\/v2\/media?parent=285510"}],"wp:term":[{"taxonomy":"product_brand","embeddable":true,"href":"https:\/\/staging.nbg.eu\/ro\/wp-json\/wp\/v2\/product_brand?post=285510"},{"taxonomy":"product_cat","embeddable":true,"href":"https:\/\/staging.nbg.eu\/ro\/wp-json\/wp\/v2\/product_cat?post=285510"},{"taxonomy":"product_tag","embeddable":true,"href":"https:\/\/staging.nbg.eu\/ro\/wp-json\/wp\/v2\/product_tag?post=285510"}],"curies":[{"name":"wp","href":"https:\/\/api.w.org\/{rel}","templated":true}]}}