{"id":285460,"date":"2025-03-04T19:02:27","date_gmt":"2025-03-25T14:28:08","guid":{"rendered":"https:\/\/staging.nbg.eu\/product\/magpul-ctr-moe-cheek-riser-0-5\/"},"modified":"2025-03-25T14:30:22","modified_gmt":"2025-03-25T14:30:22","slug":"magpul-suport-obraz-ctr-moe-05","status":"publish","type":"product","link":"https:\/\/staging.nbg.eu\/ro\/produs\/magpul-suport-obraz-ctr-moe-05\/","title":{"rendered":"Magpul &#8211; Suport Obraz CTR \/ MOE &#8211; 0.5&#8243;"},"content":{"rendered":"<div class=\"product-description\">\n<h2>Magpul &#8211; CTR \/ MOE \u00cen\u0103l\u021b\u0103tor pentru obraz &#8211; 0.5&#8243;<\/h2>\n<p>\u00cen\u0103l\u021b\u0103torul pentru obraz Magpul CTR \/ MOE este un accesoriu clip-on conceput pentru a \u00eembun\u0103t\u0103\u021bi confortul \u0219i precizia pentru paturile de carabin\u0103 CTR, MOE\u00ae, DT \u0219i PR.<\/p>\n<ul>\n<li>Ridic\u0103 sprijinul pentru obraz cu 1\/2 inch<\/li>\n<li>Potrivit pentru aplica\u021bii non AR15\/M4<\/li>\n<li>Adecvat pentru conversii de pat de carabin\u0103 M14<\/li>\n<li>Fabricat \u00een SUA<\/li>\n<li>NSN: MAG326-BLK 1005-01-591-6035<\/li>\n<\/ul>\n<p><strong>Not\u0103:<\/strong> Poate interfera cu func\u021bia m\u00e2nerului de armare pe platformele AR15\/M4 dac\u0103 patul nu este complet extins.<\/p>\n<p>Acest \u00een\u0103l\u021b\u0103tor pentru obraz de la Magpul \u00eembun\u0103t\u0103\u021be\u0219te ergonomia pu\u0219tii \u0219i ajut\u0103 la ob\u021binerea unei imagini de ochire mai consistente.<\/p>\n<\/div>\n","protected":false},"excerpt":{"rendered":"<p>Dispozitiv de ridicare a obrazului cu prindere pentru paturi care nu sunt de tip AR15\/M4. Ridic\u0103 punctul de contact cu 0,5 \u021boli.<\/p>\n","protected":false},"featured_media":237043,"template":"","meta":{"_acf_changed":false},"product_brand":[11557],"product_cat":[12755,12795,12744],"product_tag":[],"class_list":{"0":"post-285460","1":"product","2":"type-product","3":"status-publish","4":"has-post-thumbnail","6":"product_brand-magpul","7":"product_cat-caciuli-pentru-pusti","8":"product_cat-pusca","9":"product_cat-reglaj-pusca","11":"first","12":"instock","13":"taxable","14":"shipping-taxable","15":"purchasable","16":"product-type-variable","17":"wvs-archive-product-wrapper"},"acf":[],"_links":{"self":[{"href":"https:\/\/staging.nbg.eu\/ro\/wp-json\/wp\/v2\/product\/285460","targetHints":{"allow":["GET"]}}],"collection":[{"href":"https:\/\/staging.nbg.eu\/ro\/wp-json\/wp\/v2\/product"}],"about":[{"href":"https:\/\/staging.nbg.eu\/ro\/wp-json\/wp\/v2\/types\/product"}],"wp:featuredmedia":[{"embeddable":true,"href":"https:\/\/staging.nbg.eu\/ro\/wp-json\/wp\/v2\/media\/237043"}],"wp:attachment":[{"href":"https:\/\/staging.nbg.eu\/ro\/wp-json\/wp\/v2\/media?parent=285460"}],"wp:term":[{"taxonomy":"product_brand","embeddable":true,"href":"https:\/\/staging.nbg.eu\/ro\/wp-json\/wp\/v2\/product_brand?post=285460"},{"taxonomy":"product_cat","embeddable":true,"href":"https:\/\/staging.nbg.eu\/ro\/wp-json\/wp\/v2\/product_cat?post=285460"},{"taxonomy":"product_tag","embeddable":true,"href":"https:\/\/staging.nbg.eu\/ro\/wp-json\/wp\/v2\/product_tag?post=285460"}],"curies":[{"name":"wp","href":"https:\/\/api.w.org\/{rel}","templated":true}]}}