{"id":285279,"date":"2025-03-04T18:44:51","date_gmt":"2025-03-25T14:26:28","guid":{"rendered":"https:\/\/staging.nbg.eu\/product\/magpul-ctr-moe-cheek-riser-0-25\/"},"modified":"2025-03-25T14:28:43","modified_gmt":"2025-03-25T14:28:43","slug":"magpul-suport-obraz-ctr-moe-025","status":"publish","type":"product","link":"https:\/\/staging.nbg.eu\/ro\/produs\/magpul-suport-obraz-ctr-moe-025\/","title":{"rendered":"Magpul &#8211; Suport Obraz CTR \/ MOE &#8211; 0.25&#8221;"},"content":{"rendered":"<div class=\"product-description\">\n<h2>Magpul &#8211; CTR \/ MOE \u00cen\u0103l\u021b\u0103tor pentru obraz &#8211; 0.25&#8243;<\/h2>\n<p>\u00cen\u0103l\u021b\u0103torul pentru obraz Magpul CTR \/ MOE este un accesoriu clip-on conceput pentru a ridica pozi\u021bia obrazului cu 1\/4 inch, oferind confort \u0219i precizie pentru aplica\u021bii non-AR15\/M4.<\/p>\n<ul>\n<li>Compatibil cu paturile CTR, MOE\u00ae, DT \u0219i PR Carbine<\/li>\n<li>Potrivit pentru conversii de pat M14 carbine<\/li>\n<li>Fabricat \u00een SUA<\/li>\n<li>NSN: MAG325-BLK 1005-01-591-6018<\/li>\n<\/ul>\n<p><strong>Not\u0103:<\/strong> Acest \u00een\u0103l\u021b\u0103tor poate interfera cu func\u021bia m\u00e2nerului de \u00eenc\u0103rcare pe platformele AR15\/M4, cu excep\u021bia cazului \u00een care patul este complet extins.<\/p>\n<p>Acest \u00een\u0103l\u021b\u0103tor pentru obraz Magpul \u00eembun\u0103t\u0103\u021be\u0219te ergonomia \u0219i precizia armei de foc.<\/p>\n<\/div>\n","protected":false},"excerpt":{"rendered":"<p>\u00cen\u0103l\u021b\u0103tor pentru obraz pentru stocuri non-AR15\/M4. Ridic\u0103 sudura cu 0,25 inci. Fabricat \u00een SUA.<\/p>\n","protected":false},"featured_media":236945,"template":"","meta":{"_acf_changed":false},"product_brand":[11557],"product_cat":[12755,12795,12744],"product_tag":[],"class_list":{"0":"post-285279","1":"product","2":"type-product","3":"status-publish","4":"has-post-thumbnail","6":"product_brand-magpul","7":"product_cat-caciuli-pentru-pusti","8":"product_cat-pusca","9":"product_cat-reglaj-pusca","11":"first","12":"instock","13":"taxable","14":"shipping-taxable","15":"purchasable","16":"product-type-variable","17":"wvs-archive-product-wrapper"},"acf":[],"_links":{"self":[{"href":"https:\/\/staging.nbg.eu\/ro\/wp-json\/wp\/v2\/product\/285279","targetHints":{"allow":["GET"]}}],"collection":[{"href":"https:\/\/staging.nbg.eu\/ro\/wp-json\/wp\/v2\/product"}],"about":[{"href":"https:\/\/staging.nbg.eu\/ro\/wp-json\/wp\/v2\/types\/product"}],"wp:featuredmedia":[{"embeddable":true,"href":"https:\/\/staging.nbg.eu\/ro\/wp-json\/wp\/v2\/media\/236945"}],"wp:attachment":[{"href":"https:\/\/staging.nbg.eu\/ro\/wp-json\/wp\/v2\/media?parent=285279"}],"wp:term":[{"taxonomy":"product_brand","embeddable":true,"href":"https:\/\/staging.nbg.eu\/ro\/wp-json\/wp\/v2\/product_brand?post=285279"},{"taxonomy":"product_cat","embeddable":true,"href":"https:\/\/staging.nbg.eu\/ro\/wp-json\/wp\/v2\/product_cat?post=285279"},{"taxonomy":"product_tag","embeddable":true,"href":"https:\/\/staging.nbg.eu\/ro\/wp-json\/wp\/v2\/product_tag?post=285279"}],"curies":[{"name":"wp","href":"https:\/\/api.w.org\/{rel}","templated":true}]}}