{"id":285099,"date":"2025-03-02T07:13:28","date_gmt":"2025-03-25T14:10:53","guid":{"rendered":"https:\/\/staging.nbg.eu\/product\/the-railchanger-from-area-419-armageddon-gear-and-reasor-precision\/"},"modified":"2025-03-25T14:12:57","modified_gmt":"2025-03-25T14:12:57","slug":"railchanger-de-la-area-419-armageddon-gear-si-reasor-precision","status":"publish","type":"product","link":"https:\/\/staging.nbg.eu\/ro\/produs\/railchanger-de-la-area-419-armageddon-gear-si-reasor-precision\/","title":{"rendered":"RailChanger &#8211; De la Area 419, Armageddon Gear si Reasor Precision"},"content":{"rendered":"<div class=\"product-description\">\n<h2>RailChanger: Edi\u021bia GripChanger<\/h2>\n<p>Ad\u0103ugare nou\u0103 la linia RailChanger: GripChanger. Aceast\u0103 geant\u0103 compact\u0103 \u0219i versatil\u0103 este pentru construirea rapid\u0103 a pozi\u021biilor \u0219i utilizare \u00een deschideri mici.<\/p>\n<h2>Caracteristici:<\/h2>\n<ul>\n<li>Mic\u0103, aderent\u0103 \u0219i umplut\u0103 dens<\/li>\n<li>C\u00e2nt\u0103re\u0219te aproximativ 0,45 kg<\/li>\n<li>Se prinde de orice suprafa\u021b\u0103<\/li>\n<li>Ofer\u0103 o platform\u0103 stabil\u0103 pentru configurare rapid\u0103<\/li>\n<\/ul>\n<h2>Kitul include:<\/h2>\n<ul>\n<li>1 Geant\u0103 GripChanger personalizat\u0103 Area 419<\/li>\n<li>1 Clem\u0103 ARCALOCK<\/li>\n<li>1 Bra\u021b Rail Changer Area 419<\/li>\n<\/ul>\n<h2>Specifica\u021bii:<\/h2>\n<ul>\n<li>Greutate: 0,45 kg<\/li>\n<li>Dimensiuni: 25,4 \u00d7 7,62 \u00d7 5,08 cm<\/li>\n<li>Produc\u0103tor: Armageddon Gear<\/li>\n<\/ul>\n<p>GripChanger &#8211; o colaborare \u00eentre Area 419, Armageddon Gear \u0219i Reasor Precision.<\/p>\n<\/div>\n","protected":false},"excerpt":{"rendered":"<p>Geant\u0103 versatil\u0103 \u0219i aderent\u0103 pentru pozi\u021bii de tragere rapide \u0219i stabile.<\/p>\n","protected":false},"featured_media":233709,"template":"","meta":{"_acf_changed":false},"product_brand":[11049],"product_cat":[12795],"product_tag":[],"class_list":{"0":"post-285099","1":"product","2":"type-product","3":"status-publish","4":"has-post-thumbnail","6":"product_brand-area-419","7":"product_cat-pusca","9":"first","10":"instock","11":"taxable","12":"shipping-taxable","13":"purchasable","14":"product-type-variable","15":"wvs-archive-product-wrapper"},"acf":[],"_links":{"self":[{"href":"https:\/\/staging.nbg.eu\/ro\/wp-json\/wp\/v2\/product\/285099","targetHints":{"allow":["GET"]}}],"collection":[{"href":"https:\/\/staging.nbg.eu\/ro\/wp-json\/wp\/v2\/product"}],"about":[{"href":"https:\/\/staging.nbg.eu\/ro\/wp-json\/wp\/v2\/types\/product"}],"wp:featuredmedia":[{"embeddable":true,"href":"https:\/\/staging.nbg.eu\/ro\/wp-json\/wp\/v2\/media\/233709"}],"wp:attachment":[{"href":"https:\/\/staging.nbg.eu\/ro\/wp-json\/wp\/v2\/media?parent=285099"}],"wp:term":[{"taxonomy":"product_brand","embeddable":true,"href":"https:\/\/staging.nbg.eu\/ro\/wp-json\/wp\/v2\/product_brand?post=285099"},{"taxonomy":"product_cat","embeddable":true,"href":"https:\/\/staging.nbg.eu\/ro\/wp-json\/wp\/v2\/product_cat?post=285099"},{"taxonomy":"product_tag","embeddable":true,"href":"https:\/\/staging.nbg.eu\/ro\/wp-json\/wp\/v2\/product_tag?post=285099"}],"curies":[{"name":"wp","href":"https:\/\/api.w.org\/{rel}","templated":true}]}}