{"id":284204,"date":"2025-03-05T08:21:40","date_gmt":"2025-03-25T10:49:03","guid":{"rendered":"https:\/\/staging.nbg.eu\/product\/magpul-moe-sl-enhanced-rubber-butt-pad-0-70\/"},"modified":"2025-03-25T10:51:23","modified_gmt":"2025-03-25T10:51:23","slug":"magpul-placa-calciatura-din-cauciuc-intarita-moe-sl-070","status":"publish","type":"product","link":"https:\/\/staging.nbg.eu\/ro\/produs\/magpul-placa-calciatura-din-cauciuc-intarita-moe-sl-070\/","title":{"rendered":"Magpul &#8211; Placa Calciatura din Cauciuc Intarita MOE SL, 0.70"},"content":{"rendered":"<h2>Magpul &#8211; MOE SL\u00ae Talp\u0103 de cauciuc \u00eembun\u0103t\u0103\u021bit\u0103, 0,70 in<\/h2>\n<p>\u00cenlocui\u021bi talpa existent\u0103 a patului Magpul cu MOE SL\u00ae Talp\u0103 de cauciuc \u00eembun\u0103t\u0103\u021bit\u0103, 0,70&#8243;. Aceast\u0103 talp\u0103 de \u00eenlocuire ofer\u0103 confort \u0219i func\u021bionalitate \u00eembun\u0103t\u0103\u021bite pentru arma dumneavoastr\u0103.<\/p>\n<h3>Caracteristici principale:<\/h3>\n<ul>\n<li>Compatibil\u0103 cu paturile DT Carbine, MOE SL\u00ae, MOE\u00ae SL-S\u2122, UBR\u00ae GEN2, MOE\u00ae AK, Zhukov-S\u00ae, X-22 Backpacker \u0219i PC Backpacker<\/li>\n<li>Textur\u0103 striat\u0103 antiderapant\u0103 pentru manevrare sigur\u0103<\/li>\n<li>Design mai gros \u0219i ventilat pentru confort sporit<\/li>\n<li>Adaug\u0103 aproximativ 3\/8&#8243; la lungimea de tragere<\/li>\n<li>C\u00e2nt\u0103re\u0219te mai pu\u021bin de 1 uncie<\/li>\n<li>Baz\u0103 \u00eenclinat\u0103 \u0219i zim\u021bat\u0103 pentru montare u\u0219oar\u0103<\/li>\n<li>Partea superioar\u0103 curbat\u0103 pentru o a\u0219ezare confortabil\u0103 pe um\u0103r<\/li>\n<\/ul>\n<p>Fabricat\u0103 \u00een SUA, aceast\u0103 talp\u0103 combin\u0103 durabilitatea cu un design \u00eembun\u0103t\u0103\u021bit. Se monteaz\u0103 u\u0219or cu accesoriile existente, oferind o \u00eembun\u0103t\u0103\u021bire imediat\u0103 patului dumneavoastr\u0103 Magpul.<\/p>\n<p><strong>\u00cembun\u0103t\u0103\u021bi\u021bi experien\u021ba de tragere cu Magpul MOE SL\u00ae Talp\u0103 de cauciuc \u00eembun\u0103t\u0103\u021bit\u0103.<\/strong><\/p>\n","protected":false},"excerpt":{"rendered":"<p>Amortizor de cauciuc confortabil, antiderapant, de 0,70&#8243; pentru paturile de arm\u0103 Magpul.<\/p>\n","protected":false},"featured_media":238701,"template":"","meta":{"_acf_changed":false},"product_brand":[11557],"product_cat":[12755,12795,12744],"product_tag":[],"class_list":{"0":"post-284204","1":"product","2":"type-product","3":"status-publish","4":"has-post-thumbnail","6":"product_brand-magpul","7":"product_cat-caciuli-pentru-pusti","8":"product_cat-pusca","9":"product_cat-reglaj-pusca","11":"first","12":"instock","13":"taxable","14":"shipping-taxable","15":"purchasable","16":"product-type-simple"},"acf":[],"_links":{"self":[{"href":"https:\/\/staging.nbg.eu\/ro\/wp-json\/wp\/v2\/product\/284204","targetHints":{"allow":["GET"]}}],"collection":[{"href":"https:\/\/staging.nbg.eu\/ro\/wp-json\/wp\/v2\/product"}],"about":[{"href":"https:\/\/staging.nbg.eu\/ro\/wp-json\/wp\/v2\/types\/product"}],"wp:featuredmedia":[{"embeddable":true,"href":"https:\/\/staging.nbg.eu\/ro\/wp-json\/wp\/v2\/media\/238701"}],"wp:attachment":[{"href":"https:\/\/staging.nbg.eu\/ro\/wp-json\/wp\/v2\/media?parent=284204"}],"wp:term":[{"taxonomy":"product_brand","embeddable":true,"href":"https:\/\/staging.nbg.eu\/ro\/wp-json\/wp\/v2\/product_brand?post=284204"},{"taxonomy":"product_cat","embeddable":true,"href":"https:\/\/staging.nbg.eu\/ro\/wp-json\/wp\/v2\/product_cat?post=284204"},{"taxonomy":"product_tag","embeddable":true,"href":"https:\/\/staging.nbg.eu\/ro\/wp-json\/wp\/v2\/product_tag?post=284204"}],"curies":[{"name":"wp","href":"https:\/\/api.w.org\/{rel}","templated":true}]}}