{"id":284083,"date":"2025-03-05T07:25:38","date_gmt":"2025-03-25T10:18:53","guid":{"rendered":"https:\/\/staging.nbg.eu\/product\/magpul-daka-window-pouch-large\/"},"modified":"2025-03-25T10:20:57","modified_gmt":"2025-03-25T10:20:57","slug":"magpul-husa-cu-fereastra-daka-mare","status":"publish","type":"product","link":"https:\/\/staging.nbg.eu\/ro\/produs\/magpul-husa-cu-fereastra-daka-mare\/","title":{"rendered":"Magpul &#8211; Husa cu Fereastra DAKA, Mare"},"content":{"rendered":"<div class=\"product-description\">\n<h2>Magpul &#8211; Pung\u0103 DAKA\u00ae cu Fereastr\u0103, Mare<\/h2>\n<p>Pung\u0103 Magpul DAKA\u00ae cu Fereastr\u0103. Aceast\u0103 pung\u0103 mare este conceput\u0103 pentru organizare \u00een medii dificile.<\/p>\n<ul>\n<li>Construc\u021bie din material textil infuzat cu polimer cu cus\u0103turi sudate RF<\/li>\n<li>Fermoar YKK\u00ae rezistent la ap\u0103<\/li>\n<li>Fereastr\u0103 translucid\u0103 pentru identificarea con\u021binutului<\/li>\n<li>Textur\u0103 antiderapant\u0103 \u0219i material \u00eent\u0103rit pentru durabilitate<\/li>\n<li>Puncte de ata\u0219are pentru carabin\u0103<\/li>\n<li>\u0218nur de fermoar din paracord 550 cu tub termocontractabil<\/li>\n<li>Matrice de puncte pentru marcare personalizat\u0103<\/li>\n<\/ul>\n<p>Dimensiuni: 23 cm x 33 cm cu o lungime a fermoarului de 25 cm. Pentru depozitarea uneltelor, muni\u021biei sau accesoriilor electronice \u00een condi\u021bii dificile \u00een aer liber.<\/p>\n<\/div>\n","protected":false},"excerpt":{"rendered":"<p>Pung\u0103 durabil\u0103, rezistent\u0103 la ap\u0103, cu fereastr\u0103 pentru o organizare u\u0219oar\u0103.<\/p>\n","protected":false},"featured_media":237669,"template":"","meta":{"_acf_changed":false},"product_brand":[11557],"product_cat":[12762,12753],"product_tag":[],"class_list":{"0":"post-284083","1":"product","2":"type-product","3":"status-publish","4":"has-post-thumbnail","6":"product_brand-magpul","7":"product_cat-echipament","8":"product_cat-genti-tactice","10":"first","11":"instock","12":"taxable","13":"shipping-taxable","14":"purchasable","15":"product-type-simple"},"acf":[],"_links":{"self":[{"href":"https:\/\/staging.nbg.eu\/ro\/wp-json\/wp\/v2\/product\/284083","targetHints":{"allow":["GET"]}}],"collection":[{"href":"https:\/\/staging.nbg.eu\/ro\/wp-json\/wp\/v2\/product"}],"about":[{"href":"https:\/\/staging.nbg.eu\/ro\/wp-json\/wp\/v2\/types\/product"}],"wp:featuredmedia":[{"embeddable":true,"href":"https:\/\/staging.nbg.eu\/ro\/wp-json\/wp\/v2\/media\/237669"}],"wp:attachment":[{"href":"https:\/\/staging.nbg.eu\/ro\/wp-json\/wp\/v2\/media?parent=284083"}],"wp:term":[{"taxonomy":"product_brand","embeddable":true,"href":"https:\/\/staging.nbg.eu\/ro\/wp-json\/wp\/v2\/product_brand?post=284083"},{"taxonomy":"product_cat","embeddable":true,"href":"https:\/\/staging.nbg.eu\/ro\/wp-json\/wp\/v2\/product_cat?post=284083"},{"taxonomy":"product_tag","embeddable":true,"href":"https:\/\/staging.nbg.eu\/ro\/wp-json\/wp\/v2\/product_tag?post=284083"}],"curies":[{"name":"wp","href":"https:\/\/api.w.org\/{rel}","templated":true}]}}