{"id":283968,"date":"2025-03-05T07:31:40","date_gmt":"2025-03-05T07:31:40","guid":{"rendered":"https:\/\/staging.nbg.eu\/product\/magpul-daka-window-pouch-medium\/"},"modified":"2025-03-25T09:55:46","modified_gmt":"2025-03-25T09:55:46","slug":"magpul-husa-cu-fereastra-daka-medie","status":"publish","type":"product","link":"https:\/\/staging.nbg.eu\/ro\/produs\/magpul-husa-cu-fereastra-daka-medie\/","title":{"rendered":"Magpul &#8211; Husa cu Fereastra DAKA, Medie"},"content":{"rendered":"<h2>Magpul &#8211; Pung\u0103 DAKA\u00ae cu Fereastr\u0103, M\u0103rime Medie<\/h2>\n<p>P\u0103stra\u021bi-v\u0103 obiectele de valoare \u00een siguran\u021b\u0103 \u0219i uscate cu Punga Impermeabil\u0103 DAKA\u00ae cu Fereastr\u0103 de la Magpul. Aceast\u0103 pung\u0103 de m\u0103rime medie include:<\/p>\n<ul>\n<li>Fermoare laterale cu clasificare IPX7 pentru rezisten\u021b\u0103 complet\u0103 la ap\u0103<\/li>\n<li>Tr\u0103g\u0103toare de fermoar din paracord 550 durabil cu tub termocontractabil<\/li>\n<li>Panou transparent pentru identificarea u\u0219oar\u0103 a con\u021binutului<\/li>\n<li>Dou\u0103 puncte de trecere extra-mari pentru carabiniere pentru ata\u0219are versatil\u0103<\/li>\n<li>Construc\u021bie robust\u0103 sudat\u0103 RF cu etan\u0219\u0103ri impenetrabile<\/li>\n<li>Material unic infuzat cu polimer pentru protec\u021bie suplimentar\u0103<\/li>\n<\/ul>\n<p>Dimensiuni: 17,78 cm x 30,48 cm (externe), 17,14 cm x 29,84 cm (interne)<\/p>\n<p>Punga Impermeabil\u0103 DAKA\u00ae cu Fereastr\u0103 este util\u0103 pentru activit\u0103\u021bi \u00een aer liber, \u00een special c\u00e2nd exist\u0103 posibilitatea scufund\u0103rii \u00een ap\u0103. Designul s\u0103u robust \u0219i caracteristicile u\u0219or de utilizat o fac potrivit\u0103 pentru p\u0103strarea obiectelor personale \u00een siguran\u021b\u0103 \u00een orice mediu.<\/p>\n","protected":false},"excerpt":{"rendered":"<p>Pung\u0103 impermeabil\u0103 cu fereastr\u0103 pentru identificare u\u0219oar\u0103. Durabil\u0103, submersibil\u0103.<\/p>\n","protected":false},"featured_media":237809,"template":"","meta":{"_acf_changed":false},"product_brand":[11557],"product_cat":[12762,12753],"product_tag":[],"class_list":{"0":"post-283968","1":"product","2":"type-product","3":"status-publish","4":"has-post-thumbnail","6":"product_brand-magpul","7":"product_cat-echipament","8":"product_cat-genti-tactice","10":"first","11":"instock","12":"taxable","13":"shipping-taxable","14":"purchasable","15":"product-type-simple"},"acf":[],"_links":{"self":[{"href":"https:\/\/staging.nbg.eu\/ro\/wp-json\/wp\/v2\/product\/283968","targetHints":{"allow":["GET"]}}],"collection":[{"href":"https:\/\/staging.nbg.eu\/ro\/wp-json\/wp\/v2\/product"}],"about":[{"href":"https:\/\/staging.nbg.eu\/ro\/wp-json\/wp\/v2\/types\/product"}],"wp:featuredmedia":[{"embeddable":true,"href":"https:\/\/staging.nbg.eu\/ro\/wp-json\/wp\/v2\/media\/237809"}],"wp:attachment":[{"href":"https:\/\/staging.nbg.eu\/ro\/wp-json\/wp\/v2\/media?parent=283968"}],"wp:term":[{"taxonomy":"product_brand","embeddable":true,"href":"https:\/\/staging.nbg.eu\/ro\/wp-json\/wp\/v2\/product_brand?post=283968"},{"taxonomy":"product_cat","embeddable":true,"href":"https:\/\/staging.nbg.eu\/ro\/wp-json\/wp\/v2\/product_cat?post=283968"},{"taxonomy":"product_tag","embeddable":true,"href":"https:\/\/staging.nbg.eu\/ro\/wp-json\/wp\/v2\/product_tag?post=283968"}],"curies":[{"name":"wp","href":"https:\/\/api.w.org\/{rel}","templated":true}]}}