{"id":283850,"date":"2025-03-06T09:57:41","date_gmt":"2025-03-25T09:36:08","guid":{"rendered":"https:\/\/staging.nbg.eu\/product\/clawgear-ar15-gasblock-0-750\/"},"modified":"2025-03-25T09:38:19","modified_gmt":"2025-03-25T09:38:19","slug":"clawgear-bloc-gaz-ar15-0750","status":"publish","type":"product","link":"https:\/\/staging.nbg.eu\/ro\/produs\/clawgear-bloc-gaz-ar15-0750\/","title":{"rendered":"Clawgear Bloc Gaz AR15 0.750"},"content":{"rendered":"<h2>Clawgear AR15 Bloc de gaz 0.750<\/h2>\n<p>Blocul de gaz Clawgear AR15 0.750 are un design cu profil redus \u0219i o suprafa\u021b\u0103 \u0219lefuit\u0103. Se potrive\u0219te sub majoritatea g\u0103rzilor de m\u00e2n\u0103 cu flotare liber\u0103.<\/p>\n<h2>Caracteristici principale:<\/h2>\n<ul>\n<li>Construc\u021bie solid\u0103 din o\u021bel dintr-o singur\u0103 bucat\u0103<\/li>\n<li>Prelucrat cu precizie pentru a minimiza scurgerile de gaz<\/li>\n<li>Proiectat pentru diametrul exterior al \u021bevii de 0.750&#8243; la portul de gaz<\/li>\n<li>Rezist\u0103 la gaze fierbin\u021bi \u00een condi\u021bii severe<\/li>\n<\/ul>\n<h2>Specifica\u021bii:<\/h2>\n<ul>\n<li>Dimensiuni: 2.8 x 2.8 x 2.4 cm<\/li>\n<li>Greutate: 0.05 kg<\/li>\n<\/ul>\n<p>Blocul de gaz Clawgear AR15 0.750 \u00eembun\u0103t\u0103\u021be\u0219te performan\u021ba \u0219i fiabilitatea AR15-ului.<\/p>\n","protected":false},"excerpt":{"rendered":"<p>Bloc de gaz AR15 cu profil redus, potrivit pentru \u021bevi de 0,750&#8243;. Construc\u021bie durabil\u0103 din o\u021bel.<\/p>\n","protected":false},"featured_media":240396,"template":"","meta":{"_acf_changed":false},"product_brand":[11229],"product_cat":[12794,12795,12744],"product_tag":[],"class_list":{"0":"post-283850","1":"product","2":"type-product","3":"status-publish","4":"has-post-thumbnail","6":"product_brand-clawgear","7":"product_cat-blocuri-gaz","8":"product_cat-pusca","9":"product_cat-reglaj-pusca","11":"first","12":"instock","13":"taxable","14":"shipping-taxable","15":"purchasable","16":"product-type-simple"},"acf":[],"_links":{"self":[{"href":"https:\/\/staging.nbg.eu\/ro\/wp-json\/wp\/v2\/product\/283850","targetHints":{"allow":["GET"]}}],"collection":[{"href":"https:\/\/staging.nbg.eu\/ro\/wp-json\/wp\/v2\/product"}],"about":[{"href":"https:\/\/staging.nbg.eu\/ro\/wp-json\/wp\/v2\/types\/product"}],"wp:featuredmedia":[{"embeddable":true,"href":"https:\/\/staging.nbg.eu\/ro\/wp-json\/wp\/v2\/media\/240396"}],"wp:attachment":[{"href":"https:\/\/staging.nbg.eu\/ro\/wp-json\/wp\/v2\/media?parent=283850"}],"wp:term":[{"taxonomy":"product_brand","embeddable":true,"href":"https:\/\/staging.nbg.eu\/ro\/wp-json\/wp\/v2\/product_brand?post=283850"},{"taxonomy":"product_cat","embeddable":true,"href":"https:\/\/staging.nbg.eu\/ro\/wp-json\/wp\/v2\/product_cat?post=283850"},{"taxonomy":"product_tag","embeddable":true,"href":"https:\/\/staging.nbg.eu\/ro\/wp-json\/wp\/v2\/product_tag?post=283850"}],"curies":[{"name":"wp","href":"https:\/\/api.w.org\/{rel}","templated":true}]}}