{"id":282097,"date":"2025-03-06T10:01:39","date_gmt":"2025-03-24T12:41:47","guid":{"rendered":"https:\/\/staging.nbg.eu\/product\/clawgear-m-lok-10-slot-rail-qd-integrated\/"},"modified":"2025-03-24T12:44:06","modified_gmt":"2025-03-24T12:44:06","slug":"clawgear-sina-m-lok-10-sloturi-qd-integrata","status":"publish","type":"product","link":"https:\/\/staging.nbg.eu\/ro\/produs\/clawgear-sina-m-lok-10-sloturi-qd-integrata\/","title":{"rendered":"Clawgear Sina M-LOK 10 Sloturi QD Integrata"},"content":{"rendered":"<h2>Clawgear M-LOK \u0218in\u0103 cu 10 sloturi \u0219i punct QD integrat<\/h2>\n<p>\u0218in\u0103 Picatinny pentru interfa\u021ba M-LOK. Are 10 sloturi \u0219i un punct de montare QD integrat pentru anexe. Fabricat\u0103 din aluminiu cu finisaj anodizat conform specifica\u021biilor militare.<\/p>\n<ul>\n<li>Include componente de montare cu piuli\u021be T din o\u021bel inoxidabil<\/li>\n<li>Rezistent\u0103 la coroziune<\/li>\n<li>Cuplu maxim: 4Nm sau 35in\/lb<\/li>\n<\/ul>\n<p><strong>Sfat:<\/strong> Folosi\u021bi m\u00e2nerul scurt al cheii Allen pentru str\u00e2ngere dac\u0103 nu ave\u021bi o cheie dinamometric\u0103.<\/p>\n<p><em>Dimensiuni (ambalat):<\/em> 17 x 10,7 x 1 cm<br \/>\n<em>Greutate:<\/em> 45g (53g ambalat)<\/p>\n","protected":false},"excerpt":{"rendered":"<p>\u0218in\u0103 Picatinny M-LOK cu 10 sloturi \u0219i montur\u0103 QD. Aluminiu durabil.<\/p>\n","protected":false},"featured_media":240512,"template":"","meta":{"_acf_changed":false},"product_brand":[11229],"product_cat":[12758,12795,12744,12743],"product_tag":[],"class_list":{"0":"post-282097","1":"product","2":"type-product","3":"status-publish","4":"has-post-thumbnail","6":"product_brand-clawgear","7":"product_cat-curele-de-purtare","8":"product_cat-pusca","9":"product_cat-reglaj-pusca","10":"product_cat-sine","12":"first","13":"instock","14":"taxable","15":"shipping-taxable","16":"purchasable","17":"product-type-simple"},"acf":[],"_links":{"self":[{"href":"https:\/\/staging.nbg.eu\/ro\/wp-json\/wp\/v2\/product\/282097","targetHints":{"allow":["GET"]}}],"collection":[{"href":"https:\/\/staging.nbg.eu\/ro\/wp-json\/wp\/v2\/product"}],"about":[{"href":"https:\/\/staging.nbg.eu\/ro\/wp-json\/wp\/v2\/types\/product"}],"wp:featuredmedia":[{"embeddable":true,"href":"https:\/\/staging.nbg.eu\/ro\/wp-json\/wp\/v2\/media\/240512"}],"wp:attachment":[{"href":"https:\/\/staging.nbg.eu\/ro\/wp-json\/wp\/v2\/media?parent=282097"}],"wp:term":[{"taxonomy":"product_brand","embeddable":true,"href":"https:\/\/staging.nbg.eu\/ro\/wp-json\/wp\/v2\/product_brand?post=282097"},{"taxonomy":"product_cat","embeddable":true,"href":"https:\/\/staging.nbg.eu\/ro\/wp-json\/wp\/v2\/product_cat?post=282097"},{"taxonomy":"product_tag","embeddable":true,"href":"https:\/\/staging.nbg.eu\/ro\/wp-json\/wp\/v2\/product_tag?post=282097"}],"curies":[{"name":"wp","href":"https:\/\/api.w.org\/{rel}","templated":true}]}}