{"id":279290,"date":"2025-03-03T19:53:03","date_gmt":"2025-03-21T12:33:47","guid":{"rendered":"https:\/\/staging.nbg.eu\/product\/daa-x-ray-aluminum-pouch\/"},"modified":"2025-03-21T12:36:01","modified_gmt":"2025-03-21T12:36:01","slug":"daa-husa-din-aluminiu-x-ray","status":"publish","type":"product","link":"https:\/\/staging.nbg.eu\/ro\/produs\/daa-husa-din-aluminiu-x-ray\/","title":{"rendered":"DAA Husa din Aluminiu X-Ray"},"content":{"rendered":"<h2>Toc de aluminiu DAA X-Ray<\/h2>\n<p>Tocul de magazie DAA X-Ray din aluminiu ofer\u0103 urm\u0103toarele caracteristici:<\/p>\n<ul>\n<li>Margine superioar\u0103 optimizat\u0103 pentru inserarea mai u\u0219oar\u0103 a magaziei<\/li>\n<li>\u0218urub de fixare pentru prevenirea debloc\u0103rii accidentale<\/li>\n<li>Articula\u021bie cu bil\u0103 de 13mm pentru stabilitate \u00eembun\u0103t\u0103\u021bit\u0103<\/li>\n<li>Design transparent cu decupaje pentru reducerea greut\u0103\u021bii<\/li>\n<li>Opt puncte de montare pentru utilizare ambidextr\u0103<\/li>\n<li>Suport pentru curea cu articula\u021bie cu bil\u0103 din aluminiu pentru unghiuri ajustabile<\/li>\n<li>Trei seturi de distan\u021biere pentru compatibilitate cu diverse magazine<\/li>\n<li>Pozi\u021bii de \u00een\u0103l\u021bime ajustabile pentru pinul de oprire din o\u021bel<\/li>\n<li>Ajustare a tensiunii f\u0103r\u0103 unelte<\/li>\n<\/ul>\n<p>Disponibil \u00een finisaje anodizate Albastru, Ro\u0219u, Negru \u0219i Argintiu.<\/p>\n","protected":false},"excerpt":{"rendered":"<p>Pung\u0103 din aluminiu DAA X-Ray: Design inovator, u\u0219or \u0219i transparent pentru tr\u0103g\u0103torii de competi\u021bie.<\/p>\n","protected":false},"featured_media":236029,"template":"","meta":{"_acf_changed":false},"product_brand":[11281],"product_cat":[12762,12753,12738],"product_tag":[],"class_list":{"0":"post-279290","1":"product","2":"type-product","3":"status-publish","4":"has-post-thumbnail","6":"product_brand-doublealpha","7":"product_cat-echipament","8":"product_cat-genti-tactice","9":"product_cat-suporturi-pentru-incarcatoare","11":"first","12":"outofstock","13":"taxable","14":"shipping-taxable","15":"purchasable","16":"product-type-variable","17":"wvs-archive-product-wrapper"},"acf":[],"_links":{"self":[{"href":"https:\/\/staging.nbg.eu\/ro\/wp-json\/wp\/v2\/product\/279290","targetHints":{"allow":["GET"]}}],"collection":[{"href":"https:\/\/staging.nbg.eu\/ro\/wp-json\/wp\/v2\/product"}],"about":[{"href":"https:\/\/staging.nbg.eu\/ro\/wp-json\/wp\/v2\/types\/product"}],"wp:featuredmedia":[{"embeddable":true,"href":"https:\/\/staging.nbg.eu\/ro\/wp-json\/wp\/v2\/media\/236029"}],"wp:attachment":[{"href":"https:\/\/staging.nbg.eu\/ro\/wp-json\/wp\/v2\/media?parent=279290"}],"wp:term":[{"taxonomy":"product_brand","embeddable":true,"href":"https:\/\/staging.nbg.eu\/ro\/wp-json\/wp\/v2\/product_brand?post=279290"},{"taxonomy":"product_cat","embeddable":true,"href":"https:\/\/staging.nbg.eu\/ro\/wp-json\/wp\/v2\/product_cat?post=279290"},{"taxonomy":"product_tag","embeddable":true,"href":"https:\/\/staging.nbg.eu\/ro\/wp-json\/wp\/v2\/product_tag?post=279290"}],"curies":[{"name":"wp","href":"https:\/\/api.w.org\/{rel}","templated":true}]}}