{"id":278787,"date":"2025-03-02T06:06:39","date_gmt":"2025-03-21T11:00:06","guid":{"rendered":"https:\/\/staging.nbg.eu\/product\/144-area-419-billet-loading-block-clear-anodized\/"},"modified":"2025-03-21T11:02:21","modified_gmt":"2025-03-21T11:02:21","slug":"area-419-bloc-de-incarcare-billet-anodizat-transparent","status":"publish","type":"product","link":"https:\/\/staging.nbg.eu\/ro\/produs\/area-419-bloc-de-incarcare-billet-anodizat-transparent\/","title":{"rendered":"Area 419 &#8211; Bloc de Incarcare Billet &#8211; Anodizat Transparent"},"content":{"rendered":"<h2>Bloc de \u00eenc\u0103rcare Area 419 din aluminiu anodizat transparent<\/h2>\n<p>Blocul de \u00eenc\u0103rcare Area 419 din aluminiu anodizat are urm\u0103toarele caracteristici:<\/p>\n<ul>\n<li>50 de spa\u021bii pentru cartu\u0219e 308, Magnum sau Lapua<\/li>\n<li>Construit din aluminiu 6061-T6 cu finisaj anodizat transparent<\/li>\n<li>Dimensiuni: 9,5&#8243; x 4&#8243; x 5\/8&#8243;<\/li>\n<li>G\u0103uri de 0,500&#8243; ad\u00e2ncime cu potrivire str\u00e2ns\u0103 pentru cartu\u0219e<\/li>\n<li>Ad\u00e2ncituri centrale pentru captarea granulelor de pulbere<\/li>\n<li>Picioare de cauciuc antiderapante la baz\u0103<\/li>\n<\/ul>\n<p>Diametre disponibile pentru g\u0103uri: 223 (0,390&#8243;), ARC\/Grendel (0,452&#8243;), 308 (0,485&#8243;), 284 (0,515&#8243;), Magnum (0,560&#8243;), Lapua (0,600&#8243;) \u0219i Cheytac (0,655&#8243;).<\/p>\n<p>Greutate: 1,4 lbs<\/p>\n<p>Acest bloc de \u00eenc\u0103rcare de la Area 419 este durabil \u0219i proiectat cu precizie.<\/p>\n","protected":false},"excerpt":{"rendered":"<p>Bloc de \u00eenc\u0103rcare anodizat durabil pentru 50 de cartu\u0219e. Prelucrat cu precizie, antiderapant.<\/p>\n","protected":false},"featured_media":233225,"template":"","meta":{"_acf_changed":false},"product_brand":[11049],"product_cat":[12745,12791],"product_tag":[],"class_list":{"0":"post-278787","1":"product","2":"type-product","3":"status-publish","4":"has-post-thumbnail","6":"product_brand-area-419","7":"product_cat-accesorii-reincarcare","8":"product_cat-reincarcare","10":"first","11":"instock","12":"taxable","13":"shipping-taxable","14":"purchasable","15":"product-type-variable","16":"wvs-archive-product-wrapper"},"acf":[],"_links":{"self":[{"href":"https:\/\/staging.nbg.eu\/ro\/wp-json\/wp\/v2\/product\/278787","targetHints":{"allow":["GET"]}}],"collection":[{"href":"https:\/\/staging.nbg.eu\/ro\/wp-json\/wp\/v2\/product"}],"about":[{"href":"https:\/\/staging.nbg.eu\/ro\/wp-json\/wp\/v2\/types\/product"}],"wp:featuredmedia":[{"embeddable":true,"href":"https:\/\/staging.nbg.eu\/ro\/wp-json\/wp\/v2\/media\/233225"}],"wp:attachment":[{"href":"https:\/\/staging.nbg.eu\/ro\/wp-json\/wp\/v2\/media?parent=278787"}],"wp:term":[{"taxonomy":"product_brand","embeddable":true,"href":"https:\/\/staging.nbg.eu\/ro\/wp-json\/wp\/v2\/product_brand?post=278787"},{"taxonomy":"product_cat","embeddable":true,"href":"https:\/\/staging.nbg.eu\/ro\/wp-json\/wp\/v2\/product_cat?post=278787"},{"taxonomy":"product_tag","embeddable":true,"href":"https:\/\/staging.nbg.eu\/ro\/wp-json\/wp\/v2\/product_tag?post=278787"}],"curies":[{"name":"wp","href":"https:\/\/api.w.org\/{rel}","templated":true}]}}