{"id":278479,"date":"2025-03-07T18:45:15","date_gmt":"2025-03-21T10:47:27","guid":{"rendered":"https:\/\/staging.nbg.eu\/product\/smith-wesson-performance-center-586-l-comp\/"},"modified":"2025-03-21T10:49:54","modified_gmt":"2025-03-21T10:49:54","slug":"smith-wesson-performance-center-586-l-comp","status":"publish","type":"product","link":"https:\/\/staging.nbg.eu\/ro\/produs\/smith-wesson-performance-center-586-l-comp\/","title":{"rendered":"Smith &#038; Wesson &#8211; PERFORMANCE CENTER\u00ae 586 L-COMP"},"content":{"rendered":"<div class=\"product-description\">\n<h2>Smith &amp; Wesson &#8211; PERFORMANCE CENTER\u00ae 586 L-COMP<\/h2>\n<p>Smith &amp; Wesson Performance Center\u00ae 586 L-COMP este primul revolver de dimensiune medie cu \u0219apte focuri bluat oferit de Smith &amp; Wesson.<\/p>\n<h2>Caracteristici principale:<\/h2>\n<ul>\n<li>\u021aeav\u0103 cu port pentru reducerea reculului<\/li>\n<li>Dispozitiv de ochire frontal cu tritiu<\/li>\n<li>Ac\u021biune ajustat\u0103 de Performance Center<\/li>\n<li>Ac\u021biune dubl\u0103 fluid\u0103 \u0219i ac\u021biune simpl\u0103 precis\u0103<\/li>\n<li>Cilindru t\u0103iat pentru clipsuri lunare (incluse)<\/li>\n<\/ul>\n<p>586 L-COMP are o ac\u021biune ajustat\u0103 de Performance Center. \u021aeava cu port reduce reculul. Dispozitivul de ochire frontal cu tritiu permite achizi\u021bia rapid\u0103 a \u021bintei \u00een condi\u021bii de lumin\u0103 sc\u0103zut\u0103. Cilindrul este t\u0103iat pentru clipsuri lunare, care sunt incluse.<\/p>\n<h2>Specifica\u021bii:<\/h2>\n<ul>\n<li>Calibru: .357 Magnum<\/li>\n<li>Capacitate: 7 cartu\u0219e<\/li>\n<li>Lungimea \u021bevii: 3 inci<\/li>\n<li>Lungime total\u0103: 8 inci<\/li>\n<li>Greutate: 36.2 uncii<\/li>\n<li>Material cadru: O\u021bel carbon<\/li>\n<li>Material \u021beav\u0103: O\u021bel carbon<\/li>\n<li>Finisaj: Negru<\/li>\n<li>Ac\u021biune: Simpl\u0103\/Dubl\u0103<\/li>\n<li>Dispozitive de ochire: Dispozitive de ochire de noapte<\/li>\n<\/ul>\n<p>586 L-COMP este fabricat de armurieri Smith &amp; Wesson. Fiecare pistol este construit pentru a \u00eendeplini standardele Performance Center\u00ae.<\/p>\n<p>Pentru informa\u021bii despre disponibilitatea acestui pistol \u00een edi\u021bie limitat\u0103, contacta\u021bi distribuitorul local Smith &amp; Wesson.<\/p>\n<\/div>\n","protected":false},"excerpt":{"rendered":"<p>S&amp;W Performance Center 586 L-Comp: revolver cu 7 focuri \u00een calibrul .357 Magnum, cu \u021beav\u0103 portat\u0103, c\u0103tare nocturn\u0103 \u0219i mecanism de tragere ajustat.<\/p>\n","protected":false},"featured_media":248898,"template":"","meta":{"_acf_changed":false},"product_brand":[11827],"product_cat":[12742,12752],"product_tag":[],"class_list":{"0":"post-278479","1":"product","2":"type-product","3":"status-publish","4":"has-post-thumbnail","6":"product_brand-smith-and-wesson","7":"product_cat-pistoale","8":"product_cat-pistol","10":"first","11":"instock","12":"taxable","13":"shipping-taxable","14":"purchasable","15":"product-type-simple"},"acf":[],"_links":{"self":[{"href":"https:\/\/staging.nbg.eu\/ro\/wp-json\/wp\/v2\/product\/278479","targetHints":{"allow":["GET"]}}],"collection":[{"href":"https:\/\/staging.nbg.eu\/ro\/wp-json\/wp\/v2\/product"}],"about":[{"href":"https:\/\/staging.nbg.eu\/ro\/wp-json\/wp\/v2\/types\/product"}],"wp:featuredmedia":[{"embeddable":true,"href":"https:\/\/staging.nbg.eu\/ro\/wp-json\/wp\/v2\/media\/248898"}],"wp:attachment":[{"href":"https:\/\/staging.nbg.eu\/ro\/wp-json\/wp\/v2\/media?parent=278479"}],"wp:term":[{"taxonomy":"product_brand","embeddable":true,"href":"https:\/\/staging.nbg.eu\/ro\/wp-json\/wp\/v2\/product_brand?post=278479"},{"taxonomy":"product_cat","embeddable":true,"href":"https:\/\/staging.nbg.eu\/ro\/wp-json\/wp\/v2\/product_cat?post=278479"},{"taxonomy":"product_tag","embeddable":true,"href":"https:\/\/staging.nbg.eu\/ro\/wp-json\/wp\/v2\/product_tag?post=278479"}],"curies":[{"name":"wp","href":"https:\/\/api.w.org\/{rel}","templated":true}]}}