{"id":278328,"date":"2025-03-07T17:59:41","date_gmt":"2025-03-21T10:05:09","guid":{"rendered":"https:\/\/staging.nbg.eu\/product\/sellier-bellot-40sw-fmj-11-7g-180gr\/"},"modified":"2025-03-21T10:07:21","modified_gmt":"2025-03-21T10:07:21","slug":"sellier-bellot-40sw-fmj-117g-180gr","status":"publish","type":"product","link":"https:\/\/staging.nbg.eu\/ro\/produs\/sellier-bellot-40sw-fmj-117g-180gr\/","title":{"rendered":"Sellier &#038; Bellot &#8211; 40S&#038;W FMJ &#8211; 11.7g \/ 180gr"},"content":{"rendered":"<p>Muni\u021bia Sellier &amp; Bellot 40S&amp;W Full Metal Jacket este potrivit\u0103 pentru antrenament \u0219i practic\u0103 la \u021bint\u0103. Fiecare cartu\u0219 con\u021bine un proiectil FMJ de 180 grains, oferind performan\u021b\u0103 \u0219i alimentare fiabil\u0103 \u00een pistoalele .40 S&amp;W.<\/p>\n<ul>\n<li>Calibru: .40 S&amp;W<\/li>\n<li>Greutatea proiectilului: 180 grains (11,7g)<\/li>\n<li>Tipul proiectilului: Full Metal Jacket (FMJ)<\/li>\n<li>Viteza la gura \u021bevii: 968 FPS<\/li>\n<li>Energia la gura \u021bevii: 400 ft-lbs<\/li>\n<li>Material carcas\u0103: Alam\u0103<\/li>\n<\/ul>\n<p>Aceast\u0103 muni\u021bie vine \u00een cutii de 50 de cartu\u0219e, cu 20 de cutii per cutie. Carcasa de alam\u0103 asigur\u0103 o func\u021bionare bun\u0103 \u0219i permite re\u00eenc\u0103rcarea. Cu o vitez\u0103 de 940 fps, aceste cartu\u0219e sunt potrivite pentru trageri la \u021bint\u0103 \u0219i practic\u0103 la poligon. Sellier &amp; Bellot ofer\u0103 muni\u021bie pentru arma dvs. .40 S&amp;W.<\/p>\n","protected":false},"excerpt":{"rendered":"<p>Muni\u021bie 40 S&amp;W 180gr FMJ pentru tragere la \u021bint\u0103. Tub de alam\u0103, 968 FPS, 50 cartu\u0219e\/cutie.<\/p>\n","protected":false},"featured_media":248755,"template":"","meta":{"_acf_changed":false},"product_brand":[],"product_cat":[12770,12740],"product_tag":[],"class_list":{"0":"post-278328","1":"product","2":"type-product","3":"status-publish","4":"has-post-thumbnail","6":"product_cat-munitie","7":"product_cat-munitie-pentru-pistoale","9":"first","10":"instock","11":"taxable","12":"shipping-taxable","13":"purchasable","14":"product-type-simple"},"acf":[],"_links":{"self":[{"href":"https:\/\/staging.nbg.eu\/ro\/wp-json\/wp\/v2\/product\/278328","targetHints":{"allow":["GET"]}}],"collection":[{"href":"https:\/\/staging.nbg.eu\/ro\/wp-json\/wp\/v2\/product"}],"about":[{"href":"https:\/\/staging.nbg.eu\/ro\/wp-json\/wp\/v2\/types\/product"}],"wp:featuredmedia":[{"embeddable":true,"href":"https:\/\/staging.nbg.eu\/ro\/wp-json\/wp\/v2\/media\/248755"}],"wp:attachment":[{"href":"https:\/\/staging.nbg.eu\/ro\/wp-json\/wp\/v2\/media?parent=278328"}],"wp:term":[{"taxonomy":"product_brand","embeddable":true,"href":"https:\/\/staging.nbg.eu\/ro\/wp-json\/wp\/v2\/product_brand?post=278328"},{"taxonomy":"product_cat","embeddable":true,"href":"https:\/\/staging.nbg.eu\/ro\/wp-json\/wp\/v2\/product_cat?post=278328"},{"taxonomy":"product_tag","embeddable":true,"href":"https:\/\/staging.nbg.eu\/ro\/wp-json\/wp\/v2\/product_tag?post=278328"}],"curies":[{"name":"wp","href":"https:\/\/api.w.org\/{rel}","templated":true}]}}