{"id":278214,"date":"2025-03-07T10:00:31","date_gmt":"2025-03-21T09:44:26","guid":{"rendered":"https:\/\/staging.nbg.eu\/product\/hornady-6mm-arc-80gr-eld-vt\/"},"modified":"2025-03-21T09:46:33","modified_gmt":"2025-03-21T09:46:33","slug":"hornady-6mm-arc-80gr-eld-vt","status":"publish","type":"product","link":"https:\/\/staging.nbg.eu\/ro\/produs\/hornady-6mm-arc-80gr-eld-vt\/","title":{"rendered":"Hornady &#8211; 6mm ARC 80gr. ELD-VT"},"content":{"rendered":"<div class=\"product-description\">\n<h2>Hornady &#8211; 6mm ARC 80gr. ELD-VT<\/h2>\n<p>Muni\u021bie Hornady 6mm ARC 80gr. ELD-VT pentru tr\u0103g\u0103tori competitivi \u0219i v\u00e2n\u0103tori de d\u0103un\u0103tori.<\/p>\n<h3>Caracteristici principale:<\/h3>\n<ul>\n<li><strong>Componente:<\/strong> \u00cenc\u0103rcate cu materiale de calitate pentru precizie.<\/li>\n<li><strong>Propulsan\u021bi:<\/strong> Ardere curat\u0103 \u0219i stabilitate la temperatur\u0103 pentru performan\u021b\u0103 constant\u0103.<\/li>\n<li><strong>Versatil:<\/strong> Pentru tir competitiv \u0219i v\u00e2n\u0103toare de d\u0103un\u0103tori.<\/li>\n<li><strong>Precizie:<\/strong> Proiectat pentru acurate\u021be la diferite distan\u021be.<\/li>\n<\/ul>\n<p>Muni\u021bie Hornady 6mm ARC 80gr. ELD-VT pentru tir de precizie.<\/p>\n<\/div>\n","protected":false},"excerpt":{"rendered":"<p>Muni\u021bie de precizie 6mm ARC. Acurate\u021be de nivel competitiv, consistent\u0103 la toate temperaturile.<\/p>\n","protected":false},"featured_media":246060,"template":"","meta":{"_acf_changed":false},"product_brand":[11465],"product_cat":[12770,12807],"product_tag":[],"class_list":{"0":"post-278214","1":"product","2":"type-product","3":"status-publish","4":"has-post-thumbnail","6":"product_brand-hornady","7":"product_cat-munitie","8":"product_cat-munitie-pusca","10":"first","11":"instock","12":"taxable","13":"shipping-taxable","14":"purchasable","15":"product-type-simple"},"acf":[],"_links":{"self":[{"href":"https:\/\/staging.nbg.eu\/ro\/wp-json\/wp\/v2\/product\/278214","targetHints":{"allow":["GET"]}}],"collection":[{"href":"https:\/\/staging.nbg.eu\/ro\/wp-json\/wp\/v2\/product"}],"about":[{"href":"https:\/\/staging.nbg.eu\/ro\/wp-json\/wp\/v2\/types\/product"}],"wp:featuredmedia":[{"embeddable":true,"href":"https:\/\/staging.nbg.eu\/ro\/wp-json\/wp\/v2\/media\/246060"}],"wp:attachment":[{"href":"https:\/\/staging.nbg.eu\/ro\/wp-json\/wp\/v2\/media?parent=278214"}],"wp:term":[{"taxonomy":"product_brand","embeddable":true,"href":"https:\/\/staging.nbg.eu\/ro\/wp-json\/wp\/v2\/product_brand?post=278214"},{"taxonomy":"product_cat","embeddable":true,"href":"https:\/\/staging.nbg.eu\/ro\/wp-json\/wp\/v2\/product_cat?post=278214"},{"taxonomy":"product_tag","embeddable":true,"href":"https:\/\/staging.nbg.eu\/ro\/wp-json\/wp\/v2\/product_tag?post=278214"}],"curies":[{"name":"wp","href":"https:\/\/api.w.org\/{rel}","templated":true}]}}