{"id":276613,"date":"2025-03-03T19:46:03","date_gmt":"2025-03-03T19:46:03","guid":{"rendered":"https:\/\/staging.nbg.eu\/product\/daa-alpha-xip\/"},"modified":"2025-03-20T14:13:50","modified_gmt":"2025-03-20T14:13:50","slug":"daa-alpha-xip","status":"publish","type":"product","link":"https:\/\/staging.nbg.eu\/ro\/produs\/daa-alpha-xip\/","title":{"rendered":"DAA Alpha-XiP"},"content":{"rendered":"<h2>Kit de magnet DAA Alpha-XiP<\/h2>\n<p>Ad\u0103uga\u021bi un magnet la husa DAA Racer sau Alpha XiP. Ata\u0219a\u021bi un magnet puternic la husa dvs. pentru montare rapid\u0103 \u0219i sigur\u0103.<\/p>\n<h3>Con\u021binutul kitului:<\/h3>\n<ul>\n<li>Magnet mare DAA<\/li>\n<li>\u0218urub M5 10mm din o\u021bel inoxidabil<\/li>\n<li>Inser\u021bie termic\u0103 din alam\u0103 M5 (lungime 6mm)<\/li>\n<\/ul>\n<h3>Unelte necesare:<\/h3>\n<ul>\n<li>Ma\u0219in\u0103 de g\u0103urit cu burghiu de 6,3-6,5mm<\/li>\n<li>Fier de lipit<\/li>\n<li>Pil\u0103 \u0219i h\u00e2rtie abraziv\u0103<\/li>\n<\/ul>\n<p>Urma\u021bi instruc\u021biunile noastre pentru asamblare. G\u0103uri\u021bi, introduce\u021bi inser\u021bia termic\u0103 \u0219i ata\u0219a\u021bi magnetul. Cu acest kit, ve\u021bi \u00eembun\u0103t\u0103\u021bi func\u021bionalitatea husei dvs.<\/p>\n<p><strong>Not\u0103:<\/strong> Asamblarea necesit\u0103 aten\u021bie \u0219i r\u0103bdare. Prioritiza\u021bi siguran\u021ba \u00een timpul instal\u0103rii.<\/p>\n","protected":false},"excerpt":{"rendered":"<p>DAA Alpha-XiP: Kit de ata\u0219ament personalizabil pentru buzunar magnetic<\/p>\n","protected":false},"featured_media":235864,"template":"","meta":{"_acf_changed":false},"product_brand":[11281],"product_cat":[12762,12753],"product_tag":[],"class_list":{"0":"post-276613","1":"product","2":"type-product","3":"status-publish","4":"has-post-thumbnail","6":"product_brand-doublealpha","7":"product_cat-echipament","8":"product_cat-genti-tactice","10":"first","11":"instock","12":"taxable","13":"shipping-taxable","14":"purchasable","15":"product-type-simple"},"acf":[],"_links":{"self":[{"href":"https:\/\/staging.nbg.eu\/ro\/wp-json\/wp\/v2\/product\/276613","targetHints":{"allow":["GET"]}}],"collection":[{"href":"https:\/\/staging.nbg.eu\/ro\/wp-json\/wp\/v2\/product"}],"about":[{"href":"https:\/\/staging.nbg.eu\/ro\/wp-json\/wp\/v2\/types\/product"}],"wp:featuredmedia":[{"embeddable":true,"href":"https:\/\/staging.nbg.eu\/ro\/wp-json\/wp\/v2\/media\/235864"}],"wp:attachment":[{"href":"https:\/\/staging.nbg.eu\/ro\/wp-json\/wp\/v2\/media?parent=276613"}],"wp:term":[{"taxonomy":"product_brand","embeddable":true,"href":"https:\/\/staging.nbg.eu\/ro\/wp-json\/wp\/v2\/product_brand?post=276613"},{"taxonomy":"product_cat","embeddable":true,"href":"https:\/\/staging.nbg.eu\/ro\/wp-json\/wp\/v2\/product_cat?post=276613"},{"taxonomy":"product_tag","embeddable":true,"href":"https:\/\/staging.nbg.eu\/ro\/wp-json\/wp\/v2\/product_tag?post=276613"}],"curies":[{"name":"wp","href":"https:\/\/api.w.org\/{rel}","templated":true}]}}