{"id":276108,"date":"2025-03-02T17:08:39","date_gmt":"2025-03-02T17:08:39","guid":{"rendered":"https:\/\/staging.nbg.eu\/product\/bore-tech-decimator-suppressor-cleaner\/"},"modified":"2025-03-20T13:32:12","modified_gmt":"2025-03-20T13:32:12","slug":"solutie-curatare-amortizor-sunet-bore-tech-decimator","status":"publish","type":"product","link":"https:\/\/staging.nbg.eu\/ro\/produs\/solutie-curatare-amortizor-sunet-bore-tech-decimator\/","title":{"rendered":"Solutie Curatare Amortizor Sunet Bore Tech Decimator"},"content":{"rendered":"<div class=\"product-description\">\n<h2>Solu\u021bie de cur\u0103\u021bare pentru supresoare Bore Tech Decimator<\/h2>\n<p>Bore Tech Decimator este o solu\u021bie de cur\u0103\u021bare pentru supresoare. Aceast\u0103 formul\u0103 \u00een dou\u0103 p\u0103r\u021bi este conceput\u0103 pentru a \u00eendep\u0103rta acumul\u0103rile de reziduuri \u00een supresoarele de arme cu percu\u021bie pe ram\u0103 \u0219i central\u0103.<\/p>\n<ul>\n<li>Sigur pentru supresoare<\/li>\n<li>Non-periculos \u0219i f\u0103r\u0103 amoniac<\/li>\n<li>F\u0103r\u0103 miros \u0219i biodegradabil<\/li>\n<li>Sigur pentru aluminiu, o\u021bel inoxidabil, titan \u0219i diverse aliaje<\/li>\n<\/ul>\n<p>Partea A \u021binte\u0219te acumul\u0103rile de carbon\/plumb, \u00een timp ce Partea B se concentreaz\u0103 pe reziduurile de cupru. C\u00e2nd este utilizat cu Sistemul de Cur\u0103\u021bare pentru Supresoare Decimator, este o combina\u021bie pentru \u00eentre\u021binerea supresoarelor, fr\u00e2nelor de gur\u0103, monturilor QD \u0219i ascunz\u0103toarelor de flac\u0103r\u0103.<\/p>\n<p>Bore Tech Decimator Suppressor Cleaner ajut\u0103 la \u00eentre\u021binerea \u0219i performan\u021ba supresoarelor.<\/p>\n<\/div>\n","protected":false},"excerpt":{"rendered":"<p>Agent de cur\u0103\u021bare eficient \u0219i sigur pentru supresoare, pentru \u00eendep\u0103rtarea murd\u0103riei extreme.<\/p>\n","protected":false},"featured_media":235256,"template":"","meta":{"_acf_changed":false},"product_brand":[],"product_cat":[12776,12811],"product_tag":[],"class_list":{"0":"post-276108","1":"product","2":"type-product","3":"status-publish","4":"has-post-thumbnail","6":"product_cat-curatare-arme","7":"product_cat-necategorizat","9":"first","10":"instock","11":"taxable","12":"shipping-taxable","13":"purchasable","14":"product-type-simple"},"acf":[],"_links":{"self":[{"href":"https:\/\/staging.nbg.eu\/ro\/wp-json\/wp\/v2\/product\/276108","targetHints":{"allow":["GET"]}}],"collection":[{"href":"https:\/\/staging.nbg.eu\/ro\/wp-json\/wp\/v2\/product"}],"about":[{"href":"https:\/\/staging.nbg.eu\/ro\/wp-json\/wp\/v2\/types\/product"}],"wp:featuredmedia":[{"embeddable":true,"href":"https:\/\/staging.nbg.eu\/ro\/wp-json\/wp\/v2\/media\/235256"}],"wp:attachment":[{"href":"https:\/\/staging.nbg.eu\/ro\/wp-json\/wp\/v2\/media?parent=276108"}],"wp:term":[{"taxonomy":"product_brand","embeddable":true,"href":"https:\/\/staging.nbg.eu\/ro\/wp-json\/wp\/v2\/product_brand?post=276108"},{"taxonomy":"product_cat","embeddable":true,"href":"https:\/\/staging.nbg.eu\/ro\/wp-json\/wp\/v2\/product_cat?post=276108"},{"taxonomy":"product_tag","embeddable":true,"href":"https:\/\/staging.nbg.eu\/ro\/wp-json\/wp\/v2\/product_tag?post=276108"}],"curies":[{"name":"wp","href":"https:\/\/api.w.org\/{rel}","templated":true}]}}