{"id":275703,"date":"2025-03-07T18:52:50","date_gmt":"2025-03-20T12:41:28","guid":{"rendered":"https:\/\/staging.nbg.eu\/product\/vortex-defender-xl-micro-red-dot\/"},"modified":"2025-03-20T12:43:44","modified_gmt":"2025-03-20T12:43:44","slug":"vortex-defender-xl-micro-red-dot","status":"publish","type":"product","link":"https:\/\/staging.nbg.eu\/ro\/produs\/vortex-defender-xl-micro-red-dot\/","title":{"rendered":"Vortex &#8211; Defender-XL\u2122 &#8211; Micro Red Dot"},"content":{"rendered":"<div class=\"product-description\">\n<h2>Vortex &#8211; Defender-XL\u2122 &#8211; Punct Ro\u0219u Micro<\/h2>\n<p>Vortex Defender-XL\u2122 este un punct ro\u0219u micro pentru tir competitiv. Acest dispozitiv optic are o fereastr\u0103 de vizualizare mare care ofer\u0103 o viziune periferic\u0103 mai bun\u0103 \u0219i o vitez\u0103 crescut\u0103 pentru focuri consecutive.<\/p>\n<h2>Caracteristici principale:<\/h2>\n<ul>\n<li><strong>Punct ro\u0219u de 5 MOA:<\/strong> Vizibil \u00een diverse condi\u021bii de iluminare<\/li>\n<li><strong>10 set\u0103ri de luminozitate:<\/strong> 8 pentru utilizare diurn\u0103 \u0219i 2 compatibile cu vederea nocturn\u0103<\/li>\n<li><strong>Fereastr\u0103 de vizualizare mare:<\/strong> Achizi\u021bie rapid\u0103 a \u021bintei \u0219i c\u00e2mp vizual larg<\/li>\n<li><strong>Lentil\u0103 asferic\u0103:<\/strong> Imagine f\u0103r\u0103 distorsiuni<\/li>\n<li><strong>Insert din polimer ShockShield\u2122:<\/strong> Protec\u021bie \u00eempotriva utiliz\u0103rii intense<\/li>\n<li><strong>Texturare Fast-Rack\u2122:<\/strong> Pentru \u00eenc\u0103rcarea u\u0219oar\u0103 a glisierului<\/li>\n<li><strong>Activare prin mi\u0219care:<\/strong> Pornire automat\u0103 cu oprire automat\u0103 dup\u0103 10 minute<\/li>\n<li><strong>Blocare buton:<\/strong> Previne ajustarea accidental\u0103 a luminozit\u0103\u021bii<\/li>\n<li><strong>Baterie montat\u0103 \u00een partea superioar\u0103:<\/strong> Schimbare u\u0219oar\u0103 f\u0103r\u0103 rezeroire<\/li>\n<\/ul>\n<h2>Specifica\u021bii tehnice:<\/h2>\n<ul>\n<li>Amprent\u0103 de montare: DeltaPoint\u00ae Pro<\/li>\n<li>Tip de montare: Picatinny<\/li>\n<li>M\u0103rire: 1x<\/li>\n<li>Tip baterie: CR2032<\/li>\n<li>Durata de via\u021b\u0103 a bateriei: 25.000 ore<\/li>\n<li>Grada\u021bie de ajustare: 1 MOA<\/li>\n<li>Ajustare maxim\u0103 eleva\u021bie: 120 MOA<\/li>\n<li>Ajustare maxim\u0103 deriv\u0103: 115 MOA<\/li>\n<li>Lungime: 5,08 cm<\/li>\n<li>Greutate: 54,7 g<\/li>\n<\/ul>\n<h2>Durabilitate \u0219i performan\u021b\u0103:<\/h2>\n<ul>\n<li>Impermeabil: Garnituri O-ring pentru performan\u021b\u0103 \u00een toate mediile<\/li>\n<li>Antiaburire: Proiectat pentru a rezista la diferite temperaturi<\/li>\n<li>Rezistent la \u0219ocuri: Construc\u021bie robust\u0103 pentru a rezista la recul \u0219i impact<\/li>\n<li>Finisaj anodizat negru mat: Rezistent la coroziune \u0219i uzur\u0103<\/li>\n<li>\u0218asiu dintr-o singur\u0103 bucat\u0103: Design compact \u0219i u\u0219or<\/li>\n<li>F\u0103r\u0103 paralax\u0103: Paralax\u0103 neglijabil\u0103 pentru precizie \u00eembun\u0103t\u0103\u021bit\u0103<\/li>\n<li>Degajare ocular\u0103 nelimitat\u0103: Pentru achizi\u021bia rapid\u0103 a \u021bintei<\/li>\n<\/ul>\n<p>Vortex Defender-XL\u2122 Punct Ro\u0219u Micro este potrivit pentru tr\u0103g\u0103torii care necesit\u0103 construc\u021bie robust\u0103, caracteristici avansate \u0219i performan\u021b\u0103 precis\u0103.<\/p>\n<\/div>\n","protected":false},"excerpt":{"rendered":"<p>Sight ro\u0219u punct robust \u0219i compact, cu fereastr\u0103 mare pentru achizi\u021bia rapid\u0103 a \u021bintei. Punct de 5 MOA, 10 set\u0103ri de luminozitate.<\/p>\n","protected":false},"featured_media":249120,"template":"","meta":{"_acf_changed":false},"product_brand":[11969],"product_cat":[12771,12752,12751,12772,12805],"product_tag":[],"class_list":{"0":"post-275703","1":"product","2":"type-product","3":"status-publish","4":"has-post-thumbnail","6":"product_brand-vortex","7":"product_cat-ochire","8":"product_cat-pistol","9":"product_cat-puncte-pentru-pistoale","10":"product_cat-puncte-rosii","11":"product_cat-puncte-rosii-pusca","13":"first","14":"instock","15":"sale","16":"taxable","17":"shipping-taxable","18":"purchasable","19":"product-type-variable","20":"wvs-archive-product-wrapper"},"acf":[],"_links":{"self":[{"href":"https:\/\/staging.nbg.eu\/ro\/wp-json\/wp\/v2\/product\/275703","targetHints":{"allow":["GET"]}}],"collection":[{"href":"https:\/\/staging.nbg.eu\/ro\/wp-json\/wp\/v2\/product"}],"about":[{"href":"https:\/\/staging.nbg.eu\/ro\/wp-json\/wp\/v2\/types\/product"}],"wp:featuredmedia":[{"embeddable":true,"href":"https:\/\/staging.nbg.eu\/ro\/wp-json\/wp\/v2\/media\/249120"}],"wp:attachment":[{"href":"https:\/\/staging.nbg.eu\/ro\/wp-json\/wp\/v2\/media?parent=275703"}],"wp:term":[{"taxonomy":"product_brand","embeddable":true,"href":"https:\/\/staging.nbg.eu\/ro\/wp-json\/wp\/v2\/product_brand?post=275703"},{"taxonomy":"product_cat","embeddable":true,"href":"https:\/\/staging.nbg.eu\/ro\/wp-json\/wp\/v2\/product_cat?post=275703"},{"taxonomy":"product_tag","embeddable":true,"href":"https:\/\/staging.nbg.eu\/ro\/wp-json\/wp\/v2\/product_tag?post=275703"}],"curies":[{"name":"wp","href":"https:\/\/api.w.org\/{rel}","templated":true}]}}