{"id":275012,"date":"2025-03-03T19:13:19","date_gmt":"2025-03-20T10:49:31","guid":{"rendered":"https:\/\/staging.nbg.eu\/product\/bore-tech-patch-guide\/"},"modified":"2025-03-20T10:51:39","modified_gmt":"2025-03-20T10:51:39","slug":"ghid-petec-bore-tech","status":"publish","type":"product","link":"https:\/\/staging.nbg.eu\/ro\/produs\/ghid-petec-bore-tech\/","title":{"rendered":"Ghid Petec Bore Tech"},"content":{"rendered":"<h2>Ghid pentru petic Bore Tech AR-15\/AR-10<\/h2>\n<p>Ghidul pentru petic Bore Tech este un sistem pentru \u00een\u021beparea peticelor f\u0103r\u0103 m\u00e2ini care simplific\u0103 procesul de cur\u0103\u021bare.<\/p>\n<ul>\n<li>Componente din aluminiu prelucrate CNC<\/li>\n<li>Finisaj anodizat pentru durabilitate<\/li>\n<li>Aliniaz\u0103 tija de cur\u0103\u021bare cu \u021beava pu\u0219tii<\/li>\n<li>Previne deteriorarea zalelor de blocare \u0219i a marginilor camerei<\/li>\n<li>Adaptoare frontale interschimbabile, rezistente la solven\u021bi<\/li>\n<li>Disponibil pentru diverse calibre AR-15 \u0219i AR-10<\/li>\n<\/ul>\n<p>Ghidul pentru petic Bore Tech este un instrument pentru proprietarii de arme. Fabricat \u00een SUA.<\/p>\n","protected":false},"excerpt":{"rendered":"<p>Cur\u0103\u021bare f\u0103r\u0103 efort \u0219i f\u0103r\u0103 dezordine a AR-15\/AR-10 cu \u00eenfigerea automat\u0103 a petecelor.<\/p>\n","protected":false},"featured_media":235535,"template":"","meta":{"_acf_changed":false},"product_brand":[11164],"product_cat":[12776,12802,12760],"product_tag":[],"class_list":{"0":"post-275012","1":"product","2":"type-product","3":"status-publish","4":"has-post-thumbnail","6":"product_brand-boretech","7":"product_cat-curatare-arme","8":"product_cat-petice","9":"product_cat-petice-si-pistoale-de-peticit","10":"pa_model-ar-10-ro","11":"pa_model-ar-15-ro","13":"first","14":"instock","15":"taxable","16":"shipping-taxable","17":"purchasable","18":"product-type-variable","19":"wvs-archive-product-wrapper"},"acf":[],"_links":{"self":[{"href":"https:\/\/staging.nbg.eu\/ro\/wp-json\/wp\/v2\/product\/275012","targetHints":{"allow":["GET"]}}],"collection":[{"href":"https:\/\/staging.nbg.eu\/ro\/wp-json\/wp\/v2\/product"}],"about":[{"href":"https:\/\/staging.nbg.eu\/ro\/wp-json\/wp\/v2\/types\/product"}],"wp:featuredmedia":[{"embeddable":true,"href":"https:\/\/staging.nbg.eu\/ro\/wp-json\/wp\/v2\/media\/235535"}],"wp:attachment":[{"href":"https:\/\/staging.nbg.eu\/ro\/wp-json\/wp\/v2\/media?parent=275012"}],"wp:term":[{"taxonomy":"product_brand","embeddable":true,"href":"https:\/\/staging.nbg.eu\/ro\/wp-json\/wp\/v2\/product_brand?post=275012"},{"taxonomy":"product_cat","embeddable":true,"href":"https:\/\/staging.nbg.eu\/ro\/wp-json\/wp\/v2\/product_cat?post=275012"},{"taxonomy":"product_tag","embeddable":true,"href":"https:\/\/staging.nbg.eu\/ro\/wp-json\/wp\/v2\/product_tag?post=275012"}],"curies":[{"name":"wp","href":"https:\/\/api.w.org\/{rel}","templated":true}]}}