{"id":274819,"date":"2025-03-03T19:50:37","date_gmt":"2025-03-03T19:50:37","guid":{"rendered":"https:\/\/staging.nbg.eu\/product\/daa-dry-fire-target-set-metric-uspsa\/"},"modified":"2025-03-20T10:18:31","modified_gmt":"2025-03-20T10:18:31","slug":"daa-set-tinte-antrenament-uscat-metric-uspsa","status":"publish","type":"product","link":"https:\/\/staging.nbg.eu\/ro\/produs\/daa-set-tinte-antrenament-uscat-metric-uspsa\/","title":{"rendered":"DAA Set Tinte Antrenament Uscat (Metric &#8211; USPSA)"},"content":{"rendered":"<div class=\"product-description\">\n<h2>Set de \u021binte DAA pentru antrenament f\u0103r\u0103 muni\u021bie (Metric &#8211; USPSA)<\/h2>\n<p>Set de \u021binte pentru antrenament. Acest pachet include 17 \u021binte USPSA Metric la scar\u0103 redus\u0103, pentru practic\u0103 \u00een interior.<\/p>\n<ul>\n<li>T\u0103iate cu laser din pl\u0103ci de lemn de 3mm<\/li>\n<li>Simuleaz\u0103 \u021binte la 15, 20 \u0219i 30 metri c\u00e2nd sunt plasate la 2,5-3 metri distan\u021b\u0103<\/li>\n<li>Trei dimensiuni: 32% (24cm), 20% (15cm) \u0219i 12% (9cm) din \u021bintele de dimensiuni normale<\/li>\n<li>Include \u021binte par\u021biale pentru diverse scenarii de antrenament<\/li>\n<li>G\u0103uri pentru ag\u0103\u021bare<\/li>\n<\/ul>\n<p>Pentru antrenament f\u0103r\u0103 muni\u021bie. Practica\u021bi acas\u0103 cu acest set de \u021binte.<\/p>\n<\/div>\n","protected":false},"excerpt":{"rendered":"<p>\u021ainte USPSA realiste \u0219i scalate pentru o practic\u0103 eficient\u0103 de tragere la sec acas\u0103.<\/p>\n","protected":false},"featured_media":235981,"template":"","meta":{"_acf_changed":false},"product_brand":[11281],"product_cat":[12793,12768],"product_tag":[],"class_list":{"0":"post-274819","1":"product","2":"type-product","3":"status-publish","4":"has-post-thumbnail","6":"product_brand-doublealpha","7":"product_cat-tinte","8":"product_cat-tinte-de-hartie","10":"first","11":"outofstock","12":"taxable","13":"shipping-taxable","14":"purchasable","15":"product-type-simple"},"acf":[],"_links":{"self":[{"href":"https:\/\/staging.nbg.eu\/ro\/wp-json\/wp\/v2\/product\/274819","targetHints":{"allow":["GET"]}}],"collection":[{"href":"https:\/\/staging.nbg.eu\/ro\/wp-json\/wp\/v2\/product"}],"about":[{"href":"https:\/\/staging.nbg.eu\/ro\/wp-json\/wp\/v2\/types\/product"}],"wp:featuredmedia":[{"embeddable":true,"href":"https:\/\/staging.nbg.eu\/ro\/wp-json\/wp\/v2\/media\/235981"}],"wp:attachment":[{"href":"https:\/\/staging.nbg.eu\/ro\/wp-json\/wp\/v2\/media?parent=274819"}],"wp:term":[{"taxonomy":"product_brand","embeddable":true,"href":"https:\/\/staging.nbg.eu\/ro\/wp-json\/wp\/v2\/product_brand?post=274819"},{"taxonomy":"product_cat","embeddable":true,"href":"https:\/\/staging.nbg.eu\/ro\/wp-json\/wp\/v2\/product_cat?post=274819"},{"taxonomy":"product_tag","embeddable":true,"href":"https:\/\/staging.nbg.eu\/ro\/wp-json\/wp\/v2\/product_tag?post=274819"}],"curies":[{"name":"wp","href":"https:\/\/api.w.org\/{rel}","templated":true}]}}