{"id":274682,"date":"2025-03-06T20:28:07","date_gmt":"2025-03-20T10:01:26","guid":{"rendered":"https:\/\/staging.nbg.eu\/product\/3m-peltor-protac-iii-slim-headset\/"},"modified":"2025-03-20T10:03:47","modified_gmt":"2025-03-20T10:03:47","slug":"casca-3m-peltor-protac-iii-slim","status":"publish","type":"product","link":"https:\/\/staging.nbg.eu\/ro\/produs\/casca-3m-peltor-protac-iii-slim\/","title":{"rendered":"Casca 3M PELTOR ProTac III Slim"},"content":{"rendered":"<div class=\"product-description\">\n<h2>C\u0103\u0219ti 3M\u2122 PELTOR\u2122 ProTac III Slim<\/h2>\n<p>C\u0103\u0219tile ProTac III Slim ofer\u0103 protec\u021bie auditiv\u0103. Acest set de c\u0103\u0219ti include:<\/p>\n<ul>\n<li>Rat\u0103 de reducere a zgomotului (NRR) de 23dB<\/li>\n<li>Microfoane pentru mediu pentru protec\u021bie auditiv\u0103 dependent\u0103 de nivel<\/li>\n<li>Capacitate de ascultare ambiental\u0103<\/li>\n<li>Tehnologie de limitare a sunetului la 82 dBA<\/li>\n<li>Intrare stereo de 3,5mm pentru dispozitive externe (telefoane mobile, radiouri, iPod-uri)<\/li>\n<\/ul>\n<p>Caracteristici:<\/p>\n<ul>\n<li>Design negru<\/li>\n<li>Band\u0103 de cap confortabil\u0103<\/li>\n<li>Conexiune cu fir<\/li>\n<\/ul>\n<p>Pentru profesioni\u0219tii care au nevoie de capacit\u0103\u021bi de comunicare \u0219i protec\u021bie auditiv\u0103.<\/p>\n<\/div>\n","protected":false},"excerpt":{"rendered":"<p>Protec\u021bie auditiv\u0103 inteligent\u0103 cu ascultare ambiental\u0103 \u0219i conectivitate la dispozitive.<\/p>\n","protected":false},"featured_media":245686,"template":"","meta":{"_acf_changed":false},"product_brand":[11028],"product_cat":[12762,12757],"product_tag":[],"class_list":{"0":"post-274682","1":"product","2":"type-product","3":"status-publish","4":"has-post-thumbnail","6":"product_brand-3m","7":"product_cat-echipament","8":"product_cat-protectie-auditiva","10":"first","11":"instock","12":"taxable","13":"shipping-taxable","14":"purchasable","15":"product-type-simple"},"acf":[],"_links":{"self":[{"href":"https:\/\/staging.nbg.eu\/ro\/wp-json\/wp\/v2\/product\/274682","targetHints":{"allow":["GET"]}}],"collection":[{"href":"https:\/\/staging.nbg.eu\/ro\/wp-json\/wp\/v2\/product"}],"about":[{"href":"https:\/\/staging.nbg.eu\/ro\/wp-json\/wp\/v2\/types\/product"}],"wp:featuredmedia":[{"embeddable":true,"href":"https:\/\/staging.nbg.eu\/ro\/wp-json\/wp\/v2\/media\/245686"}],"wp:attachment":[{"href":"https:\/\/staging.nbg.eu\/ro\/wp-json\/wp\/v2\/media?parent=274682"}],"wp:term":[{"taxonomy":"product_brand","embeddable":true,"href":"https:\/\/staging.nbg.eu\/ro\/wp-json\/wp\/v2\/product_brand?post=274682"},{"taxonomy":"product_cat","embeddable":true,"href":"https:\/\/staging.nbg.eu\/ro\/wp-json\/wp\/v2\/product_cat?post=274682"},{"taxonomy":"product_tag","embeddable":true,"href":"https:\/\/staging.nbg.eu\/ro\/wp-json\/wp\/v2\/product_tag?post=274682"}],"curies":[{"name":"wp","href":"https:\/\/api.w.org\/{rel}","templated":true}]}}