{"id":274548,"date":"2025-03-03T19:48:45","date_gmt":"2025-03-03T19:48:45","guid":{"rendered":"https:\/\/staging.nbg.eu\/product\/daa-dry-fire-target-set-classic-ipsc\/"},"modified":"2025-03-20T09:17:50","modified_gmt":"2025-03-20T09:17:50","slug":"daa-set-tinte-antrenament-uscat-classic-ipsc","status":"publish","type":"product","link":"https:\/\/staging.nbg.eu\/ro\/produs\/daa-set-tinte-antrenament-uscat-classic-ipsc\/","title":{"rendered":"DAA Set Tinte Antrenament Uscat (Classic-IPSC)"},"content":{"rendered":"<h2>Set de \u021binte pentru antrenament f\u0103r\u0103 muni\u021bie DAA (Clasic-IPSC)<\/h2>\n<p>Acest set de \u021binte pentru antrenament f\u0103r\u0103 muni\u021bie include 20 de \u021binte IPSC Clasice la scar\u0103 redus\u0103. Potrivite pentru practic\u0103 \u00een interior, aceste \u021binte din lemn t\u0103iate cu laser simuleaz\u0103 distan\u021be \u0219i imagini de ochire realiste.<\/p>\n<ul>\n<li>Pl\u0103ci din lemn de 3mm grosime pentru durabilitate<\/li>\n<li>Dimensiuni: 32% (18.5cm), 20% (11.5cm) \u0219i 12% (6.8cm) din m\u0103rimea real\u0103 a \u021bintelor<\/li>\n<li>Include 3 \u021binte mici tip popper \u0219i \u021binte par\u021biale<\/li>\n<li>G\u0103uri pentru at\u00e2rnare pentru instalare u\u0219oar\u0103<\/li>\n<\/ul>\n<p>\u00cembun\u0103t\u0103\u021bi\u021bi-v\u0103 tehnica de tragere f\u0103r\u0103 costuri de muni\u021bie sau timp pe poligon. Antrena\u021bi-v\u0103 cu propriul echipament \u0219i dezvolta\u021bi abilit\u0103\u021bi subcon\u0219tiente importante. Plasa\u021bi \u021bintele la 2.5-3 metri distan\u021b\u0103 pentru a simula distan\u021be de 15, 20 \u0219i 30 de metri. Perfec\u021biona\u021bi-v\u0103 imaginea de ochire \u0219i controlul tr\u0103gaciului \u00een confortul casei dumneavoastr\u0103.<\/p>\n<p>\u00cembun\u0103t\u0103\u021bi\u021bi-v\u0103 practica de antrenament f\u0103r\u0103 muni\u021bie cu Setul de \u021binte DAA.<\/p>\n","protected":false},"excerpt":{"rendered":"<p>\u021ainte IPSC realiste \u0219i la scar\u0103 pentru antrenament eficient de tragere \u00een gol acas\u0103.<\/p>\n","protected":false},"featured_media":235934,"template":"","meta":{"_acf_changed":false},"product_brand":[11281],"product_cat":[12793,12768],"product_tag":[],"class_list":{"0":"post-274548","1":"product","2":"type-product","3":"status-publish","4":"has-post-thumbnail","6":"product_brand-doublealpha","7":"product_cat-tinte","8":"product_cat-tinte-de-hartie","10":"first","11":"outofstock","12":"taxable","13":"shipping-taxable","14":"purchasable","15":"product-type-simple"},"acf":[],"_links":{"self":[{"href":"https:\/\/staging.nbg.eu\/ro\/wp-json\/wp\/v2\/product\/274548","targetHints":{"allow":["GET"]}}],"collection":[{"href":"https:\/\/staging.nbg.eu\/ro\/wp-json\/wp\/v2\/product"}],"about":[{"href":"https:\/\/staging.nbg.eu\/ro\/wp-json\/wp\/v2\/types\/product"}],"wp:featuredmedia":[{"embeddable":true,"href":"https:\/\/staging.nbg.eu\/ro\/wp-json\/wp\/v2\/media\/235934"}],"wp:attachment":[{"href":"https:\/\/staging.nbg.eu\/ro\/wp-json\/wp\/v2\/media?parent=274548"}],"wp:term":[{"taxonomy":"product_brand","embeddable":true,"href":"https:\/\/staging.nbg.eu\/ro\/wp-json\/wp\/v2\/product_brand?post=274548"},{"taxonomy":"product_cat","embeddable":true,"href":"https:\/\/staging.nbg.eu\/ro\/wp-json\/wp\/v2\/product_cat?post=274548"},{"taxonomy":"product_tag","embeddable":true,"href":"https:\/\/staging.nbg.eu\/ro\/wp-json\/wp\/v2\/product_tag?post=274548"}],"curies":[{"name":"wp","href":"https:\/\/api.w.org\/{rel}","templated":true}]}}